{"id":5113,"date":"2025-05-27T19:09:03","date_gmt":"2025-05-27T19:09:03","guid":{"rendered":"http:\/\/dpfc-ci.net\/?page_id=5113"},"modified":"2025-07-15T23:37:59","modified_gmt":"2025-07-15T23:37:59","slug":"pnapas-recensement-des-cppp-ayant-recu-une-moto-4","status":"publish","type":"page","link":"https:\/\/dpfc-ci.net\/?page_id=5113","title":{"rendered":"PNAPAS: Recensement des CPPP ayant re\u00e7u une moto"},"content":{"rendered":"<div id=\"pl-5113\"  class=\"panel-layout\" ><div id=\"pg-5113-0\"  class=\"panel-grid panel-no-style\" ><div id=\"pgc-5113-0-0\"  class=\"panel-grid-cell\" ><div id=\"panel-5113-0-0-0\" class=\"widget_text so-panel widget widget_custom_html panel-first-child panel-last-child\" data-index=\"0\" ><div class=\"textwidget custom-html-widget\"><div align=\"left\">\n\t<style>\n\t\t.esp-v {margin-top:8px;}\n\t<\/style>\n\t<form id=\"Formliste\" name=\"Formliste\" action=\"https:\/\/dpfc-ci.net\/wp-content\/themes\/iamsocial\/envoimotos.php\"  method=\"POST\">\n\t\t<div class=\"container-fluid\">\n\t\t\t<div class=\"row\">\n\t\t\t\t<div class=\"col-md-4 esp-v\">\n\t\t\t\t\t<select class=\"form-control\" id=\"drena\" name=\"drena\" onchange=\"updateIepp()\" required>\n\t\t\t\t\t\t<option value=\"\">DRENA<\/option>\n\t\t\t\t\t\t<option value=\"ABENGOUROU\">ABENGOUROU<\/option>\n\t\t\t\t\t\t<option value=\"ABIDJAN_1\">ABIDJAN_1<\/option>\n\t\t\t\t\t\t<option value=\"ABIDJAN_2\">ABIDJAN_2<\/option>\n\t\t\t\t\t\t<option value=\"ABIDJAN_3\">ABIDJAN_3<\/option>\n\t\t\t\t\t\t<option value=\"ABIDJAN_4\">ABIDJAN_4<\/option>\n\t\t\t\t\t\t<option value=\"ABOISSO\">ABOISSO<\/option>\n\t\t\t\t\t\t<option value=\"ADZOPE\">ADZOPE<\/option>\n\t\t\t\t\t\t<option value=\"AGBOVILLE\">AGBOVILLE<\/option>\n\t\t\t\t\t\t<option value=\"BONDOUKOU\">BONDOUKOU<\/option>\n\t\t\t\t\t\t<option value=\"BONGOUANOU\">BONGOUANOU<\/option>\n\t\t\t\t\t\t<option value=\"BOUAFLE\">BOUAFLE<\/option>\n\t\t\t\t\t\t<option value=\"BOUAKE_1\">BOUAKE_1<\/option>\n\t\t\t\t\t\t<option value=\"BOUAKE_2\">BOUAKE_2<\/option>\n\t\t\t\t\t\t<option value=\"BOUNA\">BOUNA<\/option>\n\t\t\t\t\t\t<option value=\"BOUNDIALI\">BOUNDIALI<\/option>\n\t\t\t\t\t\t<option value=\"DABOU\">DABOU<\/option>\n\t\t\t\t\t\t<option value=\"DALOA\">DALOA<\/option>\n\t\t\t\t\t\t<option value=\"DANANE\">DANANE<\/option>\n\t\t\t\t\t\t<option value=\"DAOUKRO\">DAOUKRO<\/option>\n\t\t\t\t\t\t<option value=\"DIMBOKRO\">DIMBOKRO<\/option>\n\t\t\t\t\t\t<option value=\"DIVO\">DIVO<\/option>\n\t\t\t\t\t\t<option value=\"DUEKOUE\">DUEKOUE<\/option>\n\t\t\t\t\t\t<option value=\"FERKESSEDOUGOU\">FERKESSEDOUGOU<\/option>\n\t\t\t\t\t\t<option value=\"GAGNOA\">GAGNOA<\/option>\n\t\t\t\t\t\t<option value=\"GRAND-BASSAM\">GRAND-BASSAM<\/option>\n\t\t\t\t\t\t<option value=\"GUIGLO\">GUIGLO<\/option>\n\t\t\t\t\t\t<option value=\"ISSIA\">ISSIA<\/option>\n\t\t\t\t\t\t<option value=\"KATIOLA\">KATIOLA<\/option>\n\t\t\t\t\t\t<option value=\"KORHOGO\">KORHOGO<\/option>\n\t\t\t\t\t\t<option value=\"MAN\">MAN<\/option>\n\t\t\t\t\t\t<option value=\"MANKONO\">MANKONO<\/option>\n\t\t\t\t\t\t<option value=\"MINIGNAN\">MINIGNAN<\/option>\n\t\t\t\t\t\t<option value=\"ODIENNE\">ODIENNE<\/option>\n\t\t\t\t\t\t<option value=\"SAN-PEDRO\">SAN-PEDRO<\/option>\n\t\t\t\t\t\t<option value=\"SASSANDRA\">SASSANDRA<\/option>\n\t\t\t\t\t\t<option value=\"SEGUELA\">SEGUELA<\/option>\n\t\t\t\t\t\t<option value=\"SINFRA\">SINFRA<\/option>\n\t\t\t\t\t\t<option value=\"SOUBRE\">SOUBRE<\/option>\n\t\t\t\t\t\t<option value=\"TIASSALE\">TIASSALE<\/option>\n\t\t\t\t\t\t<option value=\"TOUBA\">TOUBA<\/option>\n\t\t\t\t\t\t<option value=\"YAMOUSSOUKRO\">YAMOUSSOUKRO<\/option>\n\t\t\t\t\t<\/select>\n\t\t\t\t<\/div>\n\t\t\t\t<div class=\"col-md-4 esp-v\">\n\t\t\t\t\t<select class=\"form-control\" id=\"iepp\" name=\"iepp\" required>\n\t\t\t\t\t\t<option value=\"\">IEPP<\/option>\n\t\t\t\t\t<\/select>\n\t\t\t\t<\/div>\n\t\t\t\t<div class=\"col-md-4 esp-v\">\n\t\t\t\t\t<select class=\"form-control\" id=\"fonction\" name=\"fonctionemploi\" required>\n\t\t\t\t\t\t<option value=\"CPPP\" selected>CPPP<\/option>\n\t\t\t\t\t<\/select>\n\t\t\t\t<\/div>\n\t\t\t<\/div>\n\t\t\t<div class=\"row\">\n\t\t\t\t<div class=\"col-md-6 esp-v\">\n\t\t\t\t\t<input type=\"text\" class=\"form-control\" placeholder=\"Secteur P\u00e9dagogique\"  id=\"secteur\" name=\"secteur\" required>\n\t\t\t\t<\/div>\n\t\t\t<\/div>\n\t\t\t<div class=\"row\">\n\t\t\t\t<div class=\"col-md-4 esp-v\">\n\t\t\t\t\t<input type=\"text\" class=\"form-control\" placeholder=\"Nom\" id=\"nom\" name=\"nom\" required>\n\t\t\t\t<\/div>\n\t\t\t\t<div class=\"col-md-6 esp-v\">\n\t\t\t\t\t<input type=\"text\" class=\"form-control\" placeholder=\"Pr\u00e9noms\" id=\"prenoms\" name=\"prenoms\" required>\n\t\t\t\t<\/div>\n\t\t\t\t<div class=\"col-md-2 esp-v\">\n\t\t\t\t\t<input type=\"text\" class=\"form-control\"  minlength=\"7\" maxlength=\"7\" placeholder=\"Matricule\" id=\"matricule\" name=\"matricule\" required>\n\t\t\t\t<\/div>\n\t\t\t<\/div>\n\t\t\t<div class=\"row\">\n\t\t\t\t<div class=\"col-md-2 esp-v\">\n\t\t\t\t\t<select class=\"form-control\" id=\"genre\" name=\"genre\" required>\n\t\t\t\t\t\t<option value=\"\" disabled selected>Genre<\/option>\n\t\t\t\t\t\t<option value=\"Masculin\">Masculin<\/option>\n\t\t\t\t\t\t<option value=\"F\u00e9minin\">F\u00e9minin<\/option>\n\t\t\t\t\t<\/select>\n\t\t\t\t<\/div>\n\t\t\t\t<div class=\"col-md-3 esp-v\">\n\t\t\t\t\t<input type=\"tel\" class=\"form-control\" placeholder=\"T\u00e9l\u00e9phone\" id=\"phone\" inputmode=\"numeric\" pattern=\"\\d*\" name=\"phone\" minlength=\"10\" maxlength=\"10\" required>\n\t\t\t\t<\/div>\n\t\t\t\t<div class=\"col-md-3 esp-v\">\n\t\t\t\t\t<select class=\"form-control\" id=\"statut\" name=\"statut\" required>\n\t\t\t\t\t\t<option value=\"\" disabled selected>Source : CLEF\/PRSEB<\/option>\n\t\t\t\t\t\t<option value=\"CLEF\">CLEF<\/option>\n\t\t\t\t\t\t<option value=\"PRSEB\">PRSEB<\/option>\n\t\t\t\t\t<\/select>\n\t\t\t\t<\/div>\n\t\t\t\t<div class=\"col-md-4 esp-v\">\n\t\t\t\t\t<input type=\"text\" class=\"form-control\" placeholder=\"Immatriculation (moto)\" id=\"immatriculation\" name=\"immatriculation\" required>\n\t\t\t\t<\/div>\n\t\t\t<\/div>\n\t\t\t<div class=\"row\">\n\t\t\t\t<div align=\"right\" class=\"esp-v\">\n\t\t\t\t\t<button type=\"submit\" class=\"btn btn-success\">Envoyer<\/button>\n\t\t\t\t<\/div>\n\t\t\t<\/div>\n\t\t<\/div>\n\t<\/form>\n\t<script>\n\t\tfunction updateIepp() {\n\t\t\tconst drena = document.getElementById('drena').value;\n\t\t\tconst iepp = document.getElementById('iepp');\n\t\t\tiepp.innerHTML = '<option value=\"\">S\u00e9lectionnez IEPP<\/option>';\n\t\t\tconst ieppOptions = {\n\t\t\t\t'ABENGOUROU': ['IEPP ABENGOUROU CENTRE', 'IEPP ABENGOUROU INDENIE', 'IEPP AGNIBILEKROU', 'IEPP AMELEKIA', 'IEPP BETTIE', 'IEPP NIABLE', 'IEPP TANGUELAN', 'IEPP YAKASSE FEYASSE', 'IEPP ZARANOU'],\n\t\t\t\t'ABIDJAN_1': ['IEPP ADJAME 220 LOGEMENTS', 'IEPP ADJAME-MUNICIPALITE', 'IEPP BINGERVILLE', 'IEPP COCODY AKOUEDO', 'IEPP COCODY-ATTOBAN', 'IEPP COCODY-BLOCKHAUSS', 'IEPP COCODY-DEUX PLATEAUX', 'IEPP PLATEAU'],\n\t\t\t\t'ABIDJAN_2': ['IEPP BIETRY', 'IEPP KOUMASSI PRODOMO', 'IEPP KOUMASSI REMBLAIS', 'IEPP KOUMASSI SICOGI', 'IEPP MARCORY', 'IEPP PORT-BOUET', 'IEPP TREICHVILLE', 'IEPP VRIDI'],\n\t\t\t\t'ABIDJAN_3': ['IEPP ATTECOUBE', 'IEPP YOPOUGON ANANERAIE', 'IEPP YOPOUGON ANDOKOI', 'IEPP YOPOUGON CENTRE', 'IEPP YOPOUGON GESCO', 'IEPP YOPOUGON KOUTE', 'IEPP YOPOUGON MAROC', 'IEPP YOPOUGON NIANGON', 'IEPP YOPOUGON SELMER', 'IEPP YOPOUGON SIDECI', 'IEPP YOPOUGON SIPOREX', 'IEPP YOPOUGON SONGON', 'IEPP YOPOUGON TOIT ROUGE'],\n\t\t\t\t'ABIDJAN_4': ['IEPP ABOBO AGBEKOI', 'IEPP ABOBO AGNISSANKOI', 'IEPP ABOBO AVOCATIER', 'IEPP ABOBO BANCO', 'IEPP ABOBO HOUANTOUE', 'IEPP ABOBO PLATEAU DOKUI', 'IEPP ANONKOUA KOUTE', 'IEPP ANYAMA 1', 'IEPP ANYAMA 2'],\n\t\t\t\t'ABOISSO': ['IEPP ABOISSO', 'IEPP ADIAKE', 'IEPP AYAME', 'IEPP MAFERE', 'IEPP TIAPOUM'],\n\t\t\t\t'ADZOPE': ['IEPP ABOISSO-COMOE', 'IEPP ADZOPE 1', 'IEPP ADZOPE 2', 'IEPP AGOU', 'IEPP AKOUPE', 'IEPP ALEPE', 'IEPP YAKASSE-ATTOBROU'],\n\t\t\t\t'AGBOVILLE': ['IEPP AGBOVILLE 1', 'IEPP AGBOVILLE 2', 'IEPP AGBOVILLE 3', 'IEPP AZAGUIE', 'IEPP GRAND MORIE', 'IEPP RUBINO'],\n\t\t\t\t'BONDOUKOU': ['IEPP ASSUEFRY', 'IEPP BONDO', 'IEPP GOUMERE',  'IEPP YEZIMALA',  'IEPP BONDOUKOU 1', 'IEPP BONDOUKOU 2', 'IEPP KOUASSI-DATEKRO', 'IEPP KOUN-FAO', 'IEPP LAOUDIBA', 'IEPP SANDEGUE', 'IEPP SOROBANGO', 'IEPP TABAGNE', 'IEPP TANDA', 'IEPP TANKESSE', 'IEPP TAOUDI', 'IEPP TIEDIO', 'IEPP TRANSUA'],\n\t\t\t\t'BONGOUANOU': ['IEPP ANDE 1', 'IEPP ARRAH', 'IEPP BONGOUANOU', 'IEPP MBATTO', 'IEPP TIEMELEKRO'],\n\t\t\t\t'BOUAFLE': ['IEPP BONON', 'IEPP BOUAFLE CENTRE ', 'IEPP BOUAFLE NORD', 'IEPP BOUAFLE SUD', 'IEPP GOHITAFLA', 'IEPP KANZRA', 'IEPP ZAGUIETA', 'IEPP ZUENOULA'],\n\t\t\t\t'BOUAKE_1': ['IEPP BOUAKE AIR-FRANCE', 'IEPP BOUAKE-BELLEVILLE', 'IEPP BROBO', 'IEPP DJEBONOUA', 'IEPP MARABADIASSA'],\n\t\t\t\t'BOUAKE_2': ['IEPP AYAOU SRAN', 'IEPP BEOUMI 1', 'IEPP BEOUMI 2', 'IEPP BODOKRO', 'IEPP BOTRO', 'IEPP BOUAKE NGATTAKRO', 'IEPP BOUAKE SOKOURA', 'IEPP BOUAKE-GONFREVILLE', 'IEPP BOUAKE-KOKO', 'IEPP DIABO', 'IEPP SAKASSOU'],\n\t\t\t\t'BOUNA': ['IEPP BOUNA', 'IEPP DOROPO', 'IEPP NASSIAN', 'IEPP TEHINI'],\n\t\t\t\t'BOUNDIALI': ['IEPP BOUNDIALI', 'IEPP BOUNDIALI 2', 'IEPP GBON', 'IEPP KASSERE', 'IEPP KOLIA', 'IEPP KOUTO', 'IEPP TENGRELA'],\n\t\t\t\t'DABOU': ['IEPP DABOU 1', 'IEPP DABOU 2', 'IEPP EBONOU', 'IEPP GRAND-LAHOU', 'IEPP JACQUEVILLE', 'IEPP AHOUANOU'],\n\t\t\t\t'DALOA': ['IEPP BEDIALA', 'IEPP DALOA DIOULABOUGOU', 'IEPP DALOA GBEULIVILLE', 'IEPP DALOA KENEDY', 'IEPP DALOA SUD', 'IEPP DALOA TAZIBOUO', 'IEPP DALOA-LABIA', 'IEPP DANIA', 'IEPP GADOUAN', 'IEPP GBOGUHE', 'IEPP GONATE', 'IEPP KETRO-BASSAM', 'IEPP SEITIFLA', 'IEPP VAVOUA 1', 'IEPP VAVOUA 2', 'IEPP VAVOUA 3', 'IEPP ZOUKOUGBEU'],\n\t\t\t\t'DANANE': ['IEPP BANEU', 'IEPP BIN-HOUYE', 'IEPP DANANE', 'IEPP DANEU', 'IEPP KOUAN-HOULE', 'IEPP MAHAPLEU', 'IEPP TEAPLEU', 'IEPP ZOUHAN HOUNIEN'],\n\t\t\t\t'DAOUKRO': ['IEPP BONGUERA', 'IEPP DAOUKRO', 'IEPP ETTROKRO', 'IEPP MBAHIAKRO', 'IEPP OUELLE', 'IEPP PRIKRO'],\n\t\t\t\t'DIMBOKRO': ['IEPP BENGASSOU', 'IEPP BOCANDA', 'IEPP DIMBOKRO', 'IEPP DIMBOKRO 2', 'IEPP DIMBOKRO-NOFOU', 'IEPP KOUADIOBLEKRO', 'IEPP KOUASSI-KOUASSIKRO', 'IEPP NZEKREZESSOU'],\n\t\t\t\t'DIVO': ['IEPP DIVO 3', 'IEPP DIVO MUNICIPALITE', 'IEPP DIVO PLATEAU', 'IEPP GUITRY', 'IEPP HIRE', 'IEPP LAKOTA 2', 'IEPP LAKOTA-COMMERCE', 'IEPP NIAMBEZARIA', 'IEPP OGOUDOU', 'IEPP ZIKISSO'],\n\t\t\t\t'DUEKOUE': ['IEPP BANGOLO 1', 'IEPP BANGOLO 2 OU DIEOUZON', 'IEPP DUEKOUE', 'IEPP DUEKOUE 2', 'IEPP FACOBLY', 'IEPP GBAPLEU', 'IEPP GUEHIEBLY', 'IEPP GUEZON', 'IEPP KAEIN', 'IEPP KOUIBLY', 'IEPP SEMIEN'],\n\t\t\t\t'FERKESSEDOUGOU': ['IEPP DIAWALA', 'IEPP FERKESSEDOUGOU NORD', 'IEPP FERKESSEDOUGOU SUD', 'IEPP KONG', 'IEPP KOUMBALA', 'IEPP OUANGOLODOUGOU'],\n\t\t\t\t'GAGNOA': ['IEPP BAYOTA', 'IEPP DIEGONEFLA', 'IEPP DIGNAGO', 'IEPP GAGNOA LONACI', 'IEPP GAGNOA-DIOULABOUGOU', 'IEPP GALEBOUO', 'IEPP GNAGBODOUGNOA', 'IEPP GUEPAHIO', 'IEPP GUIBEROUA', 'IEPP OUME', 'IEPP OURAGAHIO', 'IEPP SERIHIO'],\n\t\t\t\t'GRAND-BASSAM': ['IEPP BONOUA', 'IEPP GRAND-BASSAM'],\n\t\t\t\t'GUIGLO': ['IEPP BLOLEQUIN', 'IEPP GUIGLO', 'IEPP GUIGLO 2', 'IEPP TAI', 'IEPP TOULEPLEU'],\n\t\t\t\t'ISSIA': ['IEPP IBOGUHE', 'IEPP ISSIA 1', 'IEPP ISSIA 2', 'IEPP NAHIO', 'IEPP NAMANE', 'IEPP SAIOUA'],\n\t\t\t\t'KATIOLA': ['IEPP BONIEREDOUGOU', 'IEPP DABAKALA', 'IEPP DABAKALA 2', 'IEPP FRONAN', 'IEPP KATIOLA', 'IEPP NIAKARAMADOUGOU', 'IEPP SATAMA SOKOURA', 'IEPP TAFIRE'],\n\t\t\t\t'KORHOGO': ['IEPP DIKODOUGOU', 'IEPP KAGBOLODOUGOU', 'IEPP KARAKORO', 'IEPP KORHOGO CENTRE', 'IEPP KORHOGO EST', 'IEPP KORHOGO NORD', 'IEPP KORHOGO SUD', 'IEPP MBENGUE', 'IEPP MBENGUE 2', 'IEPP NAPIE', 'IEPP NIOFOIN', 'IEPP SINEMATIALI', 'IEPP SIRASSO'],\n\t\t\t\t'MAN': ['IEPP BIANKOUMA', 'IEPP GBONNE', 'IEPP LOGOUALE', 'IEPP MAN DOYAGOUINE', 'IEPP MAN KOKO', 'IEPP MAN-LIBREVILLE', 'IEPP SANGOUINE', 'IEPP SIPILOU'],\n\t\t\t\t'MANKONO': ['IEPP DIANRA', 'IEPP KOUNAHIRI', 'IEPP MANKONO', 'IEPP MANKONO 2', 'IEPP SARHALA', 'IEPP TIENINGBOUE'],\n\t\t\t\t'MINIGNAN': ['IEPP KANIASSO', 'IEPP MINIGNAN'],\n\t\t\t\t'ODIENNE': ['IEPP BAKO', 'IEPP GBELEBAN', 'IEPP MADINANI', 'IEPP ODIENNE 1', 'IEPP ODIENNE 2', 'IEPP SEGUELON'],\n\t\t\t\t'SAN-PEDRO': ['IEPP DOBA', 'IEPP DOBGO', 'IEPP DJOUROUTOU', 'IEPP GABIAGUI', 'IEPP GRABO', 'IEPP GRAND-BEREBI', 'IEPP SAN-PEDRO BARDOT', 'IEPP SAN-PEDRO ZONE INDUSTRIELLE', 'IEPP SAN-PEDRO-SEWEKE', 'IEPP TABOU'],\n\t\t\t\t'SASSANDRA': ['IEPP DAKPADOU', 'IEPP FRESCO', 'IEPP LOBAKUYA', 'IEPP SAGO', 'IEPP SASSANDRA'],\n\t\t\t\t'SEGUELA': ['IEPP KANI', 'IEPP MASSALA', 'IEPP MORONDO', 'IEPP SEGUELA', 'IEPP SEGUELA 2', 'IEPP SIFIE', 'IEPP WOROFLA'],\n\t\t\t\t'SINFRA': ['IEPP BAZRE', 'IEPP KONONFLA', 'IEPP KOUETINFLA', 'IEPP SINFRA', 'IEPP SINFRA 2'],\n\t\t\t\t'SOUBRE': ['IEPP BUYO', 'IEPP BUYO 2', 'IEPP GRAND-ZATTRY', 'IEPP GUEYO', 'IEPP LILIYO', 'IEPP MAYO', 'IEPP MEAGUI', 'IEPP OKROUYO', 'IEPP OUPOYO', 'IEPP SOUBRE 1', 'IEPP SOUBRE 2', 'IEPP SOUBRE 3'],\n\t\t\t\t'TIASSALE': ['IEPP NDOUCI', 'IEPP SIKENSI', 'IEPP TAABO', 'IEPP TIASSALE 1', 'IEPP TIASSALE 2'],\n\t\t\t\t'TOUBA': ['IEPP GUINTEGUELA', 'IEPP KORO', 'IEPP OUANINOU', 'IEPP TOUBA'],\n\t\t\t\t'YAMOUSSOUKRO': ['IEPP ATTIEGOUAKRO', 'IEPP DIDIEVI', 'IEPP DJEKANOU', 'IEPP KOKOUMBO', 'IEPP LOMOKANKRO', 'IEPP RAVIART', 'IEPP TIEBISSOU', 'IEPP TOUMODI', 'IEPP YAMOUSSOUKRO-FONDATION', 'IEPP YAMOUSSOUKRO-MOROFE', 'IEPP YAMOUSSOUKRO-SINZIBO']\n\n\t\t\t};\n\t\t\tif (ieppOptions[drena]) {\n\t\t\t\tieppOptions[drena].forEach(function(item) {\n\t\t\t\t\tconst option = document.createElement('option');\n\t\t\t\t\toption.value = item;\n\t\t\t\t\toption.textContent = item;\n\t\t\t\t\tiepp.appendChild(option);\n\t\t\t\t});\n\t\t\t}\n\t\t}\n\t<\/script>\n\t<script>\n\t\tdocument.getElementById('phone').addEventListener('input', function (e) {\n\t\t\tthis.value = this.value.replace(\/[^0-9]\/g, '');\n\t\t});\n\t<\/script>\n<!--\n\t<script>\n\t\tdocument.addEventListener(\"DOMContentLoaded\", function () {\n\t\t\tconst fonctionSelect = document.getElementById(\"fonction\");\n\t\t\tconst secteurInput = document.getElementById(\"secteur\");\n\t\t\tconst ieppDiv = document.getElementById(\"ieppdiv\");\n\t\t\tconst classeDiv = document.getElementById(\"classetenueID\");\n\t\t\tconst eppInput = document.getElementById(\"epp\");\n\t\t\tconst coursSelect = document.getElementById(\"cours\");\n\n\t\t\tfunction toggleVisibility() {\n\t\t\t\tconst selectedValue = fonctionSelect.value;\n\t\t\t\tconst showFields = [\"DEP\", \"IA\", \"IO\"].includes(selectedValue);\n\t\t\t\tconst enableSecteur = [\"CPPP\", \"DEP\", \"IA\", \"IO\"].includes(selectedValue);\n\n\t\t\t\t\/\/ Affichage ou non de certains champs\n\t\t\t\tieppDiv.style.display = showFields ? \"block\" : \"none\";\n\t\t\t\tclasseDiv.style.display = showFields ? \"block\" : \"none\";\n\t\t\t\teppInput.required = showFields;\n\t\t\t\tcoursSelect.required = showFields;\n\n\t\t\t\t\/\/ Gestion du champ 'secteur'\n\t\t\t\tsecteurInput.disabled = !enableSecteur;\n\t\t\t\tsecteurInput.required = enableSecteur;\n\t\t\t\tif (!enableSecteur) {\n\t\t\t\t\tsecteurInput.value = \"\"; \/\/ R\u00e9initialise le champ si d\u00e9sactiv\u00e9\n\t\t\t\t}\n\t\t\t}\n\n\t\t\t\/\/ Ex\u00e9cution au changement\n\t\t\tfonctionSelect.addEventListener(\"change\", toggleVisibility);\n\n\t\t\t\/\/ Ex\u00e9cution au chargement initial\n\t\t\ttoggleVisibility();\n\t\t});\n\t<\/script> -->\n\n<\/div>\n<\/div><\/div><\/div><\/div><\/div>","protected":false},"excerpt":{"rendered":"<p>DRENA ABENGOUROU ABIDJAN_1 ABIDJAN_2 ABIDJAN_3 ABIDJAN_4 ABOISSO ADZOPE AGBOVILLE BONDOUKOU BONGOUANOU BOUAFLE BOUAKE_1 BOUAKE_2 BOUNA BOUNDIALI DABOU DALOA DANANE DAOUKRO DIMBOKRO DIVO DUEKOUE FERKESSEDOUGOU GAGNOA GRAND-BASSAM GUIGLO ISSIA KATIOLA KORHOGO MAN MANKONO MINIGNAN ODIENNE SAN-PEDRO SASSANDRA SEGUELA SINFRA SOUBRE TIASSALE TOUBA YAMOUSSOUKRO IEPP CPPP Genre Masculin F\u00e9minin Source : CLEF\/PRSEB CLEF PRSEB Envoyer<\/p>\n","protected":false},"author":1,"featured_media":0,"parent":0,"menu_order":0,"comment_status":"closed","ping_status":"closed","template":"cpppmoto.php","meta":{"footnotes":""},"class_list":["post-5113","page","type-page","status-publish","hentry"],"_links":{"self":[{"href":"https:\/\/dpfc-ci.net\/index.php?rest_route=\/wp\/v2\/pages\/5113","targetHints":{"allow":["GET"]}}],"collection":[{"href":"https:\/\/dpfc-ci.net\/index.php?rest_route=\/wp\/v2\/pages"}],"about":[{"href":"https:\/\/dpfc-ci.net\/index.php?rest_route=\/wp\/v2\/types\/page"}],"author":[{"embeddable":true,"href":"https:\/\/dpfc-ci.net\/index.php?rest_route=\/wp\/v2\/users\/1"}],"replies":[{"embeddable":true,"href":"https:\/\/dpfc-ci.net\/index.php?rest_route=%2Fwp%2Fv2%2Fcomments&post=5113"}],"version-history":[{"count":18,"href":"https:\/\/dpfc-ci.net\/index.php?rest_route=\/wp\/v2\/pages\/5113\/revisions"}],"predecessor-version":[{"id":5235,"href":"https:\/\/dpfc-ci.net\/index.php?rest_route=\/wp\/v2\/pages\/5113\/revisions\/5235"}],"wp:attachment":[{"href":"https:\/\/dpfc-ci.net\/index.php?rest_route=%2Fwp%2Fv2%2Fmedia&parent=5113"}],"curies":[{"name":"wp","href":"https:\/\/api.w.org\/{rel}","templated":true}]}}