{"id":4693,"date":"2024-01-19T08:07:16","date_gmt":"2024-01-19T08:07:16","guid":{"rendered":"http:\/\/dpfc-ci.net\/?page_id=4693"},"modified":"2025-09-26T23:30:32","modified_gmt":"2025-09-26T23:30:32","slug":"fiches-tp-pc-svt","status":"publish","type":"page","link":"https:\/\/dpfc-ci.net\/?page_id=4693","title":{"rendered":"Fiches de Travaux Pratiques de Physique-Chimie"},"content":{"rendered":"<div id=\"pl-gb4693-69e155199502c\"  class=\"panel-layout wp-block-siteorigin-panels-layout-block\" ><div id=\"pg-gb4693-69e155199502c-0\"  class=\"panel-grid panel-no-style\" ><div id=\"pgc-gb4693-69e155199502c-0-0\"  class=\"panel-grid-cell\" ><div id=\"panel-gb4693-69e155199502c-0-0-0\" class=\"so-panel widget widget_sow-accordion panel-first-child panel-last-child\" data-index=\"0\" ><div\n\t\t\t\n\t\t\tclass=\"so-widget-sow-accordion so-widget-sow-accordion-default-2b55ed2807e6-4693\"\n\t\t\t\n\t\t><h3 class=\"widget-title\">Pour les enseignants de Physique-Chimie<\/h3><div>\n\t<div class=\"sow-accordion\">\n\t\t\t<div class=\"sow-accordion-panel\n\t\t\t\t\t\"\n\t\t\t\tdata-anchor-id=\"fiches-de-travaux-pratiques-de-physique-chimie-6e\">\n\t\t\t\t\t<div class=\"sow-accordion-panel-header-container\" role=\"heading\" aria-level=\"2\">\n\t\t\t\t\t<div class=\"sow-accordion-panel-header\" tabindex=\"0\" role=\"button\" id=\"accordion-label-fiches-de-travaux-pratiques-de-physique-chimie-6%c3%a8\" aria-controls=\"accordion-content-fiches-de-travaux-pratiques-de-physique-chimie-6%c3%a8\" aria-expanded=\"false\">\n\t\t\t\t\t\t<div class=\"sow-accordion-title sow-accordion-title-icon-left\">\n\t\t\t\t\t\t\t\t\t\t\t\t\t\tFiches de Travaux Pratiques de Physique-Chimie &#8211; 6\u00e8\t\t\t\t\t\t\t\t\t\t\t\t\t<\/div>\n\t\t\t\t\t\t<div class=\"sow-accordion-open-close-button\">\n\t\t\t\t\t\t\t<div class=\"sow-accordion-open-button\">\n\t\t\t\t\t\t\t\t<span class=\"sow-icon-ionicons\" data-sow-icon=\"&#xf218;\"\n\t\t \n\t\taria-hidden=\"true\"><\/span>\t\t\t\t\t\t\t<\/div>\n\t\t\t\t\t\t\t<div class=\"sow-accordion-close-button\">\n\t\t\t\t\t\t\t\t<span class=\"sow-icon-ionicons\" data-sow-icon=\"&#xf209;\"\n\t\t \n\t\taria-hidden=\"true\"><\/span>\t\t\t\t\t\t\t<\/div>\n\t\t\t\t\t\t<\/div>\n\t\t\t\t\t<\/div>\n\t\t\t\t<\/div>\n\n\t\t\t<div\n\t\t\t\tclass=\"sow-accordion-panel-content\"\n\t\t\t\trole=\"region\"\n\t\t\t\taria-labelledby=\"accordion-label-fiches-de-travaux-pratiques-de-physique-chimie-6%c3%a8\"\n\t\t\t\tid=\"accordion-content-fiches-de-travaux-pratiques-de-physique-chimie-6%c3%a8\"\n\t\t\t\tstyle=\"display: none;\"\t\t\t>\n\t\t\t\t<div class=\"sow-accordion-panel-border\">\n\t\t\t\t\t<p><strong><a href=\"https:\/\/dpfc-ci.net\/fiches_tp\/fiches_tp_pc\/TP%206%C3%A8.zip\">T\u00e9l\u00e9charger<\/a><\/strong><\/p>\n<ul>\n<li>FICHE 1 : Le circuit \u00e9lectrique<\/li>\n<li>FICHE 2 : Commande d&rsquo;un circuit \u00e9lectrique<\/li>\n<li>FICHE 3 : Court-circuit et protection des installations \u00e9lectriques<\/li>\n<li>FICHE 4 : Propri\u00e9t\u00e9s des liquides<\/li>\n<li>FICHE 5 : Les Gaz<\/li>\n<li>FICHE 6 : Temp\u00e9rature d&rsquo;un corps<\/li>\n<li>FICHE 7 : Les changements d&rsquo;\u00e9tat de l&rsquo;eau<\/li>\n<li>FICHE 8 : Les constituants de l&rsquo;air<\/li>\n<li>FICHE 9 : Combustion d&rsquo;un solide et d&rsquo;un liquide dans l&rsquo;air<\/li>\n<li>FICHE 10 : Combustion d&rsquo;un gaz dans l&rsquo;air<\/li>\n<li>FICHE 11 : Dangers des combustions<\/li>\n<li>FICHE 12 : Volume d&rsquo;un liquide et d&rsquo;un solide<\/li>\n<li>FICHE 13 : Masse d&rsquo;un solide et d&rsquo;un liquide<\/li>\n<\/ul>\n<p><strong><a href=\"https:\/\/dpfc-ci.net\/fiches_tp\/fiches_tp_pc\/TP%206%C3%A8.zip\">T\u00e9l\u00e9charger<\/a><\/strong><\/p>\n\t\t\t\t<\/div>\n\t\t\t<\/div>\n\t\t<\/div>\n\t\t\t<div class=\"sow-accordion-panel\n\t\t\t\t\t\"\n\t\t\t\tdata-anchor-id=\"fiches-de-travaux-pratiques-de-physique-chimie-5e\">\n\t\t\t\t\t<div class=\"sow-accordion-panel-header-container\" role=\"heading\" aria-level=\"2\">\n\t\t\t\t\t<div class=\"sow-accordion-panel-header\" tabindex=\"0\" role=\"button\" id=\"accordion-label-fiches-de-travaux-pratiques-de-physique-chimie-5%c3%a8\" aria-controls=\"accordion-content-fiches-de-travaux-pratiques-de-physique-chimie-5%c3%a8\" aria-expanded=\"false\">\n\t\t\t\t\t\t<div class=\"sow-accordion-title sow-accordion-title-icon-left\">\n\t\t\t\t\t\t\t\t\t\t\t\t\t\tFiches de Travaux Pratiques de Physique-Chimie &#8211; 5\u00e8\t\t\t\t\t\t\t\t\t\t\t\t\t<\/div>\n\t\t\t\t\t\t<div class=\"sow-accordion-open-close-button\">\n\t\t\t\t\t\t\t<div class=\"sow-accordion-open-button\">\n\t\t\t\t\t\t\t\t<span class=\"sow-icon-ionicons\" data-sow-icon=\"&#xf218;\"\n\t\t \n\t\taria-hidden=\"true\"><\/span>\t\t\t\t\t\t\t<\/div>\n\t\t\t\t\t\t\t<div class=\"sow-accordion-close-button\">\n\t\t\t\t\t\t\t\t<span class=\"sow-icon-ionicons\" data-sow-icon=\"&#xf209;\"\n\t\t \n\t\taria-hidden=\"true\"><\/span>\t\t\t\t\t\t\t<\/div>\n\t\t\t\t\t\t<\/div>\n\t\t\t\t\t<\/div>\n\t\t\t\t<\/div>\n\n\t\t\t<div\n\t\t\t\tclass=\"sow-accordion-panel-content\"\n\t\t\t\trole=\"region\"\n\t\t\t\taria-labelledby=\"accordion-label-fiches-de-travaux-pratiques-de-physique-chimie-5%c3%a8\"\n\t\t\t\tid=\"accordion-content-fiches-de-travaux-pratiques-de-physique-chimie-5%c3%a8\"\n\t\t\t\tstyle=\"display: none;\"\t\t\t>\n\t\t\t\t<div class=\"sow-accordion-panel-border\">\n\t\t\t\t\t<p><a href=\"https:\/\/dpfc-ci.net\/fiches_tp\/fiches_tp_pc\/TP%205%C3%A8.zip\"><strong>T\u00e9l\u00e9charger<\/strong><\/a><\/p>\n<ul>\n<li>FICHE 1 : Adaptation d&rsquo;un g\u00e9n\u00e9rateur \u00e0 un r\u00e9cepteur<\/li>\n<li>FICHE 2 : Association de lampes \u00e9lectriques<\/li>\n<li>FICHE 3 Association de piles en s\u00e9rie<\/li>\n<li>FICHE 4 : Intensit\u00e9 du courant \u00e9lectrique<\/li>\n<li>FICHE 5 : Tension \u00e9lectrique<\/li>\n<li>FICHE 6 : Pression atmosph\u00e9rique<\/li>\n<li>FICHE 7 : Les m\u00e9langes<\/li>\n<li>FICHE 8 : Combustion du carbone et du soufre<\/li>\n<li>FICHE 9 : Dilatation des solides<\/li>\n<li>FICHE 10 : Dilatation des liquides<\/li>\n<li>FICHE 11 : Dilatation des gaz<\/li>\n<\/ul>\n<p><a href=\"https:\/\/dpfc-ci.net\/fiches_tp\/fiches_tp_pc\/TP%205%C3%A8.zip\"><strong>T\u00e9l\u00e9charger<\/strong><\/a><\/p>\n\t\t\t\t<\/div>\n\t\t\t<\/div>\n\t\t<\/div>\n\t\t\t<div class=\"sow-accordion-panel\n\t\t\t\t\t\"\n\t\t\t\tdata-anchor-id=\"fiches-de-travaux-pratiques-de-physique-chimie-4e\">\n\t\t\t\t\t<div class=\"sow-accordion-panel-header-container\" role=\"heading\" aria-level=\"2\">\n\t\t\t\t\t<div class=\"sow-accordion-panel-header\" tabindex=\"0\" role=\"button\" id=\"accordion-label-fiches-de-travaux-pratiques-de-physique-chimie-4%c3%a8\" aria-controls=\"accordion-content-fiches-de-travaux-pratiques-de-physique-chimie-4%c3%a8\" aria-expanded=\"false\">\n\t\t\t\t\t\t<div class=\"sow-accordion-title sow-accordion-title-icon-left\">\n\t\t\t\t\t\t\t\t\t\t\t\t\t\tFiches de Travaux Pratiques de Physique-Chimie &#8211; 4\u00e8\t\t\t\t\t\t\t\t\t\t\t\t\t<\/div>\n\t\t\t\t\t\t<div class=\"sow-accordion-open-close-button\">\n\t\t\t\t\t\t\t<div class=\"sow-accordion-open-button\">\n\t\t\t\t\t\t\t\t<span class=\"sow-icon-ionicons\" data-sow-icon=\"&#xf218;\"\n\t\t \n\t\taria-hidden=\"true\"><\/span>\t\t\t\t\t\t\t<\/div>\n\t\t\t\t\t\t\t<div class=\"sow-accordion-close-button\">\n\t\t\t\t\t\t\t\t<span class=\"sow-icon-ionicons\" data-sow-icon=\"&#xf209;\"\n\t\t \n\t\taria-hidden=\"true\"><\/span>\t\t\t\t\t\t\t<\/div>\n\t\t\t\t\t\t<\/div>\n\t\t\t\t\t<\/div>\n\t\t\t\t<\/div>\n\n\t\t\t<div\n\t\t\t\tclass=\"sow-accordion-panel-content\"\n\t\t\t\trole=\"region\"\n\t\t\t\taria-labelledby=\"accordion-label-fiches-de-travaux-pratiques-de-physique-chimie-4%c3%a8\"\n\t\t\t\tid=\"accordion-content-fiches-de-travaux-pratiques-de-physique-chimie-4%c3%a8\"\n\t\t\t\tstyle=\"display: none;\"\t\t\t>\n\t\t\t\t<div class=\"sow-accordion-panel-border\">\n\t\t\t\t\t<p><a href=\"https:\/\/dpfc-ci.net\/fiches_tp\/fiches_tp_pc\/TP%204%C3%A8.zip\"><strong>T\u00e9l\u00e9charger<\/strong><\/a><\/p>\n<ul>\n<li>FICHE 1 : Sources et R\u00e9cepteurs de lumi\u00e8re<\/li>\n<li>FICHE 2 : Propagation de la lumi\u00e8re<\/li>\n<li>FICHE 3 : Les Phases de la lune et les \u00e9clipses<\/li>\n<li>FICHE 4 : Analyse et synth\u00e8se de la lumi\u00e8re blanche<\/li>\n<li>FICHE 5 : Aimant et bobine<\/li>\n<li>FICHE 6 : Production d\u2019une tension alternative<\/li>\n<li>FICHE 7 : Tension alternative sinuso\u00efdale<\/li>\n<li>FICHE 8 : Dangers du courant du secteur<\/li>\n<li>FICHE 9 : Transformation, redressement et lissage d\u2019une tension alternative sinuso\u00efdale<\/li>\n<li>FICHE 10 : Atomes et ions<\/li>\n<li>FICHE 11 : Transformation d&rsquo;un m\u00e9tal en ion et inversement<\/li>\n<li>FICHE 12 : Traitement de l&rsquo;eau<\/li>\n<li>FICHE 13 : Qualit\u00e9 de l&rsquo;eau<\/li>\n<\/ul>\n<p><a href=\"https:\/\/dpfc-ci.net\/fiches_tp\/fiches_tp_pc\/TP%204%C3%A8.zip\"><strong>T\u00e9l\u00e9charger<\/strong><\/a><\/p>\n\t\t\t\t<\/div>\n\t\t\t<\/div>\n\t\t<\/div>\n\t\t\t<div class=\"sow-accordion-panel\n\t\t\t\t\t\"\n\t\t\t\tdata-anchor-id=\"fiches-de-travaux-pratiques-de-physique-chimie-3e\">\n\t\t\t\t\t<div class=\"sow-accordion-panel-header-container\" role=\"heading\" aria-level=\"2\">\n\t\t\t\t\t<div class=\"sow-accordion-panel-header\" tabindex=\"0\" role=\"button\" id=\"accordion-label-fiches-de-travaux-pratiques-de-physique-chimie-3%c3%a8\" aria-controls=\"accordion-content-fiches-de-travaux-pratiques-de-physique-chimie-3%c3%a8\" aria-expanded=\"false\">\n\t\t\t\t\t\t<div class=\"sow-accordion-title sow-accordion-title-icon-left\">\n\t\t\t\t\t\t\t\t\t\t\t\t\t\tFiches de Travaux Pratiques de Physique-Chimie &#8211; 3\u00e8\t\t\t\t\t\t\t\t\t\t\t\t\t<\/div>\n\t\t\t\t\t\t<div class=\"sow-accordion-open-close-button\">\n\t\t\t\t\t\t\t<div class=\"sow-accordion-open-button\">\n\t\t\t\t\t\t\t\t<span class=\"sow-icon-ionicons\" data-sow-icon=\"&#xf218;\"\n\t\t \n\t\taria-hidden=\"true\"><\/span>\t\t\t\t\t\t\t<\/div>\n\t\t\t\t\t\t\t<div class=\"sow-accordion-close-button\">\n\t\t\t\t\t\t\t\t<span class=\"sow-icon-ionicons\" data-sow-icon=\"&#xf209;\"\n\t\t \n\t\taria-hidden=\"true\"><\/span>\t\t\t\t\t\t\t<\/div>\n\t\t\t\t\t\t<\/div>\n\t\t\t\t\t<\/div>\n\t\t\t\t<\/div>\n\n\t\t\t<div\n\t\t\t\tclass=\"sow-accordion-panel-content\"\n\t\t\t\trole=\"region\"\n\t\t\t\taria-labelledby=\"accordion-label-fiches-de-travaux-pratiques-de-physique-chimie-3%c3%a8\"\n\t\t\t\tid=\"accordion-content-fiches-de-travaux-pratiques-de-physique-chimie-3%c3%a8\"\n\t\t\t\tstyle=\"display: none;\"\t\t\t>\n\t\t\t\t<div class=\"sow-accordion-panel-border\">\n\t\t\t\t\t<p><a href=\"https:\/\/dpfc-ci.net\/fiches_tp\/fiches_tp_pc\/TP%203%C3%A8.zip\"><strong>T\u00e9l\u00e9charger<\/strong><\/a><\/p>\n<ul>\n<li>FICHE 1 : Lentilles convergentes<\/li>\n<li>FICHE 2 : Masse et poids d&rsquo;un corps<\/li>\n<li>FICHE 3 : Les forces<\/li>\n<li>FICHE 4 : \u00c9quilibre d&rsquo;un solide soumis \u00e0 deux forces<\/li>\n<li>FICHE 5 : \u00c9nergie m\u00e9canique<\/li>\n<li>FICHE 6 : Puissance et \u00e9nergie \u00e9lectriques<\/li>\n<li>FICHE 7 : Le conducteur ohmique<\/li>\n<li>FICHE 8 : \u00c9lectrolyse et synth\u00e8se de l&rsquo;eau<\/li>\n<li>FICHE 9 : Les alcanes<\/li>\n<li>FICHE 10 : Oxydation des corps purs simples<\/li>\n<li>FICHE 11 : R\u00e9duction des oxydes<\/li>\n<li>FICHE 12 : Solutions acides basiques et neutres<\/li>\n<\/ul>\n<p><a style=\"background-color: #ffffff;\" href=\"https:\/\/dpfc-ci.net\/fiches_tp\/fiches_tp_pc\/TP%203%C3%A8.zip\" target=\"_blank\" rel=\"noopener\"><strong>T\u00e9l\u00e9charger<\/strong><\/a><\/p>\n\t\t\t\t<\/div>\n\t\t\t<\/div>\n\t\t<\/div>\n\t\t\t<div class=\"sow-accordion-panel\n\t\t\t\t\t\"\n\t\t\t\tdata-anchor-id=\"fiches-de-travaux-pratiques-de-physique-chimie-2nd-ac\">\n\t\t\t\t\t<div class=\"sow-accordion-panel-header-container\" role=\"heading\" aria-level=\"2\">\n\t\t\t\t\t<div class=\"sow-accordion-panel-header\" tabindex=\"0\" role=\"button\" id=\"accordion-label-fiches-de-travaux-pratiques-de-physique-chimie-2nd-ac\" aria-controls=\"accordion-content-fiches-de-travaux-pratiques-de-physique-chimie-2nd-ac\" aria-expanded=\"false\">\n\t\t\t\t\t\t<div class=\"sow-accordion-title sow-accordion-title-icon-left\">\n\t\t\t\t\t\t\t\t\t\t\t\t\t\tFiches de Travaux Pratiques de Physique-Chimie &#8211; 2nd AC\t\t\t\t\t\t\t\t\t\t\t\t\t<\/div>\n\t\t\t\t\t\t<div class=\"sow-accordion-open-close-button\">\n\t\t\t\t\t\t\t<div class=\"sow-accordion-open-button\">\n\t\t\t\t\t\t\t\t<span class=\"sow-icon-ionicons\" data-sow-icon=\"&#xf218;\"\n\t\t \n\t\taria-hidden=\"true\"><\/span>\t\t\t\t\t\t\t<\/div>\n\t\t\t\t\t\t\t<div class=\"sow-accordion-close-button\">\n\t\t\t\t\t\t\t\t<span class=\"sow-icon-ionicons\" data-sow-icon=\"&#xf209;\"\n\t\t \n\t\taria-hidden=\"true\"><\/span>\t\t\t\t\t\t\t<\/div>\n\t\t\t\t\t\t<\/div>\n\t\t\t\t\t<\/div>\n\t\t\t\t<\/div>\n\n\t\t\t<div\n\t\t\t\tclass=\"sow-accordion-panel-content\"\n\t\t\t\trole=\"region\"\n\t\t\t\taria-labelledby=\"accordion-label-fiches-de-travaux-pratiques-de-physique-chimie-2nd-ac\"\n\t\t\t\tid=\"accordion-content-fiches-de-travaux-pratiques-de-physique-chimie-2nd-ac\"\n\t\t\t\tstyle=\"display: none;\"\t\t\t>\n\t\t\t\t<div class=\"sow-accordion-panel-border\">\n\t\t\t\t\t<p><a href=\"https:\/\/dpfc-ci.net\/fiches_tp\/fiches_tp_pc\/TP%202nd%20AC.zip\"><strong>T\u00e9l\u00e9charger<\/strong><\/a><\/p>\n<ul>\n<li><strong>CHIMIE\u00a0<\/strong>\n<ul>\n<li>FICHE 1 : Tests d&rsquo;identification de quelques ions<\/li>\n<li>FICHE 2 : pH de solutions aqueuses<\/li>\n<li>FICHE 3 : Notion d&rsquo;\u00e9l\u00e9ment chimique<\/li>\n<li>FICHE 4 : Ions en solution aqueuse<\/li>\n<li>FICHE 5 : Caract\u00e8res acide et basique d&rsquo;une solution<\/li>\n<li>FICHE 6 : Dosage<\/li>\n<\/ul>\n<\/li>\n<li><strong>\u00c9LECTRICIT\u00c9-\u00c9LECTRONIQUE<\/strong>\n<ul>\n<li>FICHE 1 : Le courant \u00e9lectrique<\/li>\n<li>FICHE 2 : Intensit\u00e9 du courant \u00e9lectrique<\/li>\n<li>FICHE 3 : Tension \u00e9lectrique<\/li>\n<li>FICHE 4 : Oscilloscope<\/li>\n<li>FICHE 5 : Comportement \u00e9lectrique d&rsquo;un conducteur ohmique<\/li>\n<li>FICHE 6 : Utilisation du transistor en amplificateur de courant<\/li>\n<li>FICHE 7 : Point\u00a0 de fonctionnement<\/li>\n<li>FICHE 8 : Comportement diode Zener<\/li>\n<\/ul>\n<\/li>\n<li><strong>M\u00c9CANIQUE<\/strong>\n<ul>\n<li>FICHE 1 : Nature du mouvement<\/li>\n<li>FICHE 2 : Actions m\u00e9caniques<\/li>\n<li>FICHE 3 : \u00c9quilibre solide soumis \u00e0 2 forces<\/li>\n<li>FICHE 4 : \u00c9quilibre solide soumis \u00e0 3 forces<\/li>\n<li>FICHE 5 : \u00c9quilibre solide pouvant tourner<\/li>\n<li>FICHE 6 : Principe de l&rsquo;inertie<\/li>\n<li>FICHE 7 : Quantit\u00e9 de mouvement<\/li>\n<\/ul>\n<\/li>\n<\/ul>\n<p><a style=\"background-color: #ffffff;\" href=\"https:\/\/dpfc-ci.net\/fiches_tp\/fiches_tp_pc\/TP%202nd%20AC.zip\" rel=\"noopener\"><strong>T\u00e9l\u00e9charger<\/strong><\/a><\/p>\n\t\t\t\t<\/div>\n\t\t\t<\/div>\n\t\t<\/div>\n\t\t\t<div class=\"sow-accordion-panel\n\t\t\t\t\t\"\n\t\t\t\tdata-anchor-id=\"fiches-de-travaux-pratiques-de-physique-chimie-1ere-cde-chimie\">\n\t\t\t\t\t<div class=\"sow-accordion-panel-header-container\" role=\"heading\" aria-level=\"2\">\n\t\t\t\t\t<div class=\"sow-accordion-panel-header\" tabindex=\"0\" role=\"button\" id=\"accordion-label-fiches-de-travaux-pratiques-de-physique-chimie-1%c3%a8re-cde-chimie\" aria-controls=\"accordion-content-fiches-de-travaux-pratiques-de-physique-chimie-1%c3%a8re-cde-chimie\" aria-expanded=\"false\">\n\t\t\t\t\t\t<div class=\"sow-accordion-title sow-accordion-title-icon-left\">\n\t\t\t\t\t\t\t\t\t\t\t\t\t\tFiches de Travaux Pratiques de Physique-Chimie &#8211; 1\u00e8re CDE Chimie\t\t\t\t\t\t\t\t\t\t\t\t\t<\/div>\n\t\t\t\t\t\t<div class=\"sow-accordion-open-close-button\">\n\t\t\t\t\t\t\t<div class=\"sow-accordion-open-button\">\n\t\t\t\t\t\t\t\t<span class=\"sow-icon-ionicons\" data-sow-icon=\"&#xf218;\"\n\t\t \n\t\taria-hidden=\"true\"><\/span>\t\t\t\t\t\t\t<\/div>\n\t\t\t\t\t\t\t<div class=\"sow-accordion-close-button\">\n\t\t\t\t\t\t\t\t<span class=\"sow-icon-ionicons\" data-sow-icon=\"&#xf209;\"\n\t\t \n\t\taria-hidden=\"true\"><\/span>\t\t\t\t\t\t\t<\/div>\n\t\t\t\t\t\t<\/div>\n\t\t\t\t\t<\/div>\n\t\t\t\t<\/div>\n\n\t\t\t<div\n\t\t\t\tclass=\"sow-accordion-panel-content\"\n\t\t\t\trole=\"region\"\n\t\t\t\taria-labelledby=\"accordion-label-fiches-de-travaux-pratiques-de-physique-chimie-1%c3%a8re-cde-chimie\"\n\t\t\t\tid=\"accordion-content-fiches-de-travaux-pratiques-de-physique-chimie-1%c3%a8re-cde-chimie\"\n\t\t\t\tstyle=\"display: none;\"\t\t\t>\n\t\t\t\t<div class=\"sow-accordion-panel-border\">\n\t\t\t\t\t<p><a href=\"https:\/\/dpfc-ci.net\/fiches_tp\/fiches_tp_pc\/TP%201%C3%A8re%20CDE%20Chimie.zip\"><strong>T\u00e9l\u00e9charger<\/strong><\/a><\/p>\n<ul>\n<li><strong>CHIMIE 1\u00e8re CDE<\/strong>\n<ul>\n<li>FICHE 1 : Oxydation de l&rsquo;\u00e9thanol<\/li>\n<li>FICHE 2 : Pr\u00e9paration de l&rsquo;\u00e9thanoate de m\u00e9thyle<\/li>\n<li>FICHE 3 : R\u00e9action d&rsquo;oxydor\u00e9duction entre un m\u00e9tal et un ion<\/li>\n<li>FICHE 4 : R\u00e9action d&rsquo;oxydor\u00e9duction entre couples en solution aqueuse<\/li>\n<li>FICHE 5 : Dosage d&rsquo;oxydor\u00e9duction<\/li>\n<li>FICHE 6 : \u00c9lectrolyse<\/li>\n<\/ul>\n<\/li>\n<\/ul>\n<p><a style=\"background-color: #ffffff;\" href=\"https:\/\/dpfc-ci.net\/fiches_tp\/fiches_tp_pc\/TP%201%C3%A8re%20CDE%20Chimie.zip\" rel=\"noopener\"><strong>T\u00e9l\u00e9charger<\/strong><\/a><\/p>\n\t\t\t\t<\/div>\n\t\t\t<\/div>\n\t\t<\/div>\n\t\t\t<div class=\"sow-accordion-panel\n\t\t\t\t\t\"\n\t\t\t\tdata-anchor-id=\"fiches-de-travaux-pratiques-de-physique-chimie-1ere-cde-physique\">\n\t\t\t\t\t<div class=\"sow-accordion-panel-header-container\" role=\"heading\" aria-level=\"2\">\n\t\t\t\t\t<div class=\"sow-accordion-panel-header\" tabindex=\"0\" role=\"button\" id=\"accordion-label-fiches-de-travaux-pratiques-de-physique-chimie-1%c3%a8re-cde-physique\" aria-controls=\"accordion-content-fiches-de-travaux-pratiques-de-physique-chimie-1%c3%a8re-cde-physique\" aria-expanded=\"false\">\n\t\t\t\t\t\t<div class=\"sow-accordion-title sow-accordion-title-icon-left\">\n\t\t\t\t\t\t\t\t\t\t\t\t\t\tFiches de Travaux Pratiques de Physique-Chimie &#8211; 1\u00e8re CDE Physique\t\t\t\t\t\t\t\t\t\t\t\t\t<\/div>\n\t\t\t\t\t\t<div class=\"sow-accordion-open-close-button\">\n\t\t\t\t\t\t\t<div class=\"sow-accordion-open-button\">\n\t\t\t\t\t\t\t\t<span class=\"sow-icon-ionicons\" data-sow-icon=\"&#xf218;\"\n\t\t \n\t\taria-hidden=\"true\"><\/span>\t\t\t\t\t\t\t<\/div>\n\t\t\t\t\t\t\t<div class=\"sow-accordion-close-button\">\n\t\t\t\t\t\t\t\t<span class=\"sow-icon-ionicons\" data-sow-icon=\"&#xf209;\"\n\t\t \n\t\taria-hidden=\"true\"><\/span>\t\t\t\t\t\t\t<\/div>\n\t\t\t\t\t\t<\/div>\n\t\t\t\t\t<\/div>\n\t\t\t\t<\/div>\n\n\t\t\t<div\n\t\t\t\tclass=\"sow-accordion-panel-content\"\n\t\t\t\trole=\"region\"\n\t\t\t\taria-labelledby=\"accordion-label-fiches-de-travaux-pratiques-de-physique-chimie-1%c3%a8re-cde-physique\"\n\t\t\t\tid=\"accordion-content-fiches-de-travaux-pratiques-de-physique-chimie-1%c3%a8re-cde-physique\"\n\t\t\t\tstyle=\"display: none;\"\t\t\t>\n\t\t\t\t<div class=\"sow-accordion-panel-border\">\n\t\t\t\t\t<p><a href=\"https:\/\/dpfc-ci.net\/fiches_tp\/fiches_tp_pc\/TP%201%C3%A8re%20CDE%20Physique.zip\"><strong>T\u00e9l\u00e9charger<\/strong><\/a><\/p>\n<ul>\n<li><strong>PHYSIQUE 1\u00e8re CDE<\/strong>\n<ul>\n<li>FICHE 1 : Chute libre d&rsquo;une bille<\/li>\n<li>FICHE 2 : Conservation de l&rsquo;\u00e9nergie m\u00e9canique<\/li>\n<li>FICHE 3 : Les lignes de champ \u00e9lectrostatique<\/li>\n<li>FICHE 4 : Caract\u00e9ristiques d&rsquo;un \u00e9lectrolyseur<\/li>\n<li>FICHE 5 : Charge d&rsquo;un condensateur \u00e0 courant constant<\/li>\n<li>FICHE 6 : Quelques fonctions de l&rsquo;amplificateur op\u00e9rationnel<\/li>\n<li>FICHE 7 : R\u00e9fraction et r\u00e9flexion de la lumi\u00e8re<\/li>\n<li>FICHE 8 : D\u00e9termination de la distance focale d&rsquo;une lentille mince convergente<\/li>\n<\/ul>\n<\/li>\n<\/ul>\n<p><a style=\"background-color: #ffffff;\" href=\"https:\/\/dpfc-ci.net\/fiches_tp\/fiches_tp_pc\/TP%201%C3%A8re%20CDE%20Physique.zip\" rel=\"noopener\"><strong>T\u00e9l\u00e9charger<\/strong><\/a><\/p>\n\t\t\t\t<\/div>\n\t\t\t<\/div>\n\t\t<\/div>\n\t\t\t<div class=\"sow-accordion-panel\n\t\t\t\t\t\"\n\t\t\t\tdata-anchor-id=\"fiches-de-travaux-pratiques-de-physique-chimie-tle-cde-chimie\">\n\t\t\t\t\t<div class=\"sow-accordion-panel-header-container\" role=\"heading\" aria-level=\"2\">\n\t\t\t\t\t<div class=\"sow-accordion-panel-header\" tabindex=\"0\" role=\"button\" id=\"accordion-label-fiches-de-travaux-pratiques-de-physique-chimie-tle-cde-chimie\" aria-controls=\"accordion-content-fiches-de-travaux-pratiques-de-physique-chimie-tle-cde-chimie\" aria-expanded=\"false\">\n\t\t\t\t\t\t<div class=\"sow-accordion-title sow-accordion-title-icon-left\">\n\t\t\t\t\t\t\t\t\t\t\t\t\t\tFiches de Travaux Pratiques de Physique-Chimie &#8211; Tle CDE Chimie\t\t\t\t\t\t\t\t\t\t\t\t\t<\/div>\n\t\t\t\t\t\t<div class=\"sow-accordion-open-close-button\">\n\t\t\t\t\t\t\t<div class=\"sow-accordion-open-button\">\n\t\t\t\t\t\t\t\t<span class=\"sow-icon-ionicons\" data-sow-icon=\"&#xf218;\"\n\t\t \n\t\taria-hidden=\"true\"><\/span>\t\t\t\t\t\t\t<\/div>\n\t\t\t\t\t\t\t<div class=\"sow-accordion-close-button\">\n\t\t\t\t\t\t\t\t<span class=\"sow-icon-ionicons\" data-sow-icon=\"&#xf209;\"\n\t\t \n\t\taria-hidden=\"true\"><\/span>\t\t\t\t\t\t\t<\/div>\n\t\t\t\t\t\t<\/div>\n\t\t\t\t\t<\/div>\n\t\t\t\t<\/div>\n\n\t\t\t<div\n\t\t\t\tclass=\"sow-accordion-panel-content\"\n\t\t\t\trole=\"region\"\n\t\t\t\taria-labelledby=\"accordion-label-fiches-de-travaux-pratiques-de-physique-chimie-tle-cde-chimie\"\n\t\t\t\tid=\"accordion-content-fiches-de-travaux-pratiques-de-physique-chimie-tle-cde-chimie\"\n\t\t\t\tstyle=\"display: none;\"\t\t\t>\n\t\t\t\t<div class=\"sow-accordion-panel-border\">\n\t\t\t\t\t<p><a href=\"https:\/\/dpfc-ci.net\/fiches_tp\/fiches_tp_pc\/TP%20Tle%20CDE%20Chimie.zip\"><strong>T\u00e9l\u00e9charger<\/strong><\/a><\/p>\n<ul>\n<li><strong>CHIMIE G\u00c9N\u00c9RALE<\/strong>\n<ul>\n<li>FICHE 1 : Pr\u00e9paration d&rsquo;une solution aqueuse<\/li>\n<li>FICHE 2 : Classification de couples acide-base<\/li>\n<li>FICHE 3 : R\u00e9actions\u00a0 acido-basique<\/li>\n<li>FICHE 4 : Solutions tampons<\/li>\n<li>FICHE 5 : Dosages acido-basiques<\/li>\n<li><\/li>\n<\/ul>\n<\/li>\n<li><strong>CHIMIE ORGANIQUE<\/strong>\n<ul>\n<li>FICHE 1 : D\u00e9shydratation intramol\u00e9culaire de l&rsquo;\u00e9thanol<\/li>\n<li>FICHE 2 : Oxydations m\u00e9nag\u00e9es des alcools<\/li>\n<li>FICHE 3 : Tests de caract\u00e9risation des composes carbonyles<\/li>\n<li>FICHE 4 : Pr\u00e9paration de l&rsquo;\u00e9thanoate de m\u00e9thyle<\/li>\n<li>FICHE 5 : Pr\u00e9paration d&rsquo;un savon<\/li>\n<\/ul>\n<\/li>\n<\/ul>\n<p><a style=\"background-color: #ffffff;\" href=\"https:\/\/dpfc-ci.net\/fiches_tp\/fiches_tp_pc\/TP%20Tle%20CDE%20Chimie.zip\" rel=\"noopener\"><strong>T\u00e9l\u00e9charger<\/strong><\/a><\/p>\n\t\t\t\t<\/div>\n\t\t\t<\/div>\n\t\t<\/div>\n\t\t\t<div class=\"sow-accordion-panel\n\t\t\t\t\t\"\n\t\t\t\tdata-anchor-id=\"fiches-de-travaux-pratiques-de-physique-chimie-tle-cde-physique\">\n\t\t\t\t\t<div class=\"sow-accordion-panel-header-container\" role=\"heading\" aria-level=\"2\">\n\t\t\t\t\t<div class=\"sow-accordion-panel-header\" tabindex=\"0\" role=\"button\" id=\"accordion-label-fiches-de-travaux-pratiques-de-physique-chimie-tle-cde-physique\" aria-controls=\"accordion-content-fiches-de-travaux-pratiques-de-physique-chimie-tle-cde-physique\" aria-expanded=\"false\">\n\t\t\t\t\t\t<div class=\"sow-accordion-title sow-accordion-title-icon-left\">\n\t\t\t\t\t\t\t\t\t\t\t\t\t\tFiches de Travaux Pratiques de Physique-Chimie &#8211; Tle CDE Physique\t\t\t\t\t\t\t\t\t\t\t\t\t<\/div>\n\t\t\t\t\t\t<div class=\"sow-accordion-open-close-button\">\n\t\t\t\t\t\t\t<div class=\"sow-accordion-open-button\">\n\t\t\t\t\t\t\t\t<span class=\"sow-icon-ionicons\" data-sow-icon=\"&#xf218;\"\n\t\t \n\t\taria-hidden=\"true\"><\/span>\t\t\t\t\t\t\t<\/div>\n\t\t\t\t\t\t\t<div class=\"sow-accordion-close-button\">\n\t\t\t\t\t\t\t\t<span class=\"sow-icon-ionicons\" data-sow-icon=\"&#xf209;\"\n\t\t \n\t\taria-hidden=\"true\"><\/span>\t\t\t\t\t\t\t<\/div>\n\t\t\t\t\t\t<\/div>\n\t\t\t\t\t<\/div>\n\t\t\t\t<\/div>\n\n\t\t\t<div\n\t\t\t\tclass=\"sow-accordion-panel-content\"\n\t\t\t\trole=\"region\"\n\t\t\t\taria-labelledby=\"accordion-label-fiches-de-travaux-pratiques-de-physique-chimie-tle-cde-physique\"\n\t\t\t\tid=\"accordion-content-fiches-de-travaux-pratiques-de-physique-chimie-tle-cde-physique\"\n\t\t\t\tstyle=\"display: none;\"\t\t\t>\n\t\t\t\t<div class=\"sow-accordion-panel-border\">\n\t\t\t\t\t<p><a href=\"https:\/\/dpfc-ci.net\/fiches_tp\/fiches_tp_pc\/TP%20Tle%20CDE%20-Physique.zip\"><strong>T\u00e9l\u00e9charger<\/strong><\/a><\/p>\n<ul>\n<li><strong>M\u00c9CANIQUE<\/strong>\n<ul>\n<li>FICHE 1 : Cin\u00e9matique du point<\/li>\n<li>FICHE 2 : Mouvement du centre d&rsquo;inertie d&rsquo;un syst\u00e8me mat\u00e9riel<\/li>\n<li>FICHE 3 : Mouvement dans un champ<\/li>\n<li>FICHE 4 : Mouvement d&rsquo;une particule dans un champ uniforme<\/li>\n<li>FICHE 5 : Oscillations m\u00e9caniques libres<\/li>\n<\/ul>\n<\/li>\n<li><strong>\u00c9LECTROMAGN\u00c9TIQUE &#8211; \u00c9LECTRICIT\u00c9<\/strong>\n<ul>\n<li>FICHE 1 : Champ magn\u00e9tique<\/li>\n<li>FICHE 2 : Mouvement d\u2019une particule charg\u00e9e dans un champ magn\u00e9tique uniforme<\/li>\n<li>FICHE 3 : Loi de LAPLACE<\/li>\n<li>FICHE 4 : Induction \u00e9lectromagn\u00e9tique<\/li>\n<li>FICHE 5 : Auto-induction<\/li>\n<li>FICHE 6 : Montages d\u00e9rivateur et montage int\u00e9grateur<\/li>\n<li>FICHE 7 : Entretien des oscillations avec un circuit int\u00e9gr\u00e9 lin\u00e9aire<\/li>\n<li>FICHE 8 : \u00c9tude exp\u00e9rimentale de la r\u00e9sonance d\u2019intensit\u00e9<\/li>\n<\/ul>\n<\/li>\n<\/ul>\n<p><a style=\"background-color: #ffffff;\" href=\"https:\/\/dpfc-ci.net\/fiches_tp\/fiches_tp_pc\/TP%20Tle%20CDE%20-Physique.zip\" rel=\"noopener\"><strong>T\u00e9l\u00e9charger<\/strong><\/a><\/p>\n\t\t\t\t<\/div>\n\t\t\t<\/div>\n\t\t<\/div>\n\t\t<\/div>\n<\/div>\n<\/div><\/div><\/div><\/div><\/div>","protected":false},"excerpt":{"rendered":"","protected":false},"author":1,"featured_media":0,"parent":0,"menu_order":0,"comment_status":"closed","ping_status":"closed","template":"","meta":{"footnotes":""},"class_list":["post-4693","page","type-page","status-publish","hentry"],"_links":{"self":[{"href":"https:\/\/dpfc-ci.net\/index.php?rest_route=\/wp\/v2\/pages\/4693","targetHints":{"allow":["GET"]}}],"collection":[{"href":"https:\/\/dpfc-ci.net\/index.php?rest_route=\/wp\/v2\/pages"}],"about":[{"href":"https:\/\/dpfc-ci.net\/index.php?rest_route=\/wp\/v2\/types\/page"}],"author":[{"embeddable":true,"href":"https:\/\/dpfc-ci.net\/index.php?rest_route=\/wp\/v2\/users\/1"}],"replies":[{"embeddable":true,"href":"https:\/\/dpfc-ci.net\/index.php?rest_route=%2Fwp%2Fv2%2Fcomments&post=4693"}],"version-history":[{"count":22,"href":"https:\/\/dpfc-ci.net\/index.php?rest_route=\/wp\/v2\/pages\/4693\/revisions"}],"predecessor-version":[{"id":5401,"href":"https:\/\/dpfc-ci.net\/index.php?rest_route=\/wp\/v2\/pages\/4693\/revisions\/5401"}],"wp:attachment":[{"href":"https:\/\/dpfc-ci.net\/index.php?rest_route=%2Fwp%2Fv2%2Fmedia&parent=4693"}],"curies":[{"name":"wp","href":"https:\/\/api.w.org\/{rel}","templated":true}]}}