{"id":4484,"date":"2023-07-25T11:03:06","date_gmt":"2023-07-25T11:03:06","guid":{"rendered":"http:\/\/dpfc-ci.net\/?page_id=4484"},"modified":"2023-07-25T15:28:21","modified_gmt":"2023-07-25T15:28:21","slug":"modules-2-2-5-2-2","status":"publish","type":"page","link":"https:\/\/dpfc-ci.net\/?page_id=4484","title":{"rendered":"Modules de Formation P\u00e9dagogique du Priv\u00e9 2023"},"content":{"rendered":"<div id=\"pl-4484\"  class=\"panel-layout\" ><div id=\"pg-4484-0\"  class=\"panel-grid panel-no-style\" ><div id=\"pgc-4484-0-0\"  class=\"panel-grid-cell\" ><div id=\"panel-4484-0-0-0\" class=\"so-panel widget widget_sow-editor panel-first-child panel-last-child\" data-index=\"0\" ><div class=\"wow rubberBand panel-widget-style panel-widget-style-for-4484-0-0-0\" data-wow-offset=\"10\" data-wow-iteration=\"1\" id=\"mod_sec2023\" ><div\n\t\t\t\n\t\t\tclass=\"so-widget-sow-editor so-widget-sow-editor-base\"\n\t\t\t\n\t\t>\n<div class=\"siteorigin-widget-tinymce textwidget\">\n\t<p style=\"text-align: left;\"><b>MODULES DU SECONDAIRE 2023<\/b><\/p>\n<\/div>\n<\/div><\/div><\/div><\/div><\/div><div id=\"pg-4484-1\"  class=\"panel-grid panel-no-style\" ><div id=\"pgc-4484-1-0\"  class=\"panel-grid-cell\" ><div id=\"panel-4484-1-0-0\" class=\"so-panel widget widget_sow-button panel-first-child\" data-index=\"1\" ><div class=\"wow bounceIn panel-widget-style panel-widget-style-for-4484-1-0-0\" data-wow-offset=\"10\" data-wow-iteration=\"1\" ><div\n\t\t\t\n\t\t\tclass=\"so-widget-sow-button so-widget-sow-button-atom-8ce0164d13d6-4484\"\n\t\t\t\n\t\t><div class=\"ow-button-base ow-button-align-justify\"\n style=\"display: block;\">\n\t\t\t<a\n\t\t\t\t\thref=\"https:\/\/dpfc-ci.net\/modules_dpfc\/modules_2023\/module_2023_secondaire\/ALLEMAND_%20Module%20de%20formation%20des%20enseignants%20du%20priv%C3%A9%202023.pdf\"\n\t\t\t\t\tclass=\"sowb-button ow-icon-placement-left ow-button-hover\" target=\"_blank\" rel=\"noopener noreferrer\" \t>\n\t\t<span>\n\t\t\t<span class=\"sow-icon-fontawesome sow-far\" data-sow-icon=\"&#xf1c1;\"\n\t\tstyle=\"\" \n\t\taria-hidden=\"true\"><\/span>\n\t\t\tAllemand\t\t<\/span>\n\t\t\t<\/a>\n\t<\/div>\n<\/div><\/div><\/div><div id=\"panel-4484-1-0-1\" class=\"so-panel widget widget_sow-button\" data-index=\"2\" ><div class=\"wow bounceIn panel-widget-style panel-widget-style-for-4484-1-0-1\" data-wow-offset=\"10\" data-wow-iteration=\"1\" ><div\n\t\t\t\n\t\t\tclass=\"so-widget-sow-button so-widget-sow-button-atom-8ce0164d13d6-4484\"\n\t\t\t\n\t\t><div class=\"ow-button-base ow-button-align-justify\"\n style=\"display: block;\">\n\t\t\t<a\n\t\t\t\t\thref=\"https:\/\/dpfc-ci.net\/modules_dpfc\/modules_2023\/module_2023_secondaire\/ANGLAIS_Modules%20de%20formation%20des%20enseignants%20du%20Priv%C3%A9%202023.pdf\"\n\t\t\t\t\tclass=\"sowb-button ow-icon-placement-left ow-button-hover\" target=\"_blank\" rel=\"noopener noreferrer\" \t>\n\t\t<span>\n\t\t\t<span class=\"sow-icon-fontawesome sow-far\" data-sow-icon=\"&#xf1c1;\"\n\t\tstyle=\"\" \n\t\taria-hidden=\"true\"><\/span>\n\t\t\tAnglais\t\t<\/span>\n\t\t\t<\/a>\n\t<\/div>\n<\/div><\/div><\/div><div id=\"panel-4484-1-0-2\" class=\"so-panel widget widget_sow-button\" data-index=\"3\" ><div class=\"wow bounceIn panel-widget-style panel-widget-style-for-4484-1-0-2\" data-wow-offset=\"10\" data-wow-iteration=\"1\" ><div\n\t\t\t\n\t\t\tclass=\"so-widget-sow-button so-widget-sow-button-atom-8ce0164d13d6-4484\"\n\t\t\t\n\t\t><div class=\"ow-button-base ow-button-align-justify\"\n style=\"display: block;\">\n\t\t\t<a\n\t\t\t\t\thref=\"https:\/\/dpfc-ci.net\/modules_dpfc\/modules_2023\/module_2023_secondaire\/EPS_Module%20de%20formation%20des%20enseignaznts%20du%20priv%C3%A9%20%202023.pdf\"\n\t\t\t\t\tclass=\"sowb-button ow-icon-placement-left ow-button-hover\" target=\"_blank\" rel=\"noopener noreferrer\" \t>\n\t\t<span>\n\t\t\t<span class=\"sow-icon-fontawesome sow-far\" data-sow-icon=\"&#xf1c1;\"\n\t\tstyle=\"\" \n\t\taria-hidden=\"true\"><\/span>\n\t\t\tEPS\t\t<\/span>\n\t\t\t<\/a>\n\t<\/div>\n<\/div><\/div><\/div><div id=\"panel-4484-1-0-3\" class=\"so-panel widget widget_sow-button panel-last-child\" data-index=\"4\" ><div class=\"wow bounceIn panel-widget-style panel-widget-style-for-4484-1-0-3\" data-wow-offset=\"10\" data-wow-iteration=\"1\" ><div\n\t\t\t\n\t\t\tclass=\"so-widget-sow-button so-widget-sow-button-atom-8ce0164d13d6-4484\"\n\t\t\t\n\t\t><div class=\"ow-button-base ow-button-align-justify\"\n style=\"display: block;\">\n\t\t\t<a\n\t\t\t\t\thref=\"https:\/\/dpfc-ci.net\/modules_dpfc\/modules_2023\/module_2023_secondaire\/PHILOSOPHIE_Module%20de%20formation%20des%20enseignants%20du%20priv%C3%A9%202023.pdf\"\n\t\t\t\t\tclass=\"sowb-button ow-icon-placement-left ow-button-hover\" target=\"_blank\" rel=\"noopener noreferrer\" \t>\n\t\t<span>\n\t\t\t<span class=\"sow-icon-fontawesome sow-far\" data-sow-icon=\"&#xf1c1;\"\n\t\tstyle=\"\" \n\t\taria-hidden=\"true\"><\/span>\n\t\t\tPhilosophie\t\t<\/span>\n\t\t\t<\/a>\n\t<\/div>\n<\/div><\/div><\/div><\/div><div id=\"pgc-4484-1-1\"  class=\"panel-grid-cell\" ><div id=\"panel-4484-1-1-0\" class=\"so-panel widget widget_sow-button panel-first-child\" data-index=\"5\" ><div class=\"wow bounceIn panel-widget-style panel-widget-style-for-4484-1-1-0\" data-wow-offset=\"10\" data-wow-iteration=\"1\" ><div\n\t\t\t\n\t\t\tclass=\"so-widget-sow-button so-widget-sow-button-atom-8ce0164d13d6-4484\"\n\t\t\t\n\t\t><div class=\"ow-button-base ow-button-align-justify\"\n style=\"display: block;\">\n\t\t\t<a\n\t\t\t\t\thref=\"https:\/\/dpfc-ci.net\/modules_dpfc\/modules_2023\/module_2023_secondaire\/ESPAGNOL_Module%20de%20formatino%20des%20enseignants%20du%20priv%C3%A9%202023.pdf\"\n\t\t\t\t\tclass=\"sowb-button ow-icon-placement-left ow-button-hover\" target=\"_blank\" rel=\"noopener noreferrer\" \t>\n\t\t<span>\n\t\t\t<span class=\"sow-icon-fontawesome sow-far\" data-sow-icon=\"&#xf1c1;\"\n\t\tstyle=\"\" \n\t\taria-hidden=\"true\"><\/span>\n\t\t\tEspagnol\t\t<\/span>\n\t\t\t<\/a>\n\t<\/div>\n<\/div><\/div><\/div><div id=\"panel-4484-1-1-1\" class=\"so-panel widget widget_sow-button\" data-index=\"6\" ><div class=\"wow bounceIn panel-widget-style panel-widget-style-for-4484-1-1-1\" data-wow-offset=\"10\" data-wow-iteration=\"1\" ><div\n\t\t\t\n\t\t\tclass=\"so-widget-sow-button so-widget-sow-button-atom-8ce0164d13d6-4484\"\n\t\t\t\n\t\t><div class=\"ow-button-base ow-button-align-justify\"\n style=\"display: block;\">\n\t\t\t<a\n\t\t\t\t\thref=\"https:\/\/dpfc-ci.net\/modules_dpfc\/modules_2023\/module_2023_secondaire\/FRANCAIS_Module%20de%20formation%20des%20enseignants%20du%20priv%C3%A9%202023.pdf\"\n\t\t\t\t\tclass=\"sowb-button ow-icon-placement-left ow-button-hover\" target=\"_blank\" rel=\"noopener noreferrer\" \t>\n\t\t<span>\n\t\t\t<span class=\"sow-icon-fontawesome sow-far\" data-sow-icon=\"&#xf1c1;\"\n\t\tstyle=\"\" \n\t\taria-hidden=\"true\"><\/span>\n\t\t\tFran\u00e7ais\t\t<\/span>\n\t\t\t<\/a>\n\t<\/div>\n<\/div><\/div><\/div><div id=\"panel-4484-1-1-2\" class=\"so-panel widget widget_sow-button panel-last-child\" data-index=\"7\" ><div class=\"wow bounceIn panel-widget-style panel-widget-style-for-4484-1-1-2\" data-wow-offset=\"10\" data-wow-iteration=\"1\" ><div\n\t\t\t\n\t\t\tclass=\"so-widget-sow-button so-widget-sow-button-atom-8ce0164d13d6-4484\"\n\t\t\t\n\t\t><div class=\"ow-button-base ow-button-align-justify\"\n style=\"display: block;\">\n\t\t\t<a\n\t\t\t\t\thref=\"https:\/\/dpfc-ci.net\/modules_dpfc\/modules_2023\/module_2023_secondaire\/EDHC_Module%20de%20formation%20des%20enseignants%20du%20priv%C3%A9%202023.pdf\"\n\t\t\t\t\tclass=\"sowb-button ow-icon-placement-left ow-button-hover\" target=\"_blank\" rel=\"noopener noreferrer\" \t>\n\t\t<span>\n\t\t\t<span class=\"sow-icon-fontawesome sow-far\" data-sow-icon=\"&#xf1c1;\"\n\t\tstyle=\"\" \n\t\taria-hidden=\"true\"><\/span>\n\t\t\tEDHC\t\t<\/span>\n\t\t\t<\/a>\n\t<\/div>\n<\/div><\/div><\/div><\/div><div id=\"pgc-4484-1-2\"  class=\"panel-grid-cell\" ><div id=\"panel-4484-1-2-0\" class=\"so-panel widget widget_sow-button panel-first-child\" data-index=\"8\" ><div class=\"wow bounceIn panel-widget-style panel-widget-style-for-4484-1-2-0\" data-wow-offset=\"10\" data-wow-iteration=\"1\" ><div\n\t\t\t\n\t\t\tclass=\"so-widget-sow-button so-widget-sow-button-atom-8ce0164d13d6-4484\"\n\t\t\t\n\t\t><div class=\"ow-button-base ow-button-align-justify\"\n style=\"display: block;\">\n\t\t\t<a\n\t\t\t\t\thref=\"https:\/\/dpfc-ci.net\/modules_dpfc\/modules_2023\/module_2023_secondaire\/Hist%20G%C3%A9o_Modules%20de%20formation%20des%20enseignants%20du%20priv%C3%A9%202023.pdf\"\n\t\t\t\t\tclass=\"sowb-button ow-icon-placement-left ow-button-hover\" target=\"_blank\" rel=\"noopener noreferrer\" \t>\n\t\t<span>\n\t\t\t<span class=\"sow-icon-fontawesome sow-far\" data-sow-icon=\"&#xf1c1;\"\n\t\tstyle=\"\" \n\t\taria-hidden=\"true\"><\/span>\n\t\t\tHist-G\u00e9o\t\t<\/span>\n\t\t\t<\/a>\n\t<\/div>\n<\/div><\/div><\/div><div id=\"panel-4484-1-2-1\" class=\"so-panel widget widget_sow-button\" data-index=\"9\" ><div class=\"wow bounceIn panel-widget-style panel-widget-style-for-4484-1-2-1\" data-wow-offset=\"10\" data-wow-iteration=\"1\" ><div\n\t\t\t\n\t\t\tclass=\"so-widget-sow-button so-widget-sow-button-atom-8ce0164d13d6-4484\"\n\t\t\t\n\t\t><div class=\"ow-button-base ow-button-align-justify\"\n style=\"display: block;\">\n\t\t\t<a\n\t\t\t\t\thref=\"https:\/\/dpfc-ci.net\/modules_dpfc\/modules_2023\/module_2023_secondaire\/SVT_Modules%20de%20Formation%20des%20enseignants%20du%20priv%C3%A9%202023.pdf\"\n\t\t\t\t\tclass=\"sowb-button ow-icon-placement-left ow-button-hover\" target=\"_blank\" rel=\"noopener noreferrer\" \t>\n\t\t<span>\n\t\t\t<span class=\"sow-icon-fontawesome sow-far\" data-sow-icon=\"&#xf1c1;\"\n\t\tstyle=\"\" \n\t\taria-hidden=\"true\"><\/span>\n\t\t\tSVT\t\t<\/span>\n\t\t\t<\/a>\n\t<\/div>\n<\/div><\/div><\/div><div id=\"panel-4484-1-2-2\" class=\"so-panel widget widget_sow-button\" data-index=\"10\" ><div class=\"wow bounceIn panel-widget-style panel-widget-style-for-4484-1-2-2\" data-wow-offset=\"10\" data-wow-iteration=\"1\" ><div\n\t\t\t\n\t\t\tclass=\"so-widget-sow-button so-widget-sow-button-atom-8ce0164d13d6-4484\"\n\t\t\t\n\t\t><div class=\"ow-button-base ow-button-align-justify\"\n style=\"display: block;\">\n\t\t\t<a\n\t\t\t\t\thref=\"https:\/\/dpfc-ci.net\/modules_dpfc\/modules_2023\/module_2023_secondaire\/Physique-Chimie_Modules%20de%20formation%20Enseignants%20du%20priv%C3%A9%202023.pdf\"\n\t\t\t\t\tclass=\"sowb-button ow-icon-placement-left ow-button-hover\" target=\"_blank\" rel=\"noopener noreferrer\" \t>\n\t\t<span>\n\t\t\t<span class=\"sow-icon-fontawesome sow-far\" data-sow-icon=\"&#xf1c1;\"\n\t\tstyle=\"\" \n\t\taria-hidden=\"true\"><\/span>\n\t\t\tPhysique-Chimie\t\t<\/span>\n\t\t\t<\/a>\n\t<\/div>\n<\/div><\/div><\/div><div id=\"panel-4484-1-2-3\" class=\"so-panel widget widget_sow-button panel-last-child\" data-index=\"11\" ><div class=\"wow bounceIn panel-widget-style panel-widget-style-for-4484-1-2-3\" data-wow-offset=\"10\" data-wow-iteration=\"1\" ><div\n\t\t\t\n\t\t\tclass=\"so-widget-sow-button so-widget-sow-button-atom-8ce0164d13d6-4484\"\n\t\t\t\n\t\t><div class=\"ow-button-base ow-button-align-justify\"\n style=\"display: block;\">\n\t\t\t<a\n\t\t\t\t\thref=\"https:\/\/dpfc-ci.net\/modules_dpfc\/modules_2023\/module_2023_secondaire\/MATHS_Module%20de%20formation%20des%20enseignants%20du%20priv%C3%A9%202023.pdf\"\n\t\t\t\t\tclass=\"sowb-button ow-icon-placement-left ow-button-hover\" target=\"_blank\" rel=\"noopener noreferrer\" \t>\n\t\t<span>\n\t\t\t<span class=\"sow-icon-fontawesome sow-far\" data-sow-icon=\"&#xf1c1;\"\n\t\tstyle=\"\" \n\t\taria-hidden=\"true\"><\/span>\n\t\t\tMaths\t\t<\/span>\n\t\t\t<\/a>\n\t<\/div>\n<\/div><\/div><\/div><\/div><\/div><div id=\"pg-4484-2\"  class=\"panel-grid panel-has-style\" ><div id=\"15\" class=\"panel-row-style panel-row-style-for-4484-2\" ><div id=\"pgc-4484-2-0\"  class=\"panel-grid-cell\" ><div id=\"panel-4484-2-0-0\" class=\"so-panel widget widget_sow-editor panel-first-child panel-last-child\" data-index=\"12\" ><div class=\"wow rubberBand panel-widget-style panel-widget-style-for-4484-2-0-0\" data-wow-offset=\"10\" data-wow-iteration=\"1\" id=\"mod_primaire2023\" ><div\n\t\t\t\n\t\t\tclass=\"so-widget-sow-editor so-widget-sow-editor-base\"\n\t\t\t\n\t\t>\n<div class=\"siteorigin-widget-tinymce textwidget\">\n\t<p style=\"text-align: left;\"><b>MODULES DU PRIMAIRE 2023<\/b><\/p>\n<\/div>\n<\/div><\/div><\/div><\/div><\/div><\/div><div id=\"pg-4484-3\"  class=\"panel-grid panel-no-style\" ><div id=\"pgc-4484-3-0\"  class=\"panel-grid-cell\" ><div id=\"panel-4484-3-0-0\" class=\"so-panel widget widget_sow-button panel-first-child\" data-index=\"13\" ><div class=\"wow bounceIn panel-widget-style panel-widget-style-for-4484-3-0-0\" data-wow-offset=\"10\" data-wow-iteration=\"1\" ><div\n\t\t\t\n\t\t\tclass=\"so-widget-sow-button so-widget-sow-button-atom-8ce0164d13d6-4484\"\n\t\t\t\n\t\t><div class=\"ow-button-base ow-button-align-justify\"\n style=\"display: block;\">\n\t\t\t<a\n\t\t\t\t\thref=\"https:\/\/dpfc-ci.net\/modules_dpfc\/modules_2023\/module_2023_primaire\/MODULE%20AEC%202023_Formation%20enseignants%20du%20priv%C3%A9.pdf\"\n\t\t\t\t\tclass=\"sowb-button ow-icon-placement-left ow-button-hover\" target=\"_blank\" rel=\"noopener noreferrer\" \t>\n\t\t<span>\n\t\t\t<span class=\"sow-icon-fontawesome sow-far\" data-sow-icon=\"&#xf1c1;\"\n\t\tstyle=\"\" \n\t\taria-hidden=\"true\"><\/span>\n\t\t\tAEC\t\t<\/span>\n\t\t\t<\/a>\n\t<\/div>\n<\/div><\/div><\/div><div id=\"panel-4484-3-0-1\" class=\"so-panel widget widget_sow-button\" data-index=\"14\" ><div class=\"wow bounceIn panel-widget-style panel-widget-style-for-4484-3-0-1\" data-wow-offset=\"10\" data-wow-iteration=\"1\" ><div\n\t\t\t\n\t\t\tclass=\"so-widget-sow-button so-widget-sow-button-atom-8ce0164d13d6-4484\"\n\t\t\t\n\t\t><div class=\"ow-button-base ow-button-align-justify\"\n style=\"display: block;\">\n\t\t\t<a\n\t\t\t\t\thref=\"https:\/\/dpfc-ci.net\/modules_dpfc\/modules_2023\/module_2023_primaire\/MODULE%20CAV%202023_Formation%20des%20Enseignants%20du%20priv%C3%A9.pdf\"\n\t\t\t\t\tclass=\"sowb-button ow-icon-placement-left ow-button-hover\" target=\"_blank\" rel=\"noopener noreferrer\" \t>\n\t\t<span>\n\t\t\t<span class=\"sow-icon-fontawesome sow-far\" data-sow-icon=\"&#xf1c1;\"\n\t\tstyle=\"\" \n\t\taria-hidden=\"true\"><\/span>\n\t\t\tCAV\t\t<\/span>\n\t\t\t<\/a>\n\t<\/div>\n<\/div><\/div><\/div><div id=\"panel-4484-3-0-2\" class=\"so-panel widget widget_sow-button panel-last-child\" data-index=\"15\" ><div class=\"wow bounceIn panel-widget-style panel-widget-style-for-4484-3-0-2\" data-wow-offset=\"10\" data-wow-iteration=\"1\" ><div\n\t\t\t\n\t\t\tclass=\"so-widget-sow-button so-widget-sow-button-atom-8ce0164d13d6-4484\"\n\t\t\t\n\t\t><div class=\"ow-button-base ow-button-align-justify\"\n style=\"display: block;\">\n\t\t\t<a\n\t\t\t\t\thref=\"https:\/\/dpfc-ci.net\/modules_dpfc\/modules_2023\/module_2023_primaire\/MODULE%20EDHC%202023_Formation%20des%20Enseignants%20du%20priv%C3%A9.pdf\"\n\t\t\t\t\tclass=\"sowb-button ow-icon-placement-left ow-button-hover\" target=\"_blank\" rel=\"noopener noreferrer\" \t>\n\t\t<span>\n\t\t\t<span class=\"sow-icon-fontawesome sow-far\" data-sow-icon=\"&#xf1c1;\"\n\t\tstyle=\"\" \n\t\taria-hidden=\"true\"><\/span>\n\t\t\tEDHC\t\t<\/span>\n\t\t\t<\/a>\n\t<\/div>\n<\/div><\/div><\/div><\/div><div id=\"pgc-4484-3-1\"  class=\"panel-grid-cell\" ><div id=\"panel-4484-3-1-0\" class=\"so-panel widget widget_sow-button panel-first-child\" data-index=\"16\" ><div class=\"wow bounceIn panel-widget-style panel-widget-style-for-4484-3-1-0\" data-wow-offset=\"10\" data-wow-iteration=\"1\" ><div\n\t\t\t\n\t\t\tclass=\"so-widget-sow-button so-widget-sow-button-atom-8ce0164d13d6-4484\"\n\t\t\t\n\t\t><div class=\"ow-button-base ow-button-align-justify\"\n style=\"display: block;\">\n\t\t\t<a\n\t\t\t\t\thref=\"https:\/\/dpfc-ci.net\/modules_dpfc\/modules_2023\/module_2023_primaire\/MODULE%20HIST%20GEO%202023_Formatino%20des%20Enseignants%20du%20priv%C3%A9.pdf\"\n\t\t\t\t\tclass=\"sowb-button ow-icon-placement-left ow-button-hover\" target=\"_blank\" rel=\"noopener noreferrer\" \t>\n\t\t<span>\n\t\t\t<span class=\"sow-icon-fontawesome sow-far\" data-sow-icon=\"&#xf1c1;\"\n\t\tstyle=\"\" \n\t\taria-hidden=\"true\"><\/span>\n\t\t\tHist-G\u00e9o\t\t<\/span>\n\t\t\t<\/a>\n\t<\/div>\n<\/div><\/div><\/div><div id=\"panel-4484-3-1-1\" class=\"so-panel widget widget_sow-button\" data-index=\"17\" ><div class=\"wow bounceIn panel-widget-style panel-widget-style-for-4484-3-1-1\" data-wow-offset=\"10\" data-wow-iteration=\"1\" ><div\n\t\t\t\n\t\t\tclass=\"so-widget-sow-button so-widget-sow-button-atom-8ce0164d13d6-4484\"\n\t\t\t\n\t\t><div class=\"ow-button-base ow-button-align-justify\"\n style=\"display: block;\">\n\t\t\t<a\n\t\t\t\t\thref=\"https:\/\/dpfc-ci.net\/modules_dpfc\/modules_2023\/module_2023_primaire\/MODULE%20PSYCHO%202023_Formation%20des%20Enseigannts%20du%20priv%C3%A9.pdf\"\n\t\t\t\t\tclass=\"sowb-button ow-icon-placement-left ow-button-hover\" target=\"_blank\" rel=\"noopener noreferrer\" \t>\n\t\t<span>\n\t\t\t<span class=\"sow-icon-fontawesome sow-far\" data-sow-icon=\"&#xf1c1;\"\n\t\tstyle=\"\" \n\t\taria-hidden=\"true\"><\/span>\n\t\t\tPsycho-p\u00e9dagogie\t\t<\/span>\n\t\t\t<\/a>\n\t<\/div>\n<\/div><\/div><\/div><div id=\"panel-4484-3-1-2\" class=\"so-panel widget widget_sow-button panel-last-child\" data-index=\"18\" ><div class=\"wow bounceIn panel-widget-style panel-widget-style-for-4484-3-1-2\" data-wow-offset=\"10\" data-wow-iteration=\"1\" ><div\n\t\t\t\n\t\t\tclass=\"so-widget-sow-button so-widget-sow-button-atom-8ce0164d13d6-4484\"\n\t\t\t\n\t\t><div class=\"ow-button-base ow-button-align-justify\"\n style=\"display: block;\">\n\t\t\t<a\n\t\t\t\t\thref=\"https:\/\/dpfc-ci.net\/modules_dpfc\/modules_2023\/module_2023_primaire\/MODULE%20FRANCAIS%202023_Formation%20des%20Enseignants%20du%20priv%C3%A9.pdf\"\n\t\t\t\t\tclass=\"sowb-button ow-icon-placement-left ow-button-hover\" target=\"_blank\" rel=\"noopener noreferrer\" \t>\n\t\t<span>\n\t\t\t<span class=\"sow-icon-fontawesome sow-far\" data-sow-icon=\"&#xf1c1;\"\n\t\tstyle=\"\" \n\t\taria-hidden=\"true\"><\/span>\n\t\t\tFran\u00e7ais\t\t<\/span>\n\t\t\t<\/a>\n\t<\/div>\n<\/div><\/div><\/div><\/div><div id=\"pgc-4484-3-2\"  class=\"panel-grid-cell\" ><div id=\"panel-4484-3-2-0\" class=\"so-panel widget widget_sow-button panel-first-child\" data-index=\"19\" ><div class=\"wow bounceIn panel-widget-style panel-widget-style-for-4484-3-2-0\" data-wow-offset=\"10\" data-wow-iteration=\"1\" ><div\n\t\t\t\n\t\t\tclass=\"so-widget-sow-button so-widget-sow-button-atom-8ce0164d13d6-4484\"\n\t\t\t\n\t\t><div class=\"ow-button-base ow-button-align-justify\"\n style=\"display: block;\">\n\t\t\t<a\n\t\t\t\t\thref=\"https:\/\/dpfc-ci.net\/modules_dpfc\/modules_2023\/module_2023_primaire\/Module%20FS%202023_Formation%20des%20enseignants%20du%20priv%C3%A9.pdf\"\n\t\t\t\t\tclass=\"sowb-button ow-icon-placement-left ow-button-hover\" target=\"_blank\" rel=\"noopener noreferrer\" \t>\n\t\t<span>\n\t\t\t<span class=\"sow-icon-fontawesome sow-far\" data-sow-icon=\"&#xf1c1;\"\n\t\tstyle=\"\" \n\t\taria-hidden=\"true\"><\/span>\n\t\t\tFS\t\t<\/span>\n\t\t\t<\/a>\n\t<\/div>\n<\/div><\/div><\/div><div id=\"panel-4484-3-2-1\" class=\"so-panel widget widget_sow-button\" data-index=\"20\" ><div class=\"wow bounceIn panel-widget-style panel-widget-style-for-4484-3-2-1\" data-wow-offset=\"10\" data-wow-iteration=\"1\" ><div\n\t\t\t\n\t\t\tclass=\"so-widget-sow-button so-widget-sow-button-atom-8ce0164d13d6-4484\"\n\t\t\t\n\t\t><div class=\"ow-button-base ow-button-align-justify\"\n style=\"display: block;\">\n\t\t\t<a\n\t\t\t\t\thref=\"https:\/\/dpfc-ci.net\/modules_dpfc\/modules_2023\/module_2023_primaire\/MODULE%20MATHS%202023_Formation%20des%20enseignants%20du%20priv%C3%A9.pdf\"\n\t\t\t\t\tclass=\"sowb-button ow-icon-placement-left ow-button-hover\" target=\"_blank\" rel=\"noopener noreferrer\" \t>\n\t\t<span>\n\t\t\t<span class=\"sow-icon-fontawesome sow-far\" data-sow-icon=\"&#xf1c1;\"\n\t\tstyle=\"\" \n\t\taria-hidden=\"true\"><\/span>\n\t\t\tMath\u00e9matiques\t\t<\/span>\n\t\t\t<\/a>\n\t<\/div>\n<\/div><\/div><\/div><div id=\"panel-4484-3-2-2\" class=\"so-panel widget widget_sow-button panel-last-child\" data-index=\"21\" ><div class=\"wow bounceIn panel-widget-style panel-widget-style-for-4484-3-2-2\" data-wow-offset=\"10\" data-wow-iteration=\"1\" ><div\n\t\t\t\n\t\t\tclass=\"so-widget-sow-button so-widget-sow-button-atom-8ce0164d13d6-4484\"\n\t\t\t\n\t\t><div class=\"ow-button-base ow-button-align-justify\"\n style=\"display: block;\">\n\t\t\t<a\n\t\t\t\t\thref=\"https:\/\/dpfc-ci.net\/modules_dpfc\/modules_2023\/module_2023_primaire\/MODULES%20EPS%202023_Formatino%20des%20Enseignants%20du%20Priv%C3%A9.pdf\"\n\t\t\t\t\tclass=\"sowb-button ow-icon-placement-left ow-button-hover\" target=\"_blank\" rel=\"noopener noreferrer\" \t>\n\t\t<span>\n\t\t\t<span class=\"sow-icon-fontawesome sow-far\" data-sow-icon=\"&#xf1c1;\"\n\t\tstyle=\"\" \n\t\taria-hidden=\"true\"><\/span>\n\t\t\tEPS\t\t<\/span>\n\t\t\t<\/a>\n\t<\/div>\n<\/div><\/div><\/div><\/div><\/div><div id=\"pg-4484-4\"  class=\"panel-grid panel-has-style\" ><div id=\"17\" class=\"panel-row-style panel-row-style-for-4484-4\" ><div id=\"pgc-4484-4-0\"  class=\"panel-grid-cell\" ><div id=\"panel-4484-4-0-0\" class=\"so-panel widget widget_sow-editor panel-first-child\" data-index=\"22\" ><div class=\"wow rubberBand panel-widget-style panel-widget-style-for-4484-4-0-0\" data-wow-offset=\"10\" data-wow-iteration=\"1\" id=\"presc21-22\" ><div\n\t\t\t\n\t\t\tclass=\"so-widget-sow-editor so-widget-sow-editor-base\"\n\t\t\t\n\t\t>\n<div class=\"siteorigin-widget-tinymce textwidget\">\n\t<p style=\"text-align: left;\"><b>MODULES DU PRESCOLAIRE DEEP 2022<\/b><\/p>\n<\/div>\n<\/div><\/div><\/div><div id=\"panel-4484-4-0-1\" class=\"so-panel widget widget_sow-button panel-last-child\" data-index=\"23\" ><div class=\"wow bounceIn panel-widget-style panel-widget-style-for-4484-4-0-1\" data-wow-offset=\"10\" data-wow-iteration=\"1\" ><div\n\t\t\t\n\t\t\tclass=\"so-widget-sow-button so-widget-sow-button-atom-8ce0164d13d6-4484\"\n\t\t\t\n\t\t><div class=\"ow-button-base ow-button-align-justify\"\n style=\"display: block;\">\n\t\t\t<a\n\t\t\t\t\thref=\"https:\/\/dpfc-ci.net\/wp-content\/uploads\/2022\/07\/MODULE-ENSEIGNEMENT-PRIVE-PRESCOLAIRE-2022.pdf\"\n\t\t\t\t\tclass=\"sowb-button ow-icon-placement-left ow-button-hover\" target=\"_blank\" rel=\"noopener noreferrer\" \t>\n\t\t<span>\n\t\t\t<span class=\"sow-icon-fontawesome sow-far\" data-sow-icon=\"&#xf1c1;\"\n\t\tstyle=\"\" \n\t\taria-hidden=\"true\"><\/span>\n\t\t\tModule\t\t<\/span>\n\t\t\t<\/a>\n\t<\/div>\n<\/div><\/div><\/div><\/div><\/div><\/div><div id=\"pg-4484-5\"  class=\"panel-grid panel-has-style\" ><div id=\"15\" class=\"panel-row-style panel-row-style-for-4484-5\" ><div id=\"pgc-4484-5-0\"  class=\"panel-grid-cell\" ><div id=\"panel-4484-5-0-0\" class=\"so-panel widget widget_sow-editor panel-first-child panel-last-child\" data-index=\"24\" ><div class=\"wow rubberBand panel-widget-style panel-widget-style-for-4484-5-0-0\" data-wow-offset=\"10\" data-wow-iteration=\"1\" id=\"mod_edu2023\" ><div\n\t\t\t\n\t\t\tclass=\"so-widget-sow-editor so-widget-sow-editor-base\"\n\t\t\t\n\t\t>\n<div class=\"siteorigin-widget-tinymce textwidget\">\n\t<p style=\"text-align: left;\"><b>MODULES DES \u00c9DUCATEURS 2023<\/b><\/p>\n<\/div>\n<\/div><\/div><\/div><\/div><\/div><\/div><div id=\"pg-4484-6\"  class=\"panel-grid panel-no-style\" ><div id=\"pgc-4484-6-0\"  class=\"panel-grid-cell\" ><div id=\"panel-4484-6-0-0\" class=\"so-panel widget widget_sow-button panel-first-child panel-last-child\" data-index=\"25\" ><div class=\"wow bounceIn panel-widget-style panel-widget-style-for-4484-6-0-0\" data-wow-offset=\"10\" data-wow-iteration=\"1\" ><div\n\t\t\t\n\t\t\tclass=\"so-widget-sow-button so-widget-sow-button-atom-8ce0164d13d6-4484\"\n\t\t\t\n\t\t><div class=\"ow-button-base ow-button-align-justify\"\n style=\"display: block;\">\n\t\t\t<a\n\t\t\t\t\thref=\"https:\/\/dpfc-ci.net\/modules_dpfc\/modules_2023\/module_2023_educateur\/CAHIER%20D%27ACTIVITES%20DE%20L%27AUDITEUR.pdf\"\n\t\t\t\t\tclass=\"sowb-button ow-icon-placement-left ow-button-hover\" target=\"_blank\" rel=\"noopener noreferrer\" \t>\n\t\t<span>\n\t\t\t<span class=\"sow-icon-fontawesome sow-far\" data-sow-icon=\"&#xf1c1;\"\n\t\tstyle=\"\" \n\t\taria-hidden=\"true\"><\/span>\n\t\t\tCAHIER D'ACTIVITES DE L'AUDITEUR\t\t<\/span>\n\t\t\t<\/a>\n\t<\/div>\n<\/div><\/div><\/div><\/div><div id=\"pgc-4484-6-1\"  class=\"panel-grid-cell\" ><div id=\"panel-4484-6-1-0\" class=\"so-panel widget widget_sow-button panel-first-child panel-last-child\" data-index=\"26\" ><div class=\"wow bounceIn panel-widget-style panel-widget-style-for-4484-6-1-0\" data-wow-offset=\"10\" data-wow-iteration=\"1\" ><div\n\t\t\t\n\t\t\tclass=\"so-widget-sow-button so-widget-sow-button-atom-8ce0164d13d6-4484\"\n\t\t\t\n\t\t><div class=\"ow-button-base ow-button-align-justify\"\n style=\"display: block;\">\n\t\t\t<a\n\t\t\t\t\thref=\"https:\/\/dpfc-ci.net\/modules_dpfc\/modules_2023\/module_2023_educateur\/MODULES%20DES%20EDUCATEURS%20DU%20PRIVES.pdf\"\n\t\t\t\t\tclass=\"sowb-button ow-icon-placement-left ow-button-hover\" target=\"_blank\" rel=\"noopener noreferrer\" \t>\n\t\t<span>\n\t\t\t<span class=\"sow-icon-fontawesome sow-far\" data-sow-icon=\"&#xf1c1;\"\n\t\tstyle=\"\" \n\t\taria-hidden=\"true\"><\/span>\n\t\t\tMODULES DES EDUCATEURS\t\t<\/span>\n\t\t\t<\/a>\n\t<\/div>\n<\/div><\/div><\/div><\/div><\/div><div id=\"pg-4484-7\"  class=\"panel-grid panel-has-style\" ><div id=\"17\" class=\"panel-row-style panel-row-style-for-4484-7\" ><div id=\"pgc-4484-7-0\"  class=\"panel-grid-cell\" ><div id=\"panel-4484-7-0-0\" class=\"so-panel widget widget_sow-editor panel-first-child panel-last-child\" data-index=\"27\" ><div class=\"panel-widget-style panel-widget-style-for-4484-7-0-0\" ><div\n\t\t\t\n\t\t\tclass=\"so-widget-sow-editor so-widget-sow-editor-base\"\n\t\t\t\n\t\t>\n<div class=\"siteorigin-widget-tinymce textwidget\">\n\t<p style=\"text-align: right;\"><strong><a href=\"https:\/\/dpfc-ci.net\/?page_id=3121\">Voir tous les autres modules de formation des ann\u00e9es scolaires pr\u00e9c\u00e9dentes<\/a><\/strong><\/p>\n<\/div>\n<\/div><\/div><\/div><\/div><\/div><\/div><\/div>","protected":false},"excerpt":{"rendered":"<p>MODULES DU SECONDAIRE 2023<\/p>\n","protected":false},"author":1,"featured_media":0,"parent":89,"menu_order":0,"comment_status":"closed","ping_status":"closed","template":"","meta":{"footnotes":""},"class_list":["post-4484","page","type-page","status-publish","hentry"],"_links":{"self":[{"href":"https:\/\/dpfc-ci.net\/index.php?rest_route=\/wp\/v2\/pages\/4484","targetHints":{"allow":["GET"]}}],"collection":[{"href":"https:\/\/dpfc-ci.net\/index.php?rest_route=\/wp\/v2\/pages"}],"about":[{"href":"https:\/\/dpfc-ci.net\/index.php?rest_route=\/wp\/v2\/types\/page"}],"author":[{"embeddable":true,"href":"https:\/\/dpfc-ci.net\/index.php?rest_route=\/wp\/v2\/users\/1"}],"replies":[{"embeddable":true,"href":"https:\/\/dpfc-ci.net\/index.php?rest_route=%2Fwp%2Fv2%2Fcomments&post=4484"}],"version-history":[{"count":37,"href":"https:\/\/dpfc-ci.net\/index.php?rest_route=\/wp\/v2\/pages\/4484\/revisions"}],"predecessor-version":[{"id":4491,"href":"https:\/\/dpfc-ci.net\/index.php?rest_route=\/wp\/v2\/pages\/4484\/revisions\/4491"}],"up":[{"embeddable":true,"href":"https:\/\/dpfc-ci.net\/index.php?rest_route=\/wp\/v2\/pages\/89"}],"wp:attachment":[{"href":"https:\/\/dpfc-ci.net\/index.php?rest_route=%2Fwp%2Fv2%2Fmedia&parent=4484"}],"curies":[{"name":"wp","href":"https:\/\/api.w.org\/{rel}","templated":true}]}}