{"id":4312,"date":"2022-10-17T14:40:03","date_gmt":"2022-10-17T14:40:03","guid":{"rendered":"http:\/\/dpfc-ci.net\/?page_id=4312"},"modified":"2025-09-20T07:39:59","modified_gmt":"2025-09-20T07:39:59","slug":"progressions-du-secondaire-2-2","status":"publish","type":"page","link":"https:\/\/dpfc-ci.net\/?page_id=4312","title":{"rendered":"Livrets IFADEM : Guides P\u00e9dagogiques"},"content":{"rendered":"<div id=\"pl-4312\"  class=\"panel-layout\" ><div id=\"pg-4312-0\"  class=\"panel-grid panel-no-style\" ><div id=\"pgc-4312-0-0\"  class=\"panel-grid-cell\" ><div id=\"panel-4312-0-0-0\" class=\"so-panel widget widget_sow-editor panel-first-child panel-last-child\" data-index=\"0\" ><div class=\"wow lightSpeedIn panel-widget-style panel-widget-style-for-4312-0-0-0\" data-wow-offset=\"10\" data-wow-iteration=\"1\" ><div\n\t\t\t\n\t\t\tclass=\"so-widget-sow-editor so-widget-sow-editor-base\"\n\t\t\t\n\t\t>\n<div class=\"siteorigin-widget-tinymce textwidget\">\n\t<hr \/>\n<h4><strong><span style=\"color: #ff6600;\">Livrets des instituteurs\u00a0<\/span><\/strong><\/h4>\n<\/div>\n<\/div><\/div><\/div><\/div><\/div><div id=\"pg-4312-1\"  class=\"panel-grid panel-no-style\" ><div id=\"pgc-4312-1-0\"  class=\"panel-grid-cell\" ><div id=\"panel-4312-1-0-0\" class=\"so-panel widget widget_sow-button panel-first-child\" data-index=\"1\" ><div class=\"wow bounceIn panel-widget-style panel-widget-style-for-4312-1-0-0\" data-wow-offset=\"10\" data-wow-iteration=\"1\" ><div\n\t\t\t\n\t\t\tclass=\"so-widget-sow-button so-widget-sow-button-atom-bfe1eb16be12-4312\"\n\t\t\t\n\t\t><div class=\"ow-button-base ow-button-align-justify\"\n style=\"display: block;\">\n\t\t\t<a\n\t\t\t\t\thref=\"https:\/\/dpfc-ci.net\/Livrets_IFADEM\/Comment_ameliorer_enseignement-apprentissage_de_la_lecture.pdf\"\n\t\t\t\t\tclass=\"sowb-button ow-icon-placement-left ow-button-hover\" target=\"_blank\" rel=\"noopener noreferrer\" \t>\n\t\t<span>\n\t\t\t<span class=\"sow-icon-fontawesome sow-far\" data-sow-icon=\"&#xf1c1;\"\n\t\tstyle=\"\" \n\t\taria-hidden=\"true\"><\/span>\n\t\t\tLivret : COMMENT AM\u00c9LIORER L\u2019ENSEIGNEMENT\/APPRENTISSAGE DE LA LECTURE\t\t<\/span>\n\t\t\t<\/a>\n\t<\/div>\n<\/div><\/div><\/div><div id=\"panel-4312-1-0-1\" class=\"so-panel widget widget_sow-button\" data-index=\"2\" ><div class=\"wow bounceIn panel-widget-style panel-widget-style-for-4312-1-0-1\" data-wow-offset=\"10\" data-wow-iteration=\"1\" ><div\n\t\t\t\n\t\t\tclass=\"so-widget-sow-button so-widget-sow-button-atom-bfe1eb16be12-4312\"\n\t\t\t\n\t\t><div class=\"ow-button-base ow-button-align-justify\"\n style=\"display: block;\">\n\t\t\t<a\n\t\t\t\t\thref=\"https:\/\/dpfc-ci.net\/Livrets_IFADEM\/Comment_ameliorer_enseignement_apprentissage_des_nombres.pdf\"\n\t\t\t\t\tclass=\"sowb-button ow-icon-placement-left ow-button-hover\" target=\"_blank\" rel=\"noopener noreferrer\" \t>\n\t\t<span>\n\t\t\t<span class=\"sow-icon-fontawesome sow-far\" data-sow-icon=\"&#xf1c1;\"\n\t\tstyle=\"\" \n\t\taria-hidden=\"true\"><\/span>\n\t\t\tLivret : COMMENT AM\u00c9LIORER L\u2019ENSEIGNEMENT APPRENTISSAGE DES NOMBRES\t\t<\/span>\n\t\t\t<\/a>\n\t<\/div>\n<\/div><\/div><\/div><div id=\"panel-4312-1-0-2\" class=\"so-panel widget widget_sow-button\" data-index=\"3\" ><div class=\"wow bounceIn panel-widget-style panel-widget-style-for-4312-1-0-2\" data-wow-offset=\"10\" data-wow-iteration=\"1\" ><div\n\t\t\t\n\t\t\tclass=\"so-widget-sow-button so-widget-sow-button-atom-bfe1eb16be12-4312\"\n\t\t\t\n\t\t><div class=\"ow-button-base ow-button-align-justify\"\n style=\"display: block;\">\n\t\t\t<a\n\t\t\t\t\thref=\"https:\/\/dpfc-ci.net\/Livrets_IFADEM\/Ameliorer_la_mise_en_oeuvre_des_activites_de_lecture.pdf\"\n\t\t\t\t\tclass=\"sowb-button ow-icon-placement-left ow-button-hover\" target=\"_blank\" rel=\"noopener noreferrer\" \t>\n\t\t<span>\n\t\t\t<span class=\"sow-icon-fontawesome sow-far\" data-sow-icon=\"&#xf1c1;\"\n\t\tstyle=\"\" \n\t\taria-hidden=\"true\"><\/span>\n\t\t\tLivret : AM\u00c9LIORER LA MISE EN \u0152UVRE DES ACTIVIT\u00c9S DE LECTURE\t\t<\/span>\n\t\t\t<\/a>\n\t<\/div>\n<\/div><\/div><\/div><div id=\"panel-4312-1-0-3\" class=\"so-panel widget widget_sow-button\" data-index=\"4\" ><div class=\"wow bounceIn panel-widget-style panel-widget-style-for-4312-1-0-3\" data-wow-offset=\"10\" data-wow-iteration=\"1\" ><div\n\t\t\t\n\t\t\tclass=\"so-widget-sow-button so-widget-sow-button-atom-bfe1eb16be12-4312\"\n\t\t\t\n\t\t><div class=\"ow-button-base ow-button-align-justify\"\n style=\"display: block;\">\n\t\t\t<a\n\t\t\t\t\thref=\"https:\/\/dpfc-ci.net\/Livrets_IFADEM\/Evaluation_de_ecrit_en_fran%C3%A7ais_a_ecole_primaire.pdf\"\n\t\t\t\t\tclass=\"sowb-button ow-icon-placement-left ow-button-hover\" target=\"_blank\" rel=\"noopener noreferrer\" \t>\n\t\t<span>\n\t\t\t<span class=\"sow-icon-fontawesome sow-far\" data-sow-icon=\"&#xf1c1;\"\n\t\tstyle=\"\" \n\t\taria-hidden=\"true\"><\/span>\n\t\t\tLivret : L\u2019\u00c9VALUATION DE L\u2019\u00c9CRIT EN FRAN\u00c7AIS \u00c0 L\u2019\u00c9COLE PRIMAIRE\t\t<\/span>\n\t\t\t<\/a>\n\t<\/div>\n<\/div><\/div><\/div><div id=\"panel-4312-1-0-4\" class=\"so-panel widget widget_sow-button panel-last-child\" data-index=\"5\" ><div class=\"wow bounceIn panel-widget-style panel-widget-style-for-4312-1-0-4\" data-wow-offset=\"10\" data-wow-iteration=\"1\" ><div\n\t\t\t\n\t\t\tclass=\"so-widget-sow-button so-widget-sow-button-atom-bfe1eb16be12-4312\"\n\t\t\t\n\t\t><div class=\"ow-button-base ow-button-align-justify\"\n style=\"display: block;\">\n\t\t\t<a\n\t\t\t\t\thref=\"https:\/\/dpfc-ci.net\/Livrets_IFADEM\/Ameliorer_enseignement_apprentissage_de_la_geometrie.pdf\"\n\t\t\t\t\tclass=\"sowb-button ow-icon-placement-left ow-button-hover\" target=\"_blank\" rel=\"noopener noreferrer\" \t>\n\t\t<span>\n\t\t\t<span class=\"sow-icon-fontawesome sow-far\" data-sow-icon=\"&#xf1c1;\"\n\t\tstyle=\"\" \n\t\taria-hidden=\"true\"><\/span>\n\t\t\tLivret : AM\u00c9LIORER L\u2019ENSEIGNEMENT APPRENTISSAGE DE LA G\u00c9OM\u00c9TRIE\t\t<\/span>\n\t\t\t<\/a>\n\t<\/div>\n<\/div><\/div><\/div><\/div><\/div><div id=\"pg-4312-2\"  class=\"panel-grid panel-no-style\" ><div id=\"pgc-4312-2-0\"  class=\"panel-grid-cell\" ><div id=\"panel-4312-2-0-0\" class=\"so-panel widget widget_sow-editor panel-first-child panel-last-child\" data-index=\"6\" ><div class=\"wow lightSpeedIn panel-widget-style panel-widget-style-for-4312-2-0-0\" data-wow-offset=\"10\" data-wow-iteration=\"1\" ><div\n\t\t\t\n\t\t\tclass=\"so-widget-sow-editor so-widget-sow-editor-base\"\n\t\t\t\n\t\t>\n<div class=\"siteorigin-widget-tinymce textwidget\">\n\t<hr \/>\n<h4><strong><span style=\"color: #ff6600;\">Livrets des Directeurs d'\u00e9cole primaire<\/span><\/strong><\/h4>\n<\/div>\n<\/div><\/div><\/div><\/div><\/div><div id=\"pg-4312-3\"  class=\"panel-grid panel-no-style\" ><div id=\"pgc-4312-3-0\"  class=\"panel-grid-cell\" ><div id=\"panel-4312-3-0-0\" class=\"so-panel widget widget_sow-button panel-first-child\" data-index=\"7\" ><div class=\"wow bounceIn panel-widget-style panel-widget-style-for-4312-3-0-0\" data-wow-offset=\"10\" data-wow-iteration=\"1\" ><div\n\t\t\t\n\t\t\tclass=\"so-widget-sow-button so-widget-sow-button-atom-bfe1eb16be12-4312\"\n\t\t\t\n\t\t><div class=\"ow-button-base ow-button-align-justify\"\n style=\"display: block;\">\n\t\t\t<a\n\t\t\t\t\thref=\"https:\/\/dpfc-ci.net\/Livrets_IFADEM\/livret_no_1_cote_divoire.pdf\"\n\t\t\t\t\tclass=\"sowb-button ow-icon-placement-left ow-button-hover\" target=\"_blank\" rel=\"noopener noreferrer\" \t>\n\t\t<span>\n\t\t\t<span class=\"sow-icon-fontawesome sow-far\" data-sow-icon=\"&#xf1c1;\"\n\t\tstyle=\"\" \n\t\taria-hidden=\"true\"><\/span>\n\t\t\tLivret 1 : ACCOMPAGNER EFFICACEMENT LES ACTIVIT\u00c9S P\u00c9DAGOGIQUES  ET DE VIE SCOLAIRE DANS LE RESPECT  DES VALEURS PROFESSIONNELLES\t\t<\/span>\n\t\t\t<\/a>\n\t<\/div>\n<\/div><\/div><\/div><div id=\"panel-4312-3-0-1\" class=\"so-panel widget widget_sow-button panel-last-child\" data-index=\"8\" ><div class=\"wow bounceIn panel-widget-style panel-widget-style-for-4312-3-0-1\" data-wow-offset=\"10\" data-wow-iteration=\"1\" ><div\n\t\t\t\n\t\t\tclass=\"so-widget-sow-button so-widget-sow-button-atom-bfe1eb16be12-4312\"\n\t\t\t\n\t\t><div class=\"ow-button-base ow-button-align-justify\"\n style=\"display: block;\">\n\t\t\t<a\n\t\t\t\t\thref=\"https:\/\/dpfc-ci.net\/Livrets_IFADEM\/livret_no_2_cote_divoire.pdf\"\n\t\t\t\t\tclass=\"sowb-button ow-icon-placement-left ow-button-hover\" target=\"_blank\" rel=\"noopener noreferrer\" \t>\n\t\t<span>\n\t\t\t<span class=\"sow-icon-fontawesome sow-far\" data-sow-icon=\"&#xf1c1;\"\n\t\tstyle=\"\" \n\t\taria-hidden=\"true\"><\/span>\n\t\t\tLivret 2 : ASSURER UN MANAGEMENT EFFICACE DES \u00c9COLES PRIMAIRES ET D\u00c9VELOPPER LE PARTENARIAT AVEC LA COMMUNAUT\u00c9\t\t<\/span>\n\t\t\t<\/a>\n\t<\/div>\n<\/div><\/div><\/div><\/div><\/div><div id=\"pg-4312-4\"  class=\"panel-grid panel-no-style\" ><div id=\"pgc-4312-4-0\"  class=\"panel-grid-cell\" ><div id=\"panel-4312-4-0-0\" class=\"so-panel widget widget_sow-editor panel-first-child panel-last-child\" data-index=\"9\" ><div class=\"wow lightSpeedIn panel-widget-style panel-widget-style-for-4312-4-0-0\" data-wow-offset=\"10\" data-wow-iteration=\"1\" ><div\n\t\t\t\n\t\t\tclass=\"so-widget-sow-editor so-widget-sow-editor-base\"\n\t\t\t\n\t\t>\n<div class=\"siteorigin-widget-tinymce textwidget\">\n\t<hr \/>\n<h4><strong><span style=\"color: #ff6600;\">Livrets des Chefs d'\u00e9tablissement secondaire<\/span><\/strong><\/h4>\n<\/div>\n<\/div><\/div><\/div><\/div><\/div><div id=\"pg-4312-5\"  class=\"panel-grid panel-no-style\" ><div id=\"pgc-4312-5-0\"  class=\"panel-grid-cell\" ><div id=\"panel-4312-5-0-0\" class=\"so-panel widget widget_sow-button panel-first-child\" data-index=\"10\" ><div class=\"wow bounceIn panel-widget-style panel-widget-style-for-4312-5-0-0\" data-wow-offset=\"10\" data-wow-iteration=\"1\" ><div\n\t\t\t\n\t\t\tclass=\"so-widget-sow-button so-widget-sow-button-atom-bfe1eb16be12-4312\"\n\t\t\t\n\t\t><div class=\"ow-button-base ow-button-align-justify\"\n style=\"display: block;\">\n\t\t\t<a\n\t\t\t\t\thref=\"https:\/\/dpfc-ci.net\/Livrets_IFADEM\/Livret-1-Outiller_le_chef_etablissement.pdf\"\n\t\t\t\t\tclass=\"sowb-button ow-icon-placement-left ow-button-hover\" target=\"_blank\" rel=\"noopener noreferrer\" \t>\n\t\t<span>\n\t\t\t<span class=\"sow-icon-fontawesome sow-far\" data-sow-icon=\"&#xf1c1;\"\n\t\tstyle=\"\" \n\t\taria-hidden=\"true\"><\/span>\n\t\t\tLivret 1 : OUTILLER LE CHEF D\u2019\u00c9TABLISSEMENT POUR UN MANAGEMENT EFFICACE\t\t<\/span>\n\t\t\t<\/a>\n\t<\/div>\n<\/div><\/div><\/div><div id=\"panel-4312-5-0-1\" class=\"so-panel widget widget_sow-button panel-last-child\" data-index=\"11\" ><div class=\"wow bounceIn panel-widget-style panel-widget-style-for-4312-5-0-1\" data-wow-offset=\"10\" data-wow-iteration=\"1\" ><div\n\t\t\t\n\t\t\tclass=\"so-widget-sow-button so-widget-sow-button-atom-bfe1eb16be12-4312\"\n\t\t\t\n\t\t><div class=\"ow-button-base ow-button-align-justify\"\n style=\"display: block;\">\n\t\t\t<a\n\t\t\t\t\thref=\"https:\/\/dpfc-ci.net\/Livrets_IFADEM\/Livret-2-Developper_le_leadership.pdf\"\n\t\t\t\t\tclass=\"sowb-button ow-icon-placement-left ow-button-hover\" target=\"_blank\" rel=\"noopener noreferrer\" \t>\n\t\t<span>\n\t\t\t<span class=\"sow-icon-fontawesome sow-far\" data-sow-icon=\"&#xf1c1;\"\n\t\tstyle=\"\" \n\t\taria-hidden=\"true\"><\/span>\n\t\t\tLivret 2 : D\u00c9VELOPPER LE LEADERSHIP DU CHEF D\u2019\u00c9TABLISSEMENT POUR AM\u00c9LIORER LES PERFORMANCES DE L\u2019\u00c9TABLISSEMENT\t\t<\/span>\n\t\t\t<\/a>\n\t<\/div>\n<\/div><\/div><\/div><\/div><\/div><\/div>","protected":false},"excerpt":{"rendered":"<p>Livrets des instituteurs\u00a0<\/p>\n","protected":false},"author":1,"featured_media":0,"parent":65,"menu_order":0,"comment_status":"closed","ping_status":"closed","template":"","meta":{"footnotes":""},"class_list":["post-4312","page","type-page","status-publish","hentry"],"_links":{"self":[{"href":"https:\/\/dpfc-ci.net\/index.php?rest_route=\/wp\/v2\/pages\/4312","targetHints":{"allow":["GET"]}}],"collection":[{"href":"https:\/\/dpfc-ci.net\/index.php?rest_route=\/wp\/v2\/pages"}],"about":[{"href":"https:\/\/dpfc-ci.net\/index.php?rest_route=\/wp\/v2\/types\/page"}],"author":[{"embeddable":true,"href":"https:\/\/dpfc-ci.net\/index.php?rest_route=\/wp\/v2\/users\/1"}],"replies":[{"embeddable":true,"href":"https:\/\/dpfc-ci.net\/index.php?rest_route=%2Fwp%2Fv2%2Fcomments&post=4312"}],"version-history":[{"count":68,"href":"https:\/\/dpfc-ci.net\/index.php?rest_route=\/wp\/v2\/pages\/4312\/revisions"}],"predecessor-version":[{"id":5288,"href":"https:\/\/dpfc-ci.net\/index.php?rest_route=\/wp\/v2\/pages\/4312\/revisions\/5288"}],"up":[{"embeddable":true,"href":"https:\/\/dpfc-ci.net\/index.php?rest_route=\/wp\/v2\/pages\/65"}],"wp:attachment":[{"href":"https:\/\/dpfc-ci.net\/index.php?rest_route=%2Fwp%2Fv2%2Fmedia&parent=4312"}],"curies":[{"name":"wp","href":"https:\/\/api.w.org\/{rel}","templated":true}]}}