{"id":3771,"date":"2021-09-23T23:38:29","date_gmt":"2021-09-23T23:38:29","guid":{"rendered":"http:\/\/dpfc-ci.net\/?page_id=3771"},"modified":"2024-01-25T12:21:50","modified_gmt":"2024-01-25T12:21:50","slug":"textes-officiels-2","status":"publish","type":"page","link":"https:\/\/dpfc-ci.net\/?page_id=3771","title":{"rendered":"Textes officiels 2023-2024"},"content":{"rendered":"<div id=\"pl-3771\"  class=\"panel-layout\" ><div id=\"pg-3771-0\"  class=\"panel-grid panel-no-style\" ><div id=\"pgc-3771-0-0\"  class=\"panel-grid-cell\" ><div id=\"panel-3771-0-0-0\" class=\"so-panel widget widget_sow-button panel-first-child\" data-index=\"0\" ><div class=\"wow bounceIn panel-widget-style panel-widget-style-for-3771-0-0-0\" data-wow-offset=\"10\" data-wow-iteration=\"1\" ><div\n\t\t\t\n\t\t\tclass=\"so-widget-sow-button so-widget-sow-button-atom-8ce0164d13d6-3771\"\n\t\t\t\n\t\t><div class=\"ow-button-base ow-button-align-justify\"\n style=\"display: block;\">\n\t\t\t<a\n\t\t\t\t\thref=\"https:\/\/dpfc-ci.net\/docs_officiels\/manuels_supports\/CIRCULAIRE%20LISTE%20SUPPORTS%20DIDACTIQUES%20ET%20PEDAGOGIQUES%202023%202024.pdf\"\n\t\t\t\t\tclass=\"sowb-button ow-icon-placement-left ow-button-hover\" target=\"_blank\" rel=\"noopener noreferrer\" \t>\n\t\t<span>\n\t\t\t<span class=\"sow-icon-fontawesome sow-far\" data-sow-icon=\"&#xf1c1;\"\n\t\tstyle=\"\" \n\t\taria-hidden=\"true\"><\/span>\n\t\t\tCIRCULAIRE LISTE SUPPORTS DIDACTIQUES ET PEDAGOGIQUES 2023-2024\t\t<\/span>\n\t\t\t<\/a>\n\t<\/div>\n<\/div><\/div><\/div><div id=\"panel-3771-0-0-1\" class=\"so-panel widget widget_sow-button\" data-index=\"1\" ><div class=\"wow bounceIn panel-widget-style panel-widget-style-for-3771-0-0-1\" data-wow-offset=\"10\" data-wow-iteration=\"1\" ><div\n\t\t\t\n\t\t\tclass=\"so-widget-sow-button so-widget-sow-button-atom-8ce0164d13d6-3771\"\n\t\t\t\n\t\t><div class=\"ow-button-base ow-button-align-justify\"\n style=\"display: block;\">\n\t\t\t<a\n\t\t\t\t\thref=\"https:\/\/dpfc-ci.net\/docs_officiels\/manuels_supports\/LISTE%20MANUELS%20SCOLAIRES%2C%20SUPPORT%20DIDACTIQUES%20AGREES%20OU%20RECOMANDES.pdf\"\n\t\t\t\t\tclass=\"sowb-button ow-icon-placement-left ow-button-hover\" target=\"_blank\" rel=\"noopener noreferrer\" \t>\n\t\t<span>\n\t\t\t<span class=\"sow-icon-fontawesome sow-far\" data-sow-icon=\"&#xf1c1;\"\n\t\tstyle=\"\" \n\t\taria-hidden=\"true\"><\/span>\n\t\t\tManuels scolaires et supports agr\u00e9\u00e9s\/recommand\u00e9s 2023-2024\t\t<\/span>\n\t\t\t<\/a>\n\t<\/div>\n<\/div><\/div><\/div><div id=\"panel-3771-0-0-2\" class=\"so-panel widget widget_sow-button\" data-index=\"2\" ><div class=\"wow bounceIn panel-widget-style panel-widget-style-for-3771-0-0-2\" data-wow-offset=\"10\" data-wow-iteration=\"1\" ><div\n\t\t\t\n\t\t\tclass=\"so-widget-sow-button so-widget-sow-button-atom-8ce0164d13d6-3771\"\n\t\t\t\n\t\t><div class=\"ow-button-base ow-button-align-justify\"\n style=\"display: block;\">\n\t\t\t<a\n\t\t\t\t\thref=\"https:\/\/dpfc-ci.net\/docs_officiels\/textes_de_rentree_2023-2024\/Arr%C3%AAt%C3%A9%20N%C2%B0%20278%20Portant%20modalit%C3%A9s%20des%20visites%20de%20classe....pdf\"\n\t\t\t\t\tclass=\"sowb-button ow-icon-placement-left ow-button-hover\" target=\"_blank\" rel=\"noopener noreferrer\" \t>\n\t\t<span>\n\t\t\t<span class=\"sow-icon-fontawesome sow-far\" data-sow-icon=\"&#xf1c1;\"\n\t\tstyle=\"\" \n\t\taria-hidden=\"true\"><\/span>\n\t\t\tArr\u00eat\u00e9 N\u00b0 278 Portant modalit\u00e9s des visites de classe\t\t<\/span>\n\t\t\t<\/a>\n\t<\/div>\n<\/div><\/div><\/div><div id=\"panel-3771-0-0-3\" class=\"so-panel widget widget_sow-button\" data-index=\"3\" ><div class=\"wow bounceIn panel-widget-style panel-widget-style-for-3771-0-0-3\" data-wow-offset=\"10\" data-wow-iteration=\"1\" ><div\n\t\t\t\n\t\t\tclass=\"so-widget-sow-button so-widget-sow-button-atom-8ce0164d13d6-3771\"\n\t\t\t\n\t\t><div class=\"ow-button-base ow-button-align-justify\"\n style=\"display: block;\">\n\t\t\t<a\n\t\t\t\t\thref=\"https:\/\/dpfc-ci.net\/docs_officiels\/textes_de_rentree_2023-2024\/Circulaire%20n%C2%B0%20276%20Interdiction%20de%20vente%20des%20manuels%20scolaires%20et%20des%20supports%20didactiques%20au%20sein%20et%20aux%20abords%20des%20%C3%A9coles....pdf\"\n\t\t\t\t\tclass=\"sowb-button ow-icon-placement-left ow-button-hover\" target=\"_blank\" rel=\"noopener noreferrer\" \t>\n\t\t<span>\n\t\t\t<span class=\"sow-icon-fontawesome sow-far\" data-sow-icon=\"&#xf1c1;\"\n\t\tstyle=\"\" \n\t\taria-hidden=\"true\"><\/span>\n\t\t\tCirculaire n\u00b0 276 Interdiction de vente des manuels scolaires et des supports didactiques au sein et aux abords des \u00e9coles\t\t<\/span>\n\t\t\t<\/a>\n\t<\/div>\n<\/div><\/div><\/div><div id=\"panel-3771-0-0-4\" class=\"so-panel widget widget_sow-button\" data-index=\"4\" ><div class=\"wow bounceIn panel-widget-style panel-widget-style-for-3771-0-0-4\" data-wow-offset=\"10\" data-wow-iteration=\"1\" ><div\n\t\t\t\n\t\t\tclass=\"so-widget-sow-button so-widget-sow-button-atom-8ce0164d13d6-3771\"\n\t\t\t\n\t\t><div class=\"ow-button-base ow-button-align-justify\"\n style=\"display: block;\">\n\t\t\t<a\n\t\t\t\t\thref=\"https:\/\/dpfc-ci.net\/docs_officiels\/textes_de_rentree_2023-2024\/Circulaire%20n%C2%B0268%20Modalit%C3%A9s%20de%20passage%20en%20classe%20superieure.pdf\"\n\t\t\t\t\tclass=\"sowb-button ow-icon-placement-left ow-button-hover\" target=\"_blank\" rel=\"noopener noreferrer\" \t>\n\t\t<span>\n\t\t\t<span class=\"sow-icon-fontawesome sow-far\" data-sow-icon=\"&#xf1c1;\"\n\t\tstyle=\"\" \n\t\taria-hidden=\"true\"><\/span>\n\t\t\tCirculaire n\u00b0268 Modalit\u00e9s de passage en classe superieure\t\t<\/span>\n\t\t\t<\/a>\n\t<\/div>\n<\/div><\/div><\/div><div id=\"panel-3771-0-0-5\" class=\"so-panel widget widget_sow-button\" data-index=\"5\" ><div class=\"wow bounceIn panel-widget-style panel-widget-style-for-3771-0-0-5\" data-wow-offset=\"10\" data-wow-iteration=\"1\" ><div\n\t\t\t\n\t\t\tclass=\"so-widget-sow-button so-widget-sow-button-atom-8ce0164d13d6-3771\"\n\t\t\t\n\t\t><div class=\"ow-button-base ow-button-align-justify\"\n style=\"display: block;\">\n\t\t\t<a\n\t\t\t\t\thref=\"https:\/\/dpfc-ci.net\/docs_officiels\/textes_de_rentree_2023-2024\/Circulaire%20n%C2%B0269%20Disposition%20pratiques%20pour%20l%27administration%20de%20la%20dict%C3%A9e.pdf\"\n\t\t\t\t\tclass=\"sowb-button ow-icon-placement-left ow-button-hover\" target=\"_blank\" rel=\"noopener noreferrer\" \t>\n\t\t<span>\n\t\t\t<span class=\"sow-icon-fontawesome sow-far\" data-sow-icon=\"&#xf1c1;\"\n\t\tstyle=\"\" \n\t\taria-hidden=\"true\"><\/span>\n\t\t\tCirculaire n\u00b0269 Disposition pratiques pour l'administration de la dict\u00e9e\t\t<\/span>\n\t\t\t<\/a>\n\t<\/div>\n<\/div><\/div><\/div><div id=\"panel-3771-0-0-6\" class=\"so-panel widget widget_sow-button\" data-index=\"6\" ><div class=\"wow bounceIn panel-widget-style panel-widget-style-for-3771-0-0-6\" data-wow-offset=\"10\" data-wow-iteration=\"1\" ><div\n\t\t\t\n\t\t\tclass=\"so-widget-sow-button so-widget-sow-button-atom-8ce0164d13d6-3771\"\n\t\t\t\n\t\t><div class=\"ow-button-base ow-button-align-justify\"\n style=\"display: block;\">\n\t\t\t<a\n\t\t\t\t\thref=\"https:\/\/dpfc-ci.net\/docs_officiels\/textes_de_rentree_2023-2024\/Circulaire%20n%C2%B0270%20Coefficients%20dans%20le%20premier%20et%20le%20second%20cycle.pdf\"\n\t\t\t\t\tclass=\"sowb-button ow-icon-placement-left ow-button-hover\" target=\"_blank\" rel=\"noopener noreferrer\" \t>\n\t\t<span>\n\t\t\t<span class=\"sow-icon-fontawesome sow-far\" data-sow-icon=\"&#xf1c1;\"\n\t\tstyle=\"\" \n\t\taria-hidden=\"true\"><\/span>\n\t\t\tCirculaire n\u00b0270 Coefficients dans le premier et le second cycle\t\t<\/span>\n\t\t\t<\/a>\n\t<\/div>\n<\/div><\/div><\/div><div id=\"panel-3771-0-0-7\" class=\"so-panel widget widget_sow-button\" data-index=\"7\" ><div class=\"wow bounceIn panel-widget-style panel-widget-style-for-3771-0-0-7\" data-wow-offset=\"10\" data-wow-iteration=\"1\" ><div\n\t\t\t\n\t\t\tclass=\"so-widget-sow-button so-widget-sow-button-atom-8ce0164d13d6-3771\"\n\t\t\t\n\t\t><div class=\"ow-button-base ow-button-align-justify\"\n style=\"display: block;\">\n\t\t\t<a\n\t\t\t\t\thref=\"https:\/\/dpfc-ci.net\/docs_officiels\/textes_de_rentree_2023-2024\/Circulaire%20n%C2%B0271%20Programmes%20educatifs%20de%20l%27enseignement%20pr%C3%A9scolaire%2C%20primaire%20et%20secondaire.pdf\"\n\t\t\t\t\tclass=\"sowb-button ow-icon-placement-left ow-button-hover\" target=\"_blank\" rel=\"noopener noreferrer\" \t>\n\t\t<span>\n\t\t\t<span class=\"sow-icon-fontawesome sow-far\" data-sow-icon=\"&#xf1c1;\"\n\t\tstyle=\"\" \n\t\taria-hidden=\"true\"><\/span>\n\t\t\tCirculaire n\u00b0271 Programmes \u00e9ducatifs de l'enseignement pr\u00e9scolaire, primaire et secondaire.pdf\t\t<\/span>\n\t\t\t<\/a>\n\t<\/div>\n<\/div><\/div><\/div><div id=\"panel-3771-0-0-8\" class=\"so-panel widget widget_sow-button\" data-index=\"8\" ><div class=\"wow bounceIn panel-widget-style panel-widget-style-for-3771-0-0-8\" data-wow-offset=\"10\" data-wow-iteration=\"1\" ><div\n\t\t\t\n\t\t\tclass=\"so-widget-sow-button so-widget-sow-button-atom-8ce0164d13d6-3771\"\n\t\t\t\n\t\t><div class=\"ow-button-base ow-button-align-justify\"\n style=\"display: block;\">\n\t\t\t<a\n\t\t\t\t\thref=\"https:\/\/dpfc-ci.net\/docs_officiels\/textes_de_rentree_2023-2024\/Circulaire%20n%C2%B0272%20Horaires%20dans%20l%27enseignement%20secondaire%20g%C3%A9n%C3%A9ral.pdf\"\n\t\t\t\t\tclass=\"sowb-button ow-icon-placement-left ow-button-hover\" target=\"_blank\" rel=\"noopener noreferrer\" \t>\n\t\t<span>\n\t\t\t<span class=\"sow-icon-fontawesome sow-far\" data-sow-icon=\"&#xf1c1;\"\n\t\tstyle=\"\" \n\t\taria-hidden=\"true\"><\/span>\n\t\t\tCirculaire n\u00b0272 Horaires dans l'enseignement secondaire g\u00e9n\u00e9ral\t\t<\/span>\n\t\t\t<\/a>\n\t<\/div>\n<\/div><\/div><\/div><div id=\"panel-3771-0-0-9\" class=\"so-panel widget widget_sow-button\" data-index=\"9\" ><div class=\"wow bounceIn panel-widget-style panel-widget-style-for-3771-0-0-9\" data-wow-offset=\"10\" data-wow-iteration=\"1\" ><div\n\t\t\t\n\t\t\tclass=\"so-widget-sow-button so-widget-sow-button-atom-8ce0164d13d6-3771\"\n\t\t\t\n\t\t><div class=\"ow-button-base ow-button-align-justify\"\n style=\"display: block;\">\n\t\t\t<a\n\t\t\t\t\thref=\"https:\/\/dpfc-ci.net\/docs_officiels\/textes_de_rentree_2023-2024\/Circulaire%20n%C2%B0273%20R%C3%A9gime%20P%C3%A9dagogique%20pour%20l%27enseignement%20primaire.pdf\"\n\t\t\t\t\tclass=\"sowb-button ow-icon-placement-left ow-button-hover\" target=\"_blank\" rel=\"noopener noreferrer\" \t>\n\t\t<span>\n\t\t\t<span class=\"sow-icon-fontawesome sow-far\" data-sow-icon=\"&#xf1c1;\"\n\t\tstyle=\"\" \n\t\taria-hidden=\"true\"><\/span>\n\t\t\tCirculaire n\u00b0273 R\u00e9gime P\u00e9dagogique pour l'enseignement primaire\t\t<\/span>\n\t\t\t<\/a>\n\t<\/div>\n<\/div><\/div><\/div><div id=\"panel-3771-0-0-10\" class=\"so-panel widget widget_sow-button\" data-index=\"10\" ><div class=\"wow bounceIn panel-widget-style panel-widget-style-for-3771-0-0-10\" data-wow-offset=\"10\" data-wow-iteration=\"1\" ><div\n\t\t\t\n\t\t\tclass=\"so-widget-sow-button so-widget-sow-button-atom-8ce0164d13d6-3771\"\n\t\t\t\n\t\t><div class=\"ow-button-base ow-button-align-justify\"\n style=\"display: block;\">\n\t\t\t<a\n\t\t\t\t\thref=\"https:\/\/dpfc-ci.net\/docs_officiels\/textes_de_rentree_2023-2024\/Circulaire%20n%C2%B0274%20Rythme%20des%20%C3%A9valuations%20des%20apprentissages%20dans%20l%27enseignement%20secondaire.pdf\"\n\t\t\t\t\tclass=\"sowb-button ow-icon-placement-left ow-button-hover\" target=\"_blank\" rel=\"noopener noreferrer\" \t>\n\t\t<span>\n\t\t\t<span class=\"sow-icon-fontawesome sow-far\" data-sow-icon=\"&#xf1c1;\"\n\t\tstyle=\"\" \n\t\taria-hidden=\"true\"><\/span>\n\t\t\tCirculaire n\u00b0274 Rythme des \u00e9valuations des apprentissages dans l'enseignement secondaire\t\t<\/span>\n\t\t\t<\/a>\n\t<\/div>\n<\/div><\/div><\/div><div id=\"panel-3771-0-0-11\" class=\"so-panel widget widget_sow-button\" data-index=\"11\" ><div class=\"wow bounceIn panel-widget-style panel-widget-style-for-3771-0-0-11\" data-wow-offset=\"10\" data-wow-iteration=\"1\" ><div\n\t\t\t\n\t\t\tclass=\"so-widget-sow-button so-widget-sow-button-atom-8ce0164d13d6-3771\"\n\t\t\t\n\t\t><div class=\"ow-button-base ow-button-align-justify\"\n style=\"display: block;\">\n\t\t\t<a\n\t\t\t\t\thref=\"https:\/\/dpfc-ci.net\/docs_officiels\/textes_de_rentree_2023-2024\/Circulaire%20n%C2%B0275%20Suspension%20de%20l%27experimentation%20de%20l%27enseignement%20de%20l%27allamand%20et%20de%20l%27espagnol%20dzns%20les%20classes....pdf\"\n\t\t\t\t\tclass=\"sowb-button ow-icon-placement-left ow-button-hover\" target=\"_blank\" rel=\"noopener noreferrer\" \t>\n\t\t<span>\n\t\t\t<span class=\"sow-icon-fontawesome sow-far\" data-sow-icon=\"&#xf1c1;\"\n\t\tstyle=\"\" \n\t\taria-hidden=\"true\"><\/span>\n\t\t\tCirculaire n\u00b0275 Suspension de l'exp\u00e9rimentation de l'enseignement de l'Allamand et de l'espagnol dans les classes\t\t<\/span>\n\t\t\t<\/a>\n\t<\/div>\n<\/div><\/div><\/div><div id=\"panel-3771-0-0-12\" class=\"so-panel widget widget_sow-button\" data-index=\"12\" ><div class=\"wow bounceIn panel-widget-style panel-widget-style-for-3771-0-0-12\" data-wow-offset=\"10\" data-wow-iteration=\"1\" ><div\n\t\t\t\n\t\t\tclass=\"so-widget-sow-button so-widget-sow-button-atom-8ce0164d13d6-3771\"\n\t\t\t\n\t\t><div class=\"ow-button-base ow-button-align-justify\"\n style=\"display: block;\">\n\t\t\t<a\n\t\t\t\t\thref=\"https:\/\/dpfc-ci.net\/docs_officiels\/textes_de_rentree_2023-2024\/Circulaire%20n%C2%B0277%20Plannings%20des%20activit%C3%A9s%20dans%20l%27enseignement%20prescolaire.pdf\"\n\t\t\t\t\tclass=\"sowb-button ow-icon-placement-left ow-button-hover\" target=\"_blank\" rel=\"noopener noreferrer\" \t>\n\t\t<span>\n\t\t\t<span class=\"sow-icon-fontawesome sow-far\" data-sow-icon=\"&#xf1c1;\"\n\t\tstyle=\"\" \n\t\taria-hidden=\"true\"><\/span>\n\t\t\tCirculaire n\u00b0277 Plannings des activit\u00e9s dans l'enseignement prescolaire\t\t<\/span>\n\t\t\t<\/a>\n\t<\/div>\n<\/div><\/div><\/div><div id=\"panel-3771-0-0-13\" class=\"so-panel widget widget_sow-button\" data-index=\"13\" ><div class=\"wow bounceIn panel-widget-style panel-widget-style-for-3771-0-0-13\" data-wow-offset=\"10\" data-wow-iteration=\"1\" ><div\n\t\t\t\n\t\t\tclass=\"so-widget-sow-button so-widget-sow-button-atom-8ce0164d13d6-3771\"\n\t\t\t\n\t\t><div class=\"ow-button-base ow-button-align-justify\"\n style=\"display: block;\">\n\t\t\t<a\n\t\t\t\t\thref=\"https:\/\/dpfc-ci.net\/docs_officiels\/textes_de_rentree_2023-2024\/Circulaire%20n%C2%B0279%20Prise%20en%20compte%20de%20note%20de%20conduite%20dans%20le%20calcul%20des%20moyennes%20trimestrielles%20et%20annuelles.pdf\"\n\t\t\t\t\tclass=\"sowb-button ow-icon-placement-left ow-button-hover\" target=\"_blank\" rel=\"noopener noreferrer\" \t>\n\t\t<span>\n\t\t\t<span class=\"sow-icon-fontawesome sow-far\" data-sow-icon=\"&#xf1c1;\"\n\t\tstyle=\"\" \n\t\taria-hidden=\"true\"><\/span>\n\t\t\tCirculaire n\u00b0279 Prise en compte de note de conduite dans le calcul des moyennes trimestrielles et annuelles\t\t<\/span>\n\t\t\t<\/a>\n\t<\/div>\n<\/div><\/div><\/div><div id=\"panel-3771-0-0-14\" class=\"so-panel widget widget_sow-button panel-last-child\" data-index=\"14\" ><div class=\"wow bounceIn panel-widget-style panel-widget-style-for-3771-0-0-14\" data-wow-offset=\"10\" data-wow-iteration=\"1\" ><div\n\t\t\t\n\t\t\tclass=\"so-widget-sow-button so-widget-sow-button-atom-8ce0164d13d6-3771\"\n\t\t\t\n\t\t><div class=\"ow-button-base ow-button-align-justify\"\n style=\"display: block;\">\n\t\t\t<a\n\t\t\t\t\thref=\"https:\/\/dpfc-ci.net\/docs_officiels\/textes_de_rentree_2023-2024\/Circulaire%20n%C2%B0280%20Emploi%20du%20temps%20de%20l%27enseignement%20primaire.pdf\"\n\t\t\t\t\tclass=\"sowb-button ow-icon-placement-left ow-button-hover\" target=\"_blank\" rel=\"noopener noreferrer\" \t>\n\t\t<span>\n\t\t\t<span class=\"sow-icon-fontawesome sow-far\" data-sow-icon=\"&#xf1c1;\"\n\t\tstyle=\"\" \n\t\taria-hidden=\"true\"><\/span>\n\t\t\tEmploi du temps de l'enseignement primaire | Circulaire n\u00b0280 \t\t<\/span>\n\t\t\t<\/a>\n\t<\/div>\n<\/div><\/div><\/div><\/div><\/div><\/div>","protected":false},"excerpt":{"rendered":"<p>CIRCULAIRE LISTE SUPPORTS DIDACTIQUES ET PEDAGOGIQUES 2023-2024 Manuels scolaires et supports agr\u00e9\u00e9s\/recommand\u00e9s 2023-2024 Arr\u00eat\u00e9 N\u00b0 278 Portant modalit\u00e9s des visites de classe Circulaire n\u00b0 276 Interdiction de vente des manuels scolaires et des supports didactiques au sein et aux abords des \u00e9coles Circulaire n\u00b0268 Modalit\u00e9s de passage en classe superieure Circulaire n\u00b0269 Disposition pratiques pour [&hellip;]<\/p>\n","protected":false},"author":1,"featured_media":0,"parent":0,"menu_order":0,"comment_status":"closed","ping_status":"closed","template":"","meta":{"footnotes":""},"class_list":["post-3771","page","type-page","status-publish","hentry"],"_links":{"self":[{"href":"https:\/\/dpfc-ci.net\/index.php?rest_route=\/wp\/v2\/pages\/3771","targetHints":{"allow":["GET"]}}],"collection":[{"href":"https:\/\/dpfc-ci.net\/index.php?rest_route=\/wp\/v2\/pages"}],"about":[{"href":"https:\/\/dpfc-ci.net\/index.php?rest_route=\/wp\/v2\/types\/page"}],"author":[{"embeddable":true,"href":"https:\/\/dpfc-ci.net\/index.php?rest_route=\/wp\/v2\/users\/1"}],"replies":[{"embeddable":true,"href":"https:\/\/dpfc-ci.net\/index.php?rest_route=%2Fwp%2Fv2%2Fcomments&post=3771"}],"version-history":[{"count":45,"href":"https:\/\/dpfc-ci.net\/index.php?rest_route=\/wp\/v2\/pages\/3771\/revisions"}],"predecessor-version":[{"id":4740,"href":"https:\/\/dpfc-ci.net\/index.php?rest_route=\/wp\/v2\/pages\/3771\/revisions\/4740"}],"wp:attachment":[{"href":"https:\/\/dpfc-ci.net\/index.php?rest_route=%2Fwp%2Fv2%2Fmedia&parent=3771"}],"curies":[{"name":"wp","href":"https:\/\/api.w.org\/{rel}","templated":true}]}}