{"id":2767,"date":"2019-08-15T17:50:37","date_gmt":"2019-08-15T17:50:37","guid":{"rendered":"http:\/\/dpfc-ci.net\/?page_id=2767"},"modified":"2019-08-19T10:14:44","modified_gmt":"2019-08-19T10:14:44","slug":"modules-de-formation-des-instituteurs-adjoints-contractuels-du-programme-social-du-gouvernement-2019-2-2","status":"publish","type":"page","link":"https:\/\/dpfc-ci.net\/?page_id=2767","title":{"rendered":"Formation des Professeurs Lyc\u00e9e\/Coll\u00e8ge et Bivalents Contractuels du Programme Social du Gouvernement 2019"},"content":{"rendered":"\n<hr class=\"wp-block-separator\"\/>\n\n\n\n<h4 class=\"wp-block-heading\">Modules de Formation des Professeurs Lyc\u00e9e\/Coll\u00e8ge et Bivalents Contractuels du Programme Social du Gouvernement 2019<\/h4>\n\n\n<div id=\"pl-gb2767-69f5cc7b08285\"  class=\"panel-layout\" ><div id=\"pg-gb2767-69f5cc7b08285-0\"  class=\"panel-grid panel-no-style\" ><div id=\"pgc-gb2767-69f5cc7b08285-0-0\"  class=\"panel-grid-cell\" ><div id=\"panel-gb2767-69f5cc7b08285-0-0-0\" class=\"so-panel widget widget_sow-button panel-first-child\" data-index=\"0\" ><div class=\"wow bounceIn panel-widget-style panel-widget-style-for-gb2767-69f5cc7b08285-0-0-0\" data-wow-offset=\"10\" data-wow-iteration=\"1\" ><div\n\t\t\t\n\t\t\tclass=\"so-widget-sow-button so-widget-sow-button-atom-0e4038f6f238-2767\"\n\t\t\t\n\t\t><div class=\"ow-button-base ow-button-align-center\"\n>\n\t\t\t<a\n\t\t\t\t\thref=\"https:\/\/dpfc-ci.net\/wp-content\/uploads\/dpfc_fichiers\/2019-2020\/psgouv2019\/Modules%20du%20secondaire_Contractuels%202019\/Modules%20contractuels_Allemand\/Modules%20Formation%20Contractuels%202019_Allemand.pdf\"\n\t\t\t\t\tclass=\"sowb-button ow-icon-placement-left ow-button-hover\" target=\"_blank\" rel=\"noopener noreferrer\" \t>\n\t\t<span>\n\t\t\t<span class=\"sow-icon-fontawesome sow-far\" data-sow-icon=\"&#xf1c1;\"\n\t\tstyle=\"\" \n\t\taria-hidden=\"true\"><\/span>\n\t\t\tMod_1 Allemand\t\t<\/span>\n\t\t\t<\/a>\n\t<\/div>\n<\/div><\/div><\/div><div id=\"panel-gb2767-69f5cc7b08285-0-0-1\" class=\"so-panel widget widget_sow-button\" data-index=\"1\" ><div class=\"wow bounceIn panel-widget-style panel-widget-style-for-gb2767-69f5cc7b08285-0-0-1\" data-wow-offset=\"10\" data-wow-iteration=\"1\" ><div\n\t\t\t\n\t\t\tclass=\"so-widget-sow-button so-widget-sow-button-atom-0e4038f6f238-2767\"\n\t\t\t\n\t\t><div class=\"ow-button-base ow-button-align-center\"\n>\n\t\t\t<a\n\t\t\t\t\thref=\"https:\/\/dpfc-ci.net\/wp-content\/uploads\/dpfc_fichiers\/2019-2020\/psgouv2019\/Modules%20du%20secondaire_Contractuels%202019\/Modules%20contractuels_Allemand\/Modules%20transversaux%20Formation_Allemand.pdf\"\n\t\t\t\t\tclass=\"sowb-button ow-icon-placement-left ow-button-hover\" target=\"_blank\" rel=\"noopener noreferrer\" \t>\n\t\t<span>\n\t\t\t<span class=\"sow-icon-fontawesome sow-far\" data-sow-icon=\"&#xf1c1;\"\n\t\tstyle=\"\" \n\t\taria-hidden=\"true\"><\/span>\n\t\t\tMod_2 Allemand\t\t<\/span>\n\t\t\t<\/a>\n\t<\/div>\n<\/div><\/div><\/div><div id=\"panel-gb2767-69f5cc7b08285-0-0-2\" class=\"so-panel widget widget_sow-button\" data-index=\"2\" ><div class=\"wow bounceIn panel-widget-style panel-widget-style-for-gb2767-69f5cc7b08285-0-0-2\" data-wow-offset=\"10\" data-wow-iteration=\"1\" ><div\n\t\t\t\n\t\t\tclass=\"so-widget-sow-button so-widget-sow-button-atom-0e4038f6f238-2767\"\n\t\t\t\n\t\t><div class=\"ow-button-base ow-button-align-center\"\n>\n\t\t\t<a\n\t\t\t\t\thref=\"https:\/\/dpfc-ci.net\/wp-content\/uploads\/dpfc_fichiers\/2019-2020\/psgouv2019\/Modules%20du%20secondaire_Contractuels%202019\/Modules%20contractuels_EDHC\/Modules%20Formation%20Contractuels%202019_EDHC.pdf\"\n\t\t\t\t\tclass=\"sowb-button ow-icon-placement-left ow-button-hover\" target=\"_blank\" rel=\"noopener noreferrer\" \t>\n\t\t<span>\n\t\t\t<span class=\"sow-icon-fontawesome sow-far\" data-sow-icon=\"&#xf1c1;\"\n\t\tstyle=\"\" \n\t\taria-hidden=\"true\"><\/span>\n\t\t\tModule_1 EDHC\t\t<\/span>\n\t\t\t<\/a>\n\t<\/div>\n<\/div><\/div><\/div><div id=\"panel-gb2767-69f5cc7b08285-0-0-3\" class=\"so-panel widget widget_sow-button\" data-index=\"3\" ><div class=\"wow bounceIn panel-widget-style panel-widget-style-for-gb2767-69f5cc7b08285-0-0-3\" data-wow-offset=\"10\" data-wow-iteration=\"1\" ><div\n\t\t\t\n\t\t\tclass=\"so-widget-sow-button so-widget-sow-button-atom-0e4038f6f238-2767\"\n\t\t\t\n\t\t><div class=\"ow-button-base ow-button-align-center\"\n>\n\t\t\t<a\n\t\t\t\t\thref=\"https:\/\/dpfc-ci.net\/wp-content\/uploads\/dpfc_fichiers\/2019-2020\/psgouv2019\/Modules%20du%20secondaire_Contractuels%202019\/Modules%20contractuels_EDHC\/Modules%20Transversaux%20Formation%20_EDHC.pdf\"\n\t\t\t\t\tclass=\"sowb-button ow-icon-placement-left ow-button-hover\" target=\"_blank\" rel=\"noopener noreferrer\" \t>\n\t\t<span>\n\t\t\t<span class=\"sow-icon-fontawesome sow-far\" data-sow-icon=\"&#xf1c1;\"\n\t\tstyle=\"\" \n\t\taria-hidden=\"true\"><\/span>\n\t\t\tModule_2 EDHC\t\t<\/span>\n\t\t\t<\/a>\n\t<\/div>\n<\/div><\/div><\/div><div id=\"panel-gb2767-69f5cc7b08285-0-0-4\" class=\"so-panel widget widget_sow-button\" data-index=\"4\" ><div class=\"wow bounceIn panel-widget-style panel-widget-style-for-gb2767-69f5cc7b08285-0-0-4\" data-wow-offset=\"10\" data-wow-iteration=\"1\" ><div\n\t\t\t\n\t\t\tclass=\"so-widget-sow-button so-widget-sow-button-atom-0e4038f6f238-2767\"\n\t\t\t\n\t\t><div class=\"ow-button-base ow-button-align-center\"\n>\n\t\t\t<a\n\t\t\t\t\thref=\"https:\/\/dpfc-ci.net\/wp-content\/uploads\/dpfc_fichiers\/2019-2020\/psgouv2019\/Modules%20du%20secondaire_Contractuels%202019\/Modules%20contractuels_Mathematiques\/Modules%20formation%20Contractuels%202019_Mathematiques.pdf\"\n\t\t\t\t\tclass=\"sowb-button ow-icon-placement-left ow-button-hover\" target=\"_blank\" rel=\"noopener noreferrer\" \t>\n\t\t<span>\n\t\t\t<span class=\"sow-icon-fontawesome sow-far\" data-sow-icon=\"&#xf1c1;\"\n\t\tstyle=\"\" \n\t\taria-hidden=\"true\"><\/span>\n\t\t\tModule_1 Maths\t\t<\/span>\n\t\t\t<\/a>\n\t<\/div>\n<\/div><\/div><\/div><div id=\"panel-gb2767-69f5cc7b08285-0-0-5\" class=\"so-panel widget widget_sow-button panel-last-child\" data-index=\"5\" ><div class=\"wow bounceIn panel-widget-style panel-widget-style-for-gb2767-69f5cc7b08285-0-0-5\" data-wow-offset=\"10\" data-wow-iteration=\"1\" ><div\n\t\t\t\n\t\t\tclass=\"so-widget-sow-button so-widget-sow-button-atom-0e4038f6f238-2767\"\n\t\t\t\n\t\t><div class=\"ow-button-base ow-button-align-center\"\n>\n\t\t\t<a\n\t\t\t\t\thref=\"https:\/\/dpfc-ci.net\/wp-content\/uploads\/dpfc_fichiers\/2019-2020\/psgouv2019\/Modules%20du%20secondaire_Contractuels%202019\/Modules%20contractuels_Mathematiques\/ModulesTransversaux%20Formation_Mathematiques.pdf\"\n\t\t\t\t\tclass=\"sowb-button ow-icon-placement-left ow-button-hover\" target=\"_blank\" rel=\"noopener noreferrer\" \t>\n\t\t<span>\n\t\t\t<span class=\"sow-icon-fontawesome sow-far\" data-sow-icon=\"&#xf1c1;\"\n\t\tstyle=\"\" \n\t\taria-hidden=\"true\"><\/span>\n\t\t\tModule_2 Maths\t\t<\/span>\n\t\t\t<\/a>\n\t<\/div>\n<\/div><\/div><\/div><\/div><div id=\"pgc-gb2767-69f5cc7b08285-0-1\"  class=\"panel-grid-cell\" ><div id=\"panel-gb2767-69f5cc7b08285-0-1-0\" class=\"so-panel widget widget_sow-button panel-first-child\" data-index=\"6\" ><div class=\"wow bounceIn panel-widget-style panel-widget-style-for-gb2767-69f5cc7b08285-0-1-0\" data-wow-offset=\"10\" data-wow-iteration=\"1\" ><div\n\t\t\t\n\t\t\tclass=\"so-widget-sow-button so-widget-sow-button-atom-0e4038f6f238-2767\"\n\t\t\t\n\t\t><div class=\"ow-button-base ow-button-align-center\"\n>\n\t\t\t<a\n\t\t\t\t\thref=\"https:\/\/dpfc-ci.net\/wp-content\/uploads\/dpfc_fichiers\/2019-2020\/psgouv2019\/Modules%20du%20secondaire_Contractuels%202019\/Modules%20contractuels_Anglais\/Modules%20Formation%20Contractuels%202019_%20Anglais.pdf\"\n\t\t\t\t\tclass=\"sowb-button ow-icon-placement-left ow-button-hover\" target=\"_blank\" rel=\"noopener noreferrer\" \t>\n\t\t<span>\n\t\t\t<span class=\"sow-icon-fontawesome sow-far\" data-sow-icon=\"&#xf1c1;\"\n\t\tstyle=\"\" \n\t\taria-hidden=\"true\"><\/span>\n\t\t\tModule_1 Anglais\t\t<\/span>\n\t\t\t<\/a>\n\t<\/div>\n<\/div><\/div><\/div><div id=\"panel-gb2767-69f5cc7b08285-0-1-1\" class=\"so-panel widget widget_sow-button\" data-index=\"7\" ><div class=\"wow bounceIn panel-widget-style panel-widget-style-for-gb2767-69f5cc7b08285-0-1-1\" data-wow-offset=\"10\" data-wow-iteration=\"1\" ><div\n\t\t\t\n\t\t\tclass=\"so-widget-sow-button so-widget-sow-button-atom-0e4038f6f238-2767\"\n\t\t\t\n\t\t><div class=\"ow-button-base ow-button-align-center\"\n>\n\t\t\t<a\n\t\t\t\t\thref=\"https:\/\/dpfc-ci.net\/wp-content\/uploads\/dpfc_fichiers\/2019-2020\/psgouv2019\/Modules%20du%20secondaire_Contractuels%202019\/Modules%20contractuels_Anglais\/Modules%20transversaux%20Formation%20_Anglais.pdf\"\n\t\t\t\t\tclass=\"sowb-button ow-icon-placement-left ow-button-hover\" target=\"_blank\" rel=\"noopener noreferrer\" \t>\n\t\t<span>\n\t\t\t<span class=\"sow-icon-fontawesome sow-far\" data-sow-icon=\"&#xf1c1;\"\n\t\tstyle=\"\" \n\t\taria-hidden=\"true\"><\/span>\n\t\t\tModule_2 Anglais\t\t<\/span>\n\t\t\t<\/a>\n\t<\/div>\n<\/div><\/div><\/div><div id=\"panel-gb2767-69f5cc7b08285-0-1-2\" class=\"so-panel widget widget_sow-button\" data-index=\"8\" ><div class=\"wow bounceIn panel-widget-style panel-widget-style-for-gb2767-69f5cc7b08285-0-1-2\" data-wow-offset=\"10\" data-wow-iteration=\"1\" ><div\n\t\t\t\n\t\t\tclass=\"so-widget-sow-button so-widget-sow-button-atom-0e4038f6f238-2767\"\n\t\t\t\n\t\t><div class=\"ow-button-base ow-button-align-center\"\n>\n\t\t\t<a\n\t\t\t\t\thref=\"https:\/\/dpfc-ci.net\/wp-content\/uploads\/dpfc_fichiers\/2019-2020\/psgouv2019\/Modules%20du%20secondaire_Contractuels%202019\/Modules%20contractuels_SVT\/Modules%20Formation%20Contractuels%202019_SVT.pdf\"\n\t\t\t\t\tclass=\"sowb-button ow-icon-placement-left ow-button-hover\" target=\"_blank\" rel=\"noopener noreferrer\" \t>\n\t\t<span>\n\t\t\t<span class=\"sow-icon-fontawesome sow-far\" data-sow-icon=\"&#xf1c1;\"\n\t\tstyle=\"\" \n\t\taria-hidden=\"true\"><\/span>\n\t\t\tModule SVT\t\t<\/span>\n\t\t\t<\/a>\n\t<\/div>\n<\/div><\/div><\/div><div id=\"panel-gb2767-69f5cc7b08285-0-1-3\" class=\"so-panel widget widget_sow-button\" data-index=\"9\" ><div class=\"wow bounceIn panel-widget-style panel-widget-style-for-gb2767-69f5cc7b08285-0-1-3\" data-wow-offset=\"10\" data-wow-iteration=\"1\" ><div\n\t\t\t\n\t\t\tclass=\"so-widget-sow-button so-widget-sow-button-atom-0e4038f6f238-2767\"\n\t\t\t\n\t\t><div class=\"ow-button-base ow-button-align-center\"\n>\n\t\t\t<a\n\t\t\t\t\thref=\"https:\/\/dpfc-ci.net\/wp-content\/uploads\/dpfc_fichiers\/2019-2020\/psgouv2019\/Modules%20du%20secondaire_Contractuels%202019\/Modules%20contractuels_SVT\/Supports%20SVT.pdf\"\n\t\t\t\t\tclass=\"sowb-button ow-icon-placement-left ow-button-hover\" target=\"_blank\" rel=\"noopener noreferrer\" \t>\n\t\t<span>\n\t\t\t<span class=\"sow-icon-fontawesome sow-far\" data-sow-icon=\"&#xf1c1;\"\n\t\tstyle=\"\" \n\t\taria-hidden=\"true\"><\/span>\n\t\t\tSupports SVT\t\t<\/span>\n\t\t\t<\/a>\n\t<\/div>\n<\/div><\/div><\/div><div id=\"panel-gb2767-69f5cc7b08285-0-1-4\" class=\"so-panel widget widget_sow-button\" data-index=\"10\" ><div class=\"wow bounceIn panel-widget-style panel-widget-style-for-gb2767-69f5cc7b08285-0-1-4\" data-wow-offset=\"10\" data-wow-iteration=\"1\" ><div\n\t\t\t\n\t\t\tclass=\"so-widget-sow-button so-widget-sow-button-atom-0e4038f6f238-2767\"\n\t\t\t\n\t\t><div class=\"ow-button-base ow-button-align-center\"\n>\n\t\t\t<a\n\t\t\t\t\thref=\"https:\/\/dpfc-ci.net\/wp-content\/uploads\/dpfc_fichiers\/2019-2020\/psgouv2019\/Modules%20du%20secondaire_Contractuels%202019\/Module%20Formation%20Contractuels%202019_TICE.pdf\"\n\t\t\t\t\tclass=\"sowb-button ow-icon-placement-left ow-button-hover\" target=\"_blank\" rel=\"noopener noreferrer\" \t>\n\t\t<span>\n\t\t\t<span class=\"sow-icon-fontawesome sow-far\" data-sow-icon=\"&#xf1c1;\"\n\t\tstyle=\"\" \n\t\taria-hidden=\"true\"><\/span>\n\t\t\tModule TICE\t\t<\/span>\n\t\t\t<\/a>\n\t<\/div>\n<\/div><\/div><\/div><div id=\"panel-gb2767-69f5cc7b08285-0-1-5\" class=\"so-panel widget widget_sow-button panel-last-child\" data-index=\"11\" ><div class=\"wow bounceIn panel-widget-style panel-widget-style-for-gb2767-69f5cc7b08285-0-1-5\" data-wow-offset=\"10\" data-wow-iteration=\"1\" ><div\n\t\t\t\n\t\t\tclass=\"so-widget-sow-button so-widget-sow-button-atom-0e4038f6f238-2767\"\n\t\t\t\n\t\t><div class=\"ow-button-base ow-button-align-center\"\n>\n\t\t\t<a\n\t\t\t\t\thref=\"https:\/\/dpfc-ci.net\/wp-content\/uploads\/dpfc_fichiers\/2019-2020\/psgouv2019\/Modules%20du%20secondaire_Contractuels%202019\/Modules%20formation%20Contractuels%202019_EPS.pdf\"\n\t\t\t\t\tclass=\"sowb-button ow-icon-placement-left ow-button-hover\" target=\"_blank\" rel=\"noopener noreferrer\" \t>\n\t\t<span>\n\t\t\t<span class=\"sow-icon-fontawesome sow-far\" data-sow-icon=\"&#xf1c1;\"\n\t\tstyle=\"\" \n\t\taria-hidden=\"true\"><\/span>\n\t\t\tModule EPS\t\t<\/span>\n\t\t\t<\/a>\n\t<\/div>\n<\/div><\/div><\/div><\/div><div id=\"pgc-gb2767-69f5cc7b08285-0-2\"  class=\"panel-grid-cell\" ><div id=\"panel-gb2767-69f5cc7b08285-0-2-0\" class=\"so-panel widget widget_sow-button panel-first-child\" data-index=\"12\" ><div class=\"wow bounceIn panel-widget-style panel-widget-style-for-gb2767-69f5cc7b08285-0-2-0\" data-wow-offset=\"10\" data-wow-iteration=\"1\" ><div\n\t\t\t\n\t\t\tclass=\"so-widget-sow-button so-widget-sow-button-atom-0e4038f6f238-2767\"\n\t\t\t\n\t\t><div class=\"ow-button-base ow-button-align-center\"\n>\n\t\t\t<a\n\t\t\t\t\thref=\"https:\/\/dpfc-ci.net\/wp-content\/uploads\/dpfc_fichiers\/2019-2020\/psgouv2019\/Modules%20du%20secondaire_Contractuels%202019\/Modules%20Formation%20Contractuels%202019_Espagnol.pdf\"\n\t\t\t\t\tclass=\"sowb-button ow-icon-placement-left ow-button-hover\" target=\"_blank\" rel=\"noopener noreferrer\" \t>\n\t\t<span>\n\t\t\t<span class=\"sow-icon-fontawesome sow-far\" data-sow-icon=\"&#xf1c1;\"\n\t\tstyle=\"\" \n\t\taria-hidden=\"true\"><\/span>\n\t\t\tModule Espagnol\t\t<\/span>\n\t\t\t<\/a>\n\t<\/div>\n<\/div><\/div><\/div><div id=\"panel-gb2767-69f5cc7b08285-0-2-1\" class=\"so-panel widget widget_sow-button\" data-index=\"13\" ><div class=\"wow bounceIn panel-widget-style panel-widget-style-for-gb2767-69f5cc7b08285-0-2-1\" data-wow-offset=\"10\" data-wow-iteration=\"1\" ><div\n\t\t\t\n\t\t\tclass=\"so-widget-sow-button so-widget-sow-button-atom-0e4038f6f238-2767\"\n\t\t\t\n\t\t><div class=\"ow-button-base ow-button-align-center\"\n>\n\t\t\t<a\n\t\t\t\t\thref=\"https:\/\/dpfc-ci.net\/wp-content\/uploads\/dpfc_fichiers\/2019-2020\/psgouv2019\/Modules%20du%20secondaire_Contractuels%202019\/Modules%20Formation%20Contractuels%202019_Hist%20Geo.pdf\"\n\t\t\t\t\tclass=\"sowb-button ow-icon-placement-left ow-button-hover\" target=\"_blank\" rel=\"noopener noreferrer\" \t>\n\t\t<span>\n\t\t\t<span class=\"sow-icon-fontawesome sow-far\" data-sow-icon=\"&#xf1c1;\"\n\t\tstyle=\"\" \n\t\taria-hidden=\"true\"><\/span>\n\t\t\tModule Hist-Geo\t\t<\/span>\n\t\t\t<\/a>\n\t<\/div>\n<\/div><\/div><\/div><div id=\"panel-gb2767-69f5cc7b08285-0-2-2\" class=\"so-panel widget widget_sow-button\" data-index=\"14\" ><div class=\"wow bounceIn panel-widget-style panel-widget-style-for-gb2767-69f5cc7b08285-0-2-2\" data-wow-offset=\"10\" data-wow-iteration=\"1\" ><div\n\t\t\t\n\t\t\tclass=\"so-widget-sow-button so-widget-sow-button-atom-0e4038f6f238-2767\"\n\t\t\t\n\t\t><div class=\"ow-button-base ow-button-align-center\"\n>\n\t\t\t<a\n\t\t\t\t\thref=\"https:\/\/dpfc-ci.net\/wp-content\/uploads\/dpfc_fichiers\/2019-2020\/psgouv2019\/Modules%20du%20secondaire_Contractuels%202019\/Modules%20Contractuels_Francais\/Modules%20Formation%20Contractuels%202019_Fran%D0%97ais%202nd%20cycle.pdf\"\n\t\t\t\t\tclass=\"sowb-button ow-icon-placement-left ow-button-hover\" target=\"_blank\" rel=\"noopener noreferrer\" \t>\n\t\t<span>\n\t\t\t<span class=\"sow-icon-fontawesome sow-far\" data-sow-icon=\"&#xf1c1;\"\n\t\tstyle=\"\" \n\t\taria-hidden=\"true\"><\/span>\n\t\t\tMod. C1 Fran\u00e7ais\t\t<\/span>\n\t\t\t<\/a>\n\t<\/div>\n<\/div><\/div><\/div><div id=\"panel-gb2767-69f5cc7b08285-0-2-3\" class=\"so-panel widget widget_sow-button\" data-index=\"15\" ><div class=\"wow bounceIn panel-widget-style panel-widget-style-for-gb2767-69f5cc7b08285-0-2-3\" data-wow-offset=\"10\" data-wow-iteration=\"1\" ><div\n\t\t\t\n\t\t\tclass=\"so-widget-sow-button so-widget-sow-button-atom-0e4038f6f238-2767\"\n\t\t\t\n\t\t><div class=\"ow-button-base ow-button-align-center\"\n>\n\t\t\t<a\n\t\t\t\t\thref=\"https:\/\/dpfc-ci.net\/wp-content\/uploads\/dpfc_fichiers\/2019-2020\/psgouv2019\/Modules%20du%20secondaire_Contractuels%202019\/Modules%20Contractuels_Francais\/Modules%20Formation%20Contractuels%202019_Fran%D0%97ais%202nd%20cycle.pdf\"\n\t\t\t\t\tclass=\"sowb-button ow-icon-placement-left ow-button-hover\" target=\"_blank\" rel=\"noopener noreferrer\" \t>\n\t\t<span>\n\t\t\t<span class=\"sow-icon-fontawesome sow-far\" data-sow-icon=\"&#xf1c1;\"\n\t\tstyle=\"\" \n\t\taria-hidden=\"true\"><\/span>\n\t\t\tMod. C2 Fran\u00e7ais\t\t<\/span>\n\t\t\t<\/a>\n\t<\/div>\n<\/div><\/div><\/div><div id=\"panel-gb2767-69f5cc7b08285-0-2-4\" class=\"so-panel widget widget_sow-button\" data-index=\"16\" ><div class=\"wow bounceIn panel-widget-style panel-widget-style-for-gb2767-69f5cc7b08285-0-2-4\" data-wow-offset=\"10\" data-wow-iteration=\"1\" ><div\n\t\t\t\n\t\t\tclass=\"so-widget-sow-button so-widget-sow-button-atom-0e4038f6f238-2767\"\n\t\t\t\n\t\t><div class=\"ow-button-base ow-button-align-center\"\n>\n\t\t\t<a\n\t\t\t\t\thref=\"https:\/\/dpfc-ci.net\/wp-content\/uploads\/dpfc_fichiers\/2019-2020\/psgouv2019\/Modules%20du%20secondaire_Contractuels%202019\/Modules%20Contractuels_Francais\/Support%20Fran%D0%97ais.pdf\"\n\t\t\t\t\tclass=\"sowb-button ow-icon-placement-left ow-button-hover\" target=\"_blank\" rel=\"noopener noreferrer\" \t>\n\t\t<span>\n\t\t\t<span class=\"sow-icon-fontawesome sow-far\" data-sow-icon=\"&#xf1c1;\"\n\t\tstyle=\"\" \n\t\taria-hidden=\"true\"><\/span>\n\t\t\tSupports Fran\u00e7ais\t\t<\/span>\n\t\t\t<\/a>\n\t<\/div>\n<\/div><\/div><\/div><div id=\"panel-gb2767-69f5cc7b08285-0-2-5\" class=\"so-panel widget widget_sow-button\" data-index=\"17\" ><div class=\"wow bounceIn panel-widget-style panel-widget-style-for-gb2767-69f5cc7b08285-0-2-5\" data-wow-offset=\"10\" data-wow-iteration=\"1\" ><div\n\t\t\t\n\t\t\tclass=\"so-widget-sow-button so-widget-sow-button-atom-0e4038f6f238-2767\"\n\t\t\t\n\t\t><div class=\"ow-button-base ow-button-align-center\"\n>\n\t\t\t<a\n\t\t\t\t\thref=\"https:\/\/dpfc-ci.net\/wp-content\/uploads\/dpfc_fichiers\/2019-2020\/psgouv2019\/Modules%20du%20secondaire_Contractuels%202019\/Modules%20Formation%20Contractuels_Physique%20Chimie.pdf\"\n\t\t\t\t\tclass=\"sowb-button ow-icon-placement-left ow-button-hover\" target=\"_blank\" rel=\"noopener noreferrer\" \t>\n\t\t<span>\n\t\t\t<span class=\"sow-icon-fontawesome sow-far\" data-sow-icon=\"&#xf1c1;\"\n\t\tstyle=\"\" \n\t\taria-hidden=\"true\"><\/span>\n\t\t\tModule PC\t\t<\/span>\n\t\t\t<\/a>\n\t<\/div>\n<\/div><\/div><\/div><div id=\"panel-gb2767-69f5cc7b08285-0-2-6\" class=\"so-panel widget widget_sow-button panel-last-child\" data-index=\"18\" ><div class=\"wow bounceIn panel-widget-style panel-widget-style-for-gb2767-69f5cc7b08285-0-2-6\" data-wow-offset=\"10\" data-wow-iteration=\"1\" ><div\n\t\t\t\n\t\t\tclass=\"so-widget-sow-button so-widget-sow-button-atom-0e4038f6f238-2767\"\n\t\t\t\n\t\t><div class=\"ow-button-base ow-button-align-center\"\n>\n\t\t\t<a\n\t\t\t\t\thref=\"https:\/\/dpfc-ci.net\/wp-content\/uploads\/dpfc_fichiers\/2019-2020\/psgouv2019\/Modules%20du%20secondaire_Contractuels%202019\/Modules%20Formation%20Contractuels_Philosophie.pdf\"\n\t\t\t\t\tclass=\"sowb-button ow-icon-placement-left ow-button-hover\" target=\"_blank\" rel=\"noopener noreferrer\" \t>\n\t\t<span>\n\t\t\t<span class=\"sow-icon-fontawesome sow-far\" data-sow-icon=\"&#xf1c1;\"\n\t\tstyle=\"\" \n\t\taria-hidden=\"true\"><\/span>\n\t\t\tModule Philo\t\t<\/span>\n\t\t\t<\/a>\n\t<\/div>\n<\/div><\/div><\/div><\/div><\/div><\/div>\n\n\n<h5 class=\"wp-block-heading\"><a href=\"https:\/\/dpfc-ci.net\/?page_id=283\">Les programmes \u00e9ducatifs disciplinaires \u00e0 t\u00e9l\u00e9charger<\/a><\/h5>\n\n\n\n<p><\/p>\n","protected":false},"excerpt":{"rendered":"<p>Modules de Formation des Professeurs Lyc\u00e9e\/Coll\u00e8ge et Bivalents Contractuels du Programme Social du Gouvernement 2019 Les programmes \u00e9ducatifs disciplinaires \u00e0 t\u00e9l\u00e9charger<\/p>\n","protected":false},"author":1,"featured_media":0,"parent":2690,"menu_order":0,"comment_status":"closed","ping_status":"closed","template":"","meta":{"footnotes":""},"class_list":["post-2767","page","type-page","status-publish","hentry"],"_links":{"self":[{"href":"https:\/\/dpfc-ci.net\/index.php?rest_route=\/wp\/v2\/pages\/2767","targetHints":{"allow":["GET"]}}],"collection":[{"href":"https:\/\/dpfc-ci.net\/index.php?rest_route=\/wp\/v2\/pages"}],"about":[{"href":"https:\/\/dpfc-ci.net\/index.php?rest_route=\/wp\/v2\/types\/page"}],"author":[{"embeddable":true,"href":"https:\/\/dpfc-ci.net\/index.php?rest_route=\/wp\/v2\/users\/1"}],"replies":[{"embeddable":true,"href":"https:\/\/dpfc-ci.net\/index.php?rest_route=%2Fwp%2Fv2%2Fcomments&post=2767"}],"version-history":[{"count":36,"href":"https:\/\/dpfc-ci.net\/index.php?rest_route=\/wp\/v2\/pages\/2767\/revisions"}],"predecessor-version":[{"id":2809,"href":"https:\/\/dpfc-ci.net\/index.php?rest_route=\/wp\/v2\/pages\/2767\/revisions\/2809"}],"up":[{"embeddable":true,"href":"https:\/\/dpfc-ci.net\/index.php?rest_route=\/wp\/v2\/pages\/2690"}],"wp:attachment":[{"href":"https:\/\/dpfc-ci.net\/index.php?rest_route=%2Fwp%2Fv2%2Fmedia&parent=2767"}],"curies":[{"name":"wp","href":"https:\/\/api.w.org\/{rel}","templated":true}]}}