{"id":2738,"date":"2019-08-15T12:04:12","date_gmt":"2019-08-15T12:04:12","guid":{"rendered":"http:\/\/dpfc-ci.net\/?page_id=2738"},"modified":"2019-08-15T13:18:30","modified_gmt":"2019-08-15T13:18:30","slug":"modules-de-formation-des-instituteurs-adjoints-contractuels-du-programme-social-du-gouvernement-2019-2","status":"publish","type":"page","link":"https:\/\/dpfc-ci.net\/?page_id=2738","title":{"rendered":"Formation des Instituteurs Adjoints (IA) Contractuels du Programme Social du Gouvernement 2019"},"content":{"rendered":"\n<hr class=\"wp-block-separator\"\/>\n\n\n\n<h4 class=\"wp-block-heading\">Modules de Formation des Instituteurs Adjoints (IA) Contractuels du Programme Social du Gouvernement 2019<\/h4>\n\n\n<div id=\"pl-gb2738-69f55ed4be9ee\"  class=\"panel-layout\" ><div id=\"pg-gb2738-69f55ed4be9ee-0\"  class=\"panel-grid panel-no-style\" ><div id=\"pgc-gb2738-69f55ed4be9ee-0-0\"  class=\"panel-grid-cell\" ><div id=\"panel-gb2738-69f55ed4be9ee-0-0-0\" class=\"so-panel widget widget_sow-button panel-first-child\" data-index=\"0\" ><div class=\"wow bounceIn panel-widget-style panel-widget-style-for-gb2738-69f55ed4be9ee-0-0-0\" data-wow-offset=\"10\" data-wow-iteration=\"1\" ><div\n\t\t\t\n\t\t\tclass=\"so-widget-sow-button so-widget-sow-button-atom-e4fdaef1e4e3-2738\"\n\t\t\t\n\t\t><div class=\"ow-button-base ow-button-align-center\"\n>\n\t\t\t<a\n\t\t\t\t\thref=\"https:\/\/dpfc-ci.net\/wp-content\/uploads\/dpfc_fichiers\/2019-2020\/psgouv2019\/modprim19j19\/Module%20Psycho_IA%20Contractuels%202019.pdf\"\n\t\t\t\t\tclass=\"sowb-button ow-icon-placement-left ow-button-hover\" target=\"_blank\" rel=\"noopener noreferrer\" \t>\n\t\t<span>\n\t\t\t<span class=\"sow-icon-fontawesome sow-far\" data-sow-icon=\"&#xf1c1;\"\n\t\tstyle=\"\" \n\t\taria-hidden=\"true\"><\/span>\n\t\t\tPsycho\t\t<\/span>\n\t\t\t<\/a>\n\t<\/div>\n<\/div><\/div><\/div><div id=\"panel-gb2738-69f55ed4be9ee-0-0-1\" class=\"so-panel widget widget_sow-button\" data-index=\"1\" ><div class=\"wow bounceIn panel-widget-style panel-widget-style-for-gb2738-69f55ed4be9ee-0-0-1\" data-wow-offset=\"10\" data-wow-iteration=\"1\" ><div\n\t\t\t\n\t\t\tclass=\"so-widget-sow-button so-widget-sow-button-atom-e4fdaef1e4e3-2738\"\n\t\t\t\n\t\t><div class=\"ow-button-base ow-button-align-center\"\n>\n\t\t\t<a\n\t\t\t\t\thref=\"https:\/\/dpfc-ci.net\/wp-content\/uploads\/dpfc_fichiers\/2019-2020\/psgouv2019\/modprim19j19\/Module%20FS_%20IA%20Contractuels%202019.pdf\"\n\t\t\t\t\tclass=\"sowb-button ow-icon-placement-left ow-button-hover\" target=\"_blank\" rel=\"noopener noreferrer\" \t>\n\t\t<span>\n\t\t\t<span class=\"sow-icon-fontawesome sow-far\" data-sow-icon=\"&#xf1c1;\"\n\t\tstyle=\"\" \n\t\taria-hidden=\"true\"><\/span>\n\t\t\tFS\t\t<\/span>\n\t\t\t<\/a>\n\t<\/div>\n<\/div><\/div><\/div><div id=\"panel-gb2738-69f55ed4be9ee-0-0-2\" class=\"so-panel widget widget_sow-button panel-last-child\" data-index=\"2\" ><div class=\"wow bounceIn panel-widget-style panel-widget-style-for-gb2738-69f55ed4be9ee-0-0-2\" data-wow-offset=\"10\" data-wow-iteration=\"1\" ><div\n\t\t\t\n\t\t\tclass=\"so-widget-sow-button so-widget-sow-button-atom-e4fdaef1e4e3-2738\"\n\t\t\t\n\t\t><div class=\"ow-button-base ow-button-align-center\"\n>\n\t\t\t<a\n\t\t\t\t\thref=\"https:\/\/dpfc-ci.net\/wp-content\/uploads\/dpfc_fichiers\/2019-2020\/psgouv2019\/modprim19j19\/Module%20EDHC_%20IA%20Contractuels%202019.pdf\"\n\t\t\t\t\tclass=\"sowb-button ow-icon-placement-left ow-button-hover\" target=\"_blank\" rel=\"noopener noreferrer\" \t>\n\t\t<span>\n\t\t\t<span class=\"sow-icon-fontawesome sow-far\" data-sow-icon=\"&#xf1c1;\"\n\t\tstyle=\"\" \n\t\taria-hidden=\"true\"><\/span>\n\t\t\tEDHC\t\t<\/span>\n\t\t\t<\/a>\n\t<\/div>\n<\/div><\/div><\/div><\/div><div id=\"pgc-gb2738-69f55ed4be9ee-0-1\"  class=\"panel-grid-cell\" ><div id=\"panel-gb2738-69f55ed4be9ee-0-1-0\" class=\"so-panel widget widget_sow-button panel-first-child\" data-index=\"3\" ><div class=\"wow bounceIn panel-widget-style panel-widget-style-for-gb2738-69f55ed4be9ee-0-1-0\" data-wow-offset=\"10\" data-wow-iteration=\"1\" ><div\n\t\t\t\n\t\t\tclass=\"so-widget-sow-button so-widget-sow-button-atom-e4fdaef1e4e3-2738\"\n\t\t\t\n\t\t><div class=\"ow-button-base ow-button-align-center\"\n>\n\t\t\t<a\n\t\t\t\t\thref=\"https:\/\/dpfc-ci.net\/wp-content\/uploads\/dpfc_fichiers\/2019-2020\/psgouv2019\/modprim19j19\/Module%20Maths_%20IA%20Contractuels%202019.pdf\"\n\t\t\t\t\tclass=\"sowb-button ow-icon-placement-left ow-button-hover\" target=\"_blank\" rel=\"noopener noreferrer\" \t>\n\t\t<span>\n\t\t\t<span class=\"sow-icon-fontawesome sow-far\" data-sow-icon=\"&#xf1c1;\"\n\t\tstyle=\"\" \n\t\taria-hidden=\"true\"><\/span>\n\t\t\tMaths\t\t<\/span>\n\t\t\t<\/a>\n\t<\/div>\n<\/div><\/div><\/div><div id=\"panel-gb2738-69f55ed4be9ee-0-1-1\" class=\"so-panel widget widget_sow-button\" data-index=\"4\" ><div class=\"wow bounceIn panel-widget-style panel-widget-style-for-gb2738-69f55ed4be9ee-0-1-1\" data-wow-offset=\"10\" data-wow-iteration=\"1\" ><div\n\t\t\t\n\t\t\tclass=\"so-widget-sow-button so-widget-sow-button-atom-e4fdaef1e4e3-2738\"\n\t\t\t\n\t\t><div class=\"ow-button-base ow-button-align-center\"\n>\n\t\t\t<a\n\t\t\t\t\thref=\"https:\/\/dpfc-ci.net\/wp-content\/uploads\/dpfc_fichiers\/2019-2020\/psgouv2019\/modprim19j19\/Module%20Francais_IA%20Contractuels%202019.pdf\"\n\t\t\t\t\tclass=\"sowb-button ow-icon-placement-left ow-button-hover\" target=\"_blank\" rel=\"noopener noreferrer\" \t>\n\t\t<span>\n\t\t\t<span class=\"sow-icon-fontawesome sow-far\" data-sow-icon=\"&#xf1c1;\"\n\t\tstyle=\"\" \n\t\taria-hidden=\"true\"><\/span>\n\t\t\tFran\u00e7ais\t\t<\/span>\n\t\t\t<\/a>\n\t<\/div>\n<\/div><\/div><\/div><div id=\"panel-gb2738-69f55ed4be9ee-0-1-2\" class=\"so-panel widget widget_sow-button panel-last-child\" data-index=\"5\" ><div class=\"wow bounceIn panel-widget-style panel-widget-style-for-gb2738-69f55ed4be9ee-0-1-2\" data-wow-offset=\"10\" data-wow-iteration=\"1\" ><div\n\t\t\t\n\t\t\tclass=\"so-widget-sow-button so-widget-sow-button-atom-e4fdaef1e4e3-2738\"\n\t\t\t\n\t\t><div class=\"ow-button-base ow-button-align-center\"\n>\n\t\t\t<a\n\t\t\t\t\thref=\"https:\/\/dpfc-ci.net\/wp-content\/uploads\/dpfc_fichiers\/2019-2020\/psgouv2019\/modprim19j19\/Module%20CAV_IA%20Contractuels%202019.pdf\"\n\t\t\t\t\tclass=\"sowb-button ow-icon-placement-left ow-button-hover\" target=\"_blank\" rel=\"noopener noreferrer\" \t>\n\t\t<span>\n\t\t\t<span class=\"sow-icon-fontawesome sow-far\" data-sow-icon=\"&#xf1c1;\"\n\t\tstyle=\"\" \n\t\taria-hidden=\"true\"><\/span>\n\t\t\tCAV\t\t<\/span>\n\t\t\t<\/a>\n\t<\/div>\n<\/div><\/div><\/div><\/div><div id=\"pgc-gb2738-69f55ed4be9ee-0-2\"  class=\"panel-grid-cell\" ><div id=\"panel-gb2738-69f55ed4be9ee-0-2-0\" class=\"so-panel widget widget_sow-button panel-first-child\" data-index=\"6\" ><div class=\"wow bounceIn panel-widget-style panel-widget-style-for-gb2738-69f55ed4be9ee-0-2-0\" data-wow-offset=\"10\" data-wow-iteration=\"1\" ><div\n\t\t\t\n\t\t\tclass=\"so-widget-sow-button so-widget-sow-button-atom-e4fdaef1e4e3-2738\"\n\t\t\t\n\t\t><div class=\"ow-button-base ow-button-align-center\"\n>\n\t\t\t<a\n\t\t\t\t\thref=\"https:\/\/dpfc-ci.net\/wp-content\/uploads\/dpfc_fichiers\/2019-2020\/psgouv2019\/modprim19j19\/Module%20Hist-Geo_%20IA%20Contractuels%202019.pdf\"\n\t\t\t\t\tclass=\"sowb-button ow-icon-placement-left ow-button-hover\" target=\"_blank\" rel=\"noopener noreferrer\" \t>\n\t\t<span>\n\t\t\t<span class=\"sow-icon-fontawesome sow-far\" data-sow-icon=\"&#xf1c1;\"\n\t\tstyle=\"\" \n\t\taria-hidden=\"true\"><\/span>\n\t\t\tHist-G\u00e9o\t\t<\/span>\n\t\t\t<\/a>\n\t<\/div>\n<\/div><\/div><\/div><div id=\"panel-gb2738-69f55ed4be9ee-0-2-1\" class=\"so-panel widget widget_sow-button\" data-index=\"7\" ><div class=\"wow bounceIn panel-widget-style panel-widget-style-for-gb2738-69f55ed4be9ee-0-2-1\" data-wow-offset=\"10\" data-wow-iteration=\"1\" ><div\n\t\t\t\n\t\t\tclass=\"so-widget-sow-button so-widget-sow-button-atom-e4fdaef1e4e3-2738\"\n\t\t\t\n\t\t><div class=\"ow-button-base ow-button-align-center\"\n>\n\t\t\t<a\n\t\t\t\t\thref=\"https:\/\/dpfc-ci.net\/wp-content\/uploads\/dpfc_fichiers\/2019-2020\/psgouv2019\/modprim19j19\/Module%20EPS_%20IA%20Contratuels%202019.pdf\"\n\t\t\t\t\tclass=\"sowb-button ow-icon-placement-left ow-button-hover\" target=\"_blank\" rel=\"noopener noreferrer\" \t>\n\t\t<span>\n\t\t\t<span class=\"sow-icon-fontawesome sow-far\" data-sow-icon=\"&#xf1c1;\"\n\t\tstyle=\"\" \n\t\taria-hidden=\"true\"><\/span>\n\t\t\tEPS\t\t<\/span>\n\t\t\t<\/a>\n\t<\/div>\n<\/div><\/div><\/div><div id=\"panel-gb2738-69f55ed4be9ee-0-2-2\" class=\"so-panel widget widget_sow-button panel-last-child\" data-index=\"8\" ><div class=\"wow bounceIn panel-widget-style panel-widget-style-for-gb2738-69f55ed4be9ee-0-2-2\" data-wow-offset=\"10\" data-wow-iteration=\"1\" ><div\n\t\t\t\n\t\t\tclass=\"so-widget-sow-button so-widget-sow-button-atom-e4fdaef1e4e3-2738\"\n\t\t\t\n\t\t><div class=\"ow-button-base ow-button-align-center\"\n>\n\t\t\t<a\n\t\t\t\t\thref=\"https:\/\/dpfc-ci.net\/wp-content\/uploads\/dpfc_fichiers\/2019-2020\/psgouv2019\/modprim19j19\/Module%20AEC_IA%20Contractuels%202019.pdf\"\n\t\t\t\t\tclass=\"sowb-button ow-icon-placement-left ow-button-hover\" target=\"_blank\" rel=\"noopener noreferrer\" \t>\n\t\t<span>\n\t\t\t<span class=\"sow-icon-fontawesome sow-far\" data-sow-icon=\"&#xf1c1;\"\n\t\tstyle=\"\" \n\t\taria-hidden=\"true\"><\/span>\n\t\t\tAEC\t\t<\/span>\n\t\t\t<\/a>\n\t<\/div>\n<\/div><\/div><\/div><\/div><\/div><\/div>\n\n\n<h4 class=\"wp-block-heading\">Programmes \u00e9ducatifs du Primaire<\/h4>\n\n\n<div id=\"pl-gb2738-69f55ed4c1e14\"  class=\"panel-layout\" ><div id=\"pg-gb2738-69f55ed4c1e14-0\"  class=\"panel-grid panel-no-style\" ><div id=\"pgc-gb2738-69f55ed4c1e14-0-0\"  class=\"panel-grid-cell\" ><div id=\"panel-gb2738-69f55ed4c1e14-0-0-0\" class=\"so-panel widget widget_sow-button panel-first-child\" data-index=\"0\" ><div class=\"wow bounceIn panel-widget-style panel-widget-style-for-gb2738-69f55ed4c1e14-0-0-0\" data-wow-offset=\"10\" data-wow-iteration=\"1\" ><div\n\t\t\t\n\t\t\tclass=\"so-widget-sow-button so-widget-sow-button-atom-e4fdaef1e4e3-2738\"\n\t\t\t\n\t\t><div class=\"ow-button-base ow-button-align-center\"\n>\n\t\t\t<a\n\t\t\t\t\thref=\"https:\/\/dpfc-ci.net\/wp-content\/uploads\/dpfc_fichiers\/2019-2020\/psgouv2019\/Modules%20Primaire_Contractuels\/PROGRAMME%20DU%20PRIMAIRE\/CP2.pdf\"\n\t\t\t\t\tclass=\"sowb-button ow-icon-placement-left ow-button-hover\" target=\"_blank\" rel=\"noopener noreferrer\" \t>\n\t\t<span>\n\t\t\t<span class=\"sow-icon-fontawesome sow-far\" data-sow-icon=\"&#xf1c1;\"\n\t\tstyle=\"\" \n\t\taria-hidden=\"true\"><\/span>\n\t\t\tCP2\t\t<\/span>\n\t\t\t<\/a>\n\t<\/div>\n<\/div><\/div><\/div><div id=\"panel-gb2738-69f55ed4c1e14-0-0-1\" class=\"so-panel widget widget_sow-button panel-last-child\" data-index=\"1\" ><div class=\"wow bounceIn panel-widget-style panel-widget-style-for-gb2738-69f55ed4c1e14-0-0-1\" data-wow-offset=\"10\" data-wow-iteration=\"1\" ><div\n\t\t\t\n\t\t\tclass=\"so-widget-sow-button so-widget-sow-button-atom-e4fdaef1e4e3-2738\"\n\t\t\t\n\t\t><div class=\"ow-button-base ow-button-align-center\"\n>\n\t\t\t<a\n\t\t\t\t\thref=\"https:\/\/dpfc-ci.net\/wp-content\/uploads\/dpfc_fichiers\/2019-2020\/psgouv2019\/Modules%20Primaire_Contractuels\/PROGRAMME%20DU%20PRIMAIRE\/CP1.pdf\"\n\t\t\t\t\tclass=\"sowb-button ow-icon-placement-left ow-button-hover\" target=\"_blank\" rel=\"noopener noreferrer\" \t>\n\t\t<span>\n\t\t\t<span class=\"sow-icon-fontawesome sow-far\" data-sow-icon=\"&#xf1c1;\"\n\t\tstyle=\"\" \n\t\taria-hidden=\"true\"><\/span>\n\t\t\tCP1\t\t<\/span>\n\t\t\t<\/a>\n\t<\/div>\n<\/div><\/div><\/div><\/div><div id=\"pgc-gb2738-69f55ed4c1e14-0-1\"  class=\"panel-grid-cell\" ><div id=\"panel-gb2738-69f55ed4c1e14-0-1-0\" class=\"so-panel widget widget_sow-button panel-first-child\" data-index=\"2\" ><div class=\"wow bounceIn panel-widget-style panel-widget-style-for-gb2738-69f55ed4c1e14-0-1-0\" data-wow-offset=\"10\" data-wow-iteration=\"1\" ><div\n\t\t\t\n\t\t\tclass=\"so-widget-sow-button so-widget-sow-button-atom-e4fdaef1e4e3-2738\"\n\t\t\t\n\t\t><div class=\"ow-button-base ow-button-align-center\"\n>\n\t\t\t<a\n\t\t\t\t\thref=\"https:\/\/dpfc-ci.net\/wp-content\/uploads\/dpfc_fichiers\/2019-2020\/psgouv2019\/Modules%20Primaire_Contractuels\/PROGRAMME%20DU%20PRIMAIRE\/CE2.pdf\"\n\t\t\t\t\tclass=\"sowb-button ow-icon-placement-left ow-button-hover\" target=\"_blank\" rel=\"noopener noreferrer\" \t>\n\t\t<span>\n\t\t\t<span class=\"sow-icon-fontawesome sow-far\" data-sow-icon=\"&#xf1c1;\"\n\t\tstyle=\"\" \n\t\taria-hidden=\"true\"><\/span>\n\t\t\tCE2\t\t<\/span>\n\t\t\t<\/a>\n\t<\/div>\n<\/div><\/div><\/div><div id=\"panel-gb2738-69f55ed4c1e14-0-1-1\" class=\"so-panel widget widget_sow-button panel-last-child\" data-index=\"3\" ><div class=\"wow bounceIn panel-widget-style panel-widget-style-for-gb2738-69f55ed4c1e14-0-1-1\" data-wow-offset=\"10\" data-wow-iteration=\"1\" ><div\n\t\t\t\n\t\t\tclass=\"so-widget-sow-button so-widget-sow-button-atom-e4fdaef1e4e3-2738\"\n\t\t\t\n\t\t><div class=\"ow-button-base ow-button-align-center\"\n>\n\t\t\t<a\n\t\t\t\t\thref=\"https:\/\/dpfc-ci.net\/wp-content\/uploads\/dpfc_fichiers\/2019-2020\/psgouv2019\/Modules%20Primaire_Contractuels\/PROGRAMME%20DU%20PRIMAIRE\/CE1.pdf\"\n\t\t\t\t\tclass=\"sowb-button ow-icon-placement-left ow-button-hover\" target=\"_blank\" rel=\"noopener noreferrer\" \t>\n\t\t<span>\n\t\t\t<span class=\"sow-icon-fontawesome sow-far\" data-sow-icon=\"&#xf1c1;\"\n\t\tstyle=\"\" \n\t\taria-hidden=\"true\"><\/span>\n\t\t\tCE1\t\t<\/span>\n\t\t\t<\/a>\n\t<\/div>\n<\/div><\/div><\/div><\/div><div id=\"pgc-gb2738-69f55ed4c1e14-0-2\"  class=\"panel-grid-cell\" ><div id=\"panel-gb2738-69f55ed4c1e14-0-2-0\" class=\"so-panel widget widget_sow-button panel-first-child\" data-index=\"4\" ><div class=\"wow bounceIn panel-widget-style panel-widget-style-for-gb2738-69f55ed4c1e14-0-2-0\" data-wow-offset=\"10\" data-wow-iteration=\"1\" ><div\n\t\t\t\n\t\t\tclass=\"so-widget-sow-button so-widget-sow-button-atom-e4fdaef1e4e3-2738\"\n\t\t\t\n\t\t><div class=\"ow-button-base ow-button-align-center\"\n>\n\t\t\t<a\n\t\t\t\t\thref=\"https:\/\/dpfc-ci.net\/wp-content\/uploads\/dpfc_fichiers\/2019-2020\/psgouv2019\/Modules%20Primaire_Contractuels\/PROGRAMME%20DU%20PRIMAIRE\/CM2.pdf\"\n\t\t\t\t\tclass=\"sowb-button ow-icon-placement-left ow-button-hover\" target=\"_blank\" rel=\"noopener noreferrer\" \t>\n\t\t<span>\n\t\t\t<span class=\"sow-icon-fontawesome sow-far\" data-sow-icon=\"&#xf1c1;\"\n\t\tstyle=\"\" \n\t\taria-hidden=\"true\"><\/span>\n\t\t\tCM2\t\t<\/span>\n\t\t\t<\/a>\n\t<\/div>\n<\/div><\/div><\/div><div id=\"panel-gb2738-69f55ed4c1e14-0-2-1\" class=\"so-panel widget widget_sow-button panel-last-child\" data-index=\"5\" ><div class=\"wow bounceIn panel-widget-style panel-widget-style-for-gb2738-69f55ed4c1e14-0-2-1\" data-wow-offset=\"10\" data-wow-iteration=\"1\" ><div\n\t\t\t\n\t\t\tclass=\"so-widget-sow-button so-widget-sow-button-atom-e4fdaef1e4e3-2738\"\n\t\t\t\n\t\t><div class=\"ow-button-base ow-button-align-center\"\n>\n\t\t\t<a\n\t\t\t\t\thref=\"https:\/\/dpfc-ci.net\/wp-content\/uploads\/dpfc_fichiers\/2019-2020\/psgouv2019\/Modules%20Primaire_Contractuels\/PROGRAMME%20DU%20PRIMAIRE\/CM1.pdf\"\n\t\t\t\t\tclass=\"sowb-button ow-icon-placement-left ow-button-hover\" target=\"_blank\" rel=\"noopener noreferrer\" \t>\n\t\t<span>\n\t\t\t<span class=\"sow-icon-fontawesome sow-far\" data-sow-icon=\"&#xf1c1;\"\n\t\tstyle=\"\" \n\t\taria-hidden=\"true\"><\/span>\n\t\t\tCM1\t\t<\/span>\n\t\t\t<\/a>\n\t<\/div>\n<\/div><\/div><\/div><\/div><\/div><\/div>\n\n\n<h4 class=\"wp-block-heading\">Programmes \u00e9ducatifs du Pr\u00e9scolaire<\/h4>\n\n\n<div id=\"pl-gb2738-69f55ed4c2b42\"  class=\"panel-layout\" ><div id=\"pg-gb2738-69f55ed4c2b42-0\"  class=\"panel-grid panel-no-style\" ><div id=\"pgc-gb2738-69f55ed4c2b42-0-0\"  class=\"panel-grid-cell\" ><div id=\"panel-gb2738-69f55ed4c2b42-0-0-0\" class=\"so-panel widget widget_sow-button panel-first-child panel-last-child\" data-index=\"0\" ><div class=\"wow bounceIn panel-widget-style panel-widget-style-for-gb2738-69f55ed4c2b42-0-0-0\" data-wow-offset=\"10\" data-wow-iteration=\"1\" ><div\n\t\t\t\n\t\t\tclass=\"so-widget-sow-button so-widget-sow-button-atom-aabb26ac4ab9-2738\"\n\t\t\t\n\t\t><div class=\"ow-button-base ow-button-align-center\"\n>\n\t\t\t<a\n\t\t\t\t\thref=\"https:\/\/dpfc-ci.net\/wp-content\/uploads\/dpfc_fichiers\/2019-2020\/psgouv2019\/Modules%20Primaire_Contractuels\/PROGRAMME%20DU%20PRIMAIRE\/CP2.pdf\"\n\t\t\t\t\tclass=\"sowb-button ow-icon-placement-left ow-button-hover\" target=\"_blank\" rel=\"noopener noreferrer\" \t>\n\t\t<span>\n\t\t\t<span class=\"sow-icon-fontawesome sow-far\" data-sow-icon=\"&#xf1c1;\"\n\t\tstyle=\"\" \n\t\taria-hidden=\"true\"><\/span>\n\t\t\tPetite Section\t\t<\/span>\n\t\t\t<\/a>\n\t<\/div>\n<\/div><\/div><\/div><\/div><div id=\"pgc-gb2738-69f55ed4c2b42-0-1\"  class=\"panel-grid-cell\" ><div id=\"panel-gb2738-69f55ed4c2b42-0-1-0\" class=\"so-panel widget widget_sow-button panel-first-child panel-last-child\" data-index=\"1\" ><div class=\"wow bounceIn panel-widget-style panel-widget-style-for-gb2738-69f55ed4c2b42-0-1-0\" data-wow-offset=\"10\" data-wow-iteration=\"1\" ><div\n\t\t\t\n\t\t\tclass=\"so-widget-sow-button so-widget-sow-button-atom-aabb26ac4ab9-2738\"\n\t\t\t\n\t\t><div class=\"ow-button-base ow-button-align-center\"\n>\n\t\t\t<a\n\t\t\t\t\thref=\"https:\/\/dpfc-ci.net\/wp-content\/uploads\/dpfc_fichiers\/2019-2020\/psgouv2019\/Modules%20Primaire_Contractuels\/PROGRAMME%20DE%20LA%20MATERNELLE\/MOYENNE%20SECTION%20MATERNELLE.pdf\"\n\t\t\t\t\tclass=\"sowb-button ow-icon-placement-left ow-button-hover\" target=\"_blank\" rel=\"noopener noreferrer\" \t>\n\t\t<span>\n\t\t\t<span class=\"sow-icon-fontawesome sow-far\" data-sow-icon=\"&#xf1c1;\"\n\t\tstyle=\"\" \n\t\taria-hidden=\"true\"><\/span>\n\t\t\tMoyenne Section\t\t<\/span>\n\t\t\t<\/a>\n\t<\/div>\n<\/div><\/div><\/div><\/div><div id=\"pgc-gb2738-69f55ed4c2b42-0-2\"  class=\"panel-grid-cell\" ><div id=\"panel-gb2738-69f55ed4c2b42-0-2-0\" class=\"so-panel widget widget_sow-button panel-first-child panel-last-child\" data-index=\"2\" ><div class=\"wow bounceIn panel-widget-style panel-widget-style-for-gb2738-69f55ed4c2b42-0-2-0\" data-wow-offset=\"10\" data-wow-iteration=\"1\" ><div\n\t\t\t\n\t\t\tclass=\"so-widget-sow-button so-widget-sow-button-atom-aabb26ac4ab9-2738\"\n\t\t\t\n\t\t><div class=\"ow-button-base ow-button-align-center\"\n>\n\t\t\t<a\n\t\t\t\t\thref=\"https:\/\/dpfc-ci.net\/wp-content\/uploads\/dpfc_fichiers\/2019-2020\/psgouv2019\/Modules%20Primaire_Contractuels\/PROGRAMME%20DE%20LA%20MATERNELLE\/GRANDE%20SECTION%20MATERNELLE.pdf\"\n\t\t\t\t\tclass=\"sowb-button ow-icon-placement-left ow-button-hover\" target=\"_blank\" rel=\"noopener noreferrer\" \t>\n\t\t<span>\n\t\t\t<span class=\"sow-icon-fontawesome sow-far\" data-sow-icon=\"&#xf1c1;\"\n\t\tstyle=\"\" \n\t\taria-hidden=\"true\"><\/span>\n\t\t\tGrande Section\t\t<\/span>\n\t\t\t<\/a>\n\t<\/div>\n<\/div><\/div><\/div><\/div><\/div><\/div>\n\n\n<h4 class=\"wp-block-heading\">Fiches Techniques et Encadrement \/ Divers<\/h4>\n\n\n<div id=\"pl-gb2738-69f55ed4c34d7\"  class=\"panel-layout\" ><div id=\"pg-gb2738-69f55ed4c34d7-0\"  class=\"panel-grid panel-no-style\" ><div id=\"pgc-gb2738-69f55ed4c34d7-0-0\"  class=\"panel-grid-cell\" ><div id=\"panel-gb2738-69f55ed4c34d7-0-0-0\" class=\"so-panel widget widget_sow-button panel-first-child panel-last-child\" data-index=\"0\" ><div class=\"wow bounceIn panel-widget-style panel-widget-style-for-gb2738-69f55ed4c34d7-0-0-0\" data-wow-offset=\"10\" data-wow-iteration=\"1\" ><div\n\t\t\t\n\t\t\tclass=\"so-widget-sow-button so-widget-sow-button-atom-5dc7f3a0e1bf-2738\"\n\t\t\t\n\t\t><div class=\"ow-button-base ow-button-align-center\"\n>\n\t\t\t<a\n\t\t\t\t\thref=\"https:\/\/dpfc-ci.net\/wp-content\/uploads\/dpfc_fichiers\/2019-2020\/psgouv2019\/Modules%20Primaire_Contractuels\/Fiches%20Tech%20contractuels%202019\/Fiches%20Techniques%20et%20Encadrement.zip\"\n\t\t\t\t\tclass=\"sowb-button ow-icon-placement-left ow-button-hover\" target=\"_blank\" rel=\"noopener noreferrer\" \t>\n\t\t<span>\n\t\t\t<span class=\"sow-icon-fontawesome sow-far\" data-sow-icon=\"&#xf1c6;\"\n\t\tstyle=\"\" \n\t\taria-hidden=\"true\"><\/span>\n\t\t\tFiches Techniques et Encadrement\t\t<\/span>\n\t\t\t<\/a>\n\t<\/div>\n<\/div><\/div><\/div><\/div><div id=\"pgc-gb2738-69f55ed4c34d7-0-1\"  class=\"panel-grid-cell\" ><div id=\"panel-gb2738-69f55ed4c34d7-0-1-0\" class=\"so-panel widget widget_sow-button panel-first-child panel-last-child\" data-index=\"1\" ><div class=\"wow bounceIn panel-widget-style panel-widget-style-for-gb2738-69f55ed4c34d7-0-1-0\" data-wow-offset=\"10\" data-wow-iteration=\"1\" ><div\n\t\t\t\n\t\t\tclass=\"so-widget-sow-button so-widget-sow-button-atom-5dc7f3a0e1bf-2738\"\n\t\t\t\n\t\t><div class=\"ow-button-base ow-button-align-center\"\n>\n\t\t\t<a\n\t\t\t\t\thref=\"https:\/\/dpfc-ci.net\/wp-content\/uploads\/dpfc_fichiers\/2019-2020\/psgouv2019\/Modules%20Primaire_Contractuels\/Divers%20Docs\/Divers_documents.zip\"\n\t\t\t\t\tclass=\"sowb-button ow-icon-placement-left ow-button-hover\" target=\"_blank\" rel=\"noopener noreferrer\" \t>\n\t\t<span>\n\t\t\t<span class=\"sow-icon-fontawesome sow-far\" data-sow-icon=\"&#xf1c6;\"\n\t\tstyle=\"\" \n\t\taria-hidden=\"true\"><\/span>\n\t\t\tDivers documents\t\t<\/span>\n\t\t\t<\/a>\n\t<\/div>\n<\/div><\/div><\/div><\/div><\/div><\/div>\n\n\n<p><\/p>\n","protected":false},"excerpt":{"rendered":"<p>Modules de Formation des Instituteurs Adjoints (IA) Contractuels du Programme Social du Gouvernement 2019 Programmes \u00e9ducatifs du Primaire Programmes \u00e9ducatifs du Pr\u00e9scolaire Fiches Techniques et Encadrement \/ Divers<\/p>\n","protected":false},"author":1,"featured_media":0,"parent":2690,"menu_order":0,"comment_status":"closed","ping_status":"closed","template":"","meta":{"footnotes":""},"class_list":["post-2738","page","type-page","status-publish","hentry"],"_links":{"self":[{"href":"https:\/\/dpfc-ci.net\/index.php?rest_route=\/wp\/v2\/pages\/2738","targetHints":{"allow":["GET"]}}],"collection":[{"href":"https:\/\/dpfc-ci.net\/index.php?rest_route=\/wp\/v2\/pages"}],"about":[{"href":"https:\/\/dpfc-ci.net\/index.php?rest_route=\/wp\/v2\/types\/page"}],"author":[{"embeddable":true,"href":"https:\/\/dpfc-ci.net\/index.php?rest_route=\/wp\/v2\/users\/1"}],"replies":[{"embeddable":true,"href":"https:\/\/dpfc-ci.net\/index.php?rest_route=%2Fwp%2Fv2%2Fcomments&post=2738"}],"version-history":[{"count":13,"href":"https:\/\/dpfc-ci.net\/index.php?rest_route=\/wp\/v2\/pages\/2738\/revisions"}],"predecessor-version":[{"id":2757,"href":"https:\/\/dpfc-ci.net\/index.php?rest_route=\/wp\/v2\/pages\/2738\/revisions\/2757"}],"up":[{"embeddable":true,"href":"https:\/\/dpfc-ci.net\/index.php?rest_route=\/wp\/v2\/pages\/2690"}],"wp:attachment":[{"href":"https:\/\/dpfc-ci.net\/index.php?rest_route=%2Fwp%2Fv2%2Fmedia&parent=2738"}],"curies":[{"name":"wp","href":"https:\/\/api.w.org\/{rel}","templated":true}]}}