{"id":2412,"date":"2019-02-12T11:24:40","date_gmt":"2019-02-12T11:24:40","guid":{"rendered":"http:\/\/dpfc-ci.net\/?page_id=2412"},"modified":"2019-02-15T11:56:26","modified_gmt":"2019-02-15T11:56:26","slug":"modules-m-learning-secondaire","status":"publish","type":"page","link":"https:\/\/dpfc-ci.net\/?page_id=2412","title":{"rendered":"Autoformation m-Learning SECONDAIRE"},"content":{"rendered":"<div id=\"pl-2412\"  class=\"panel-layout\" ><div id=\"pg-2412-0\"  class=\"panel-grid panel-has-style\" ><div class=\"panel-row-style panel-row-style-for-2412-0\" ><div id=\"pgc-2412-0-0\"  class=\"panel-grid-cell\" ><div id=\"panel-2412-0-0-0\" class=\"so-panel widget widget_sow-button panel-first-child\" data-index=\"0\" ><div\n\t\t\t\n\t\t\tclass=\"so-widget-sow-button so-widget-sow-button-atom-91b50669a080-2412\"\n\t\t\t\n\t\t><div class=\"ow-button-base ow-button-align-center\"\n>\n\t\t\t<a\n\t\t\t\t\thref=\"https:\/\/dpfc-ci.net\/modules_dpfc\/edhc-col-ed\/index.html\"\n\t\t\t\t\tclass=\"sowb-button ow-icon-placement-left ow-button-hover\" target=\"_blank\" rel=\"noopener noreferrer\" \t>\n\t\t<span>\n\t\t\t\n\t\t\tEDHC | L'\u00c9THIQUE ET LA D\u00c9ONTOLOGIE DU M\u00c9TIER D'ENSEIGNANT DES LYC\u00c9ES ET COLL\u00c8GES\t\t<\/span>\n\t\t\t<\/a>\n\t<\/div>\n<\/div><\/div><div id=\"panel-2412-0-0-1\" class=\"so-panel widget widget_sow-editor panel-last-child\" data-index=\"1\" ><div\n\t\t\t\n\t\t\tclass=\"so-widget-sow-editor so-widget-sow-editor-base\"\n\t\t\t\n\t\t><h3 class=\"widget-title\">Mots de passe des \u00e9valuations r\u00e9dactionnelles<\/h3>\n<div class=\"siteorigin-widget-tinymce textwidget\">\n\t<table>\n<tbody>\n<tr>\n<td><b>NATURE DE L\u2019EVALUATION<\/b><\/td>\n<td><b>MOT DE PASSE<\/b><\/td>\n<\/tr>\n<tr>\n<td>ACTIVITE D'EVALUATION DE L'UF1<\/td>\n<td>53Lt2bHg<\/td>\n<\/tr>\n<tr>\n<td>ACTIVITE D'EVALUATION DE L'UF2<\/td>\n<td>V9cecG87<\/td>\n<\/tr>\n<tr>\n<td>ACTIVITE D'EVALUATION DU MODULE<\/td>\n<td>7defG54W<\/td>\n<\/tr>\n<\/tbody>\n<\/table>\n<\/div>\n<\/div><\/div><\/div><\/div><\/div><div id=\"pg-2412-1\"  class=\"panel-grid panel-has-style\" ><div class=\"panel-row-style panel-row-style-for-2412-1\" ><div id=\"pgc-2412-1-0\"  class=\"panel-grid-cell\" ><div id=\"panel-2412-1-0-0\" class=\"so-panel widget widget_sow-button panel-first-child\" data-index=\"2\" ><div\n\t\t\t\n\t\t\tclass=\"so-widget-sow-button so-widget-sow-button-atom-91b50669a080-2412\"\n\t\t\t\n\t\t><div class=\"ow-button-base ow-button-align-center\"\n>\n\t\t\t<a\n\t\t\t\t\thref=\"https:\/\/dpfc-ci.net\/modules_dpfc\/apc\/index.html\"\n\t\t\t\t\tclass=\"sowb-button ow-icon-placement-left ow-button-hover\" target=\"_blank\" rel=\"noopener noreferrer\" \t>\n\t\t<span>\n\t\t\t\n\t\t\tAPC | L'\u00c9VALUATION DES APPRENTISSAGES AU COLL\u00c8GE\t\t<\/span>\n\t\t\t<\/a>\n\t<\/div>\n<\/div><\/div><div id=\"panel-2412-1-0-1\" class=\"so-panel widget widget_sow-editor panel-last-child\" data-index=\"3\" ><div\n\t\t\t\n\t\t\tclass=\"so-widget-sow-editor so-widget-sow-editor-base\"\n\t\t\t\n\t\t><h3 class=\"widget-title\">Mots de passe des \u00e9valuations r\u00e9dactionnelles<\/h3>\n<div class=\"siteorigin-widget-tinymce textwidget\">\n\t<table>\n<tbody>\n<tr>\n<td><b>NATURE DE L\u2019EVALUATION<\/b><\/td>\n<td><b>MOT DE PASSE<\/b><\/td>\n<\/tr>\n<tr>\n<td>ACTIVITE D'EVALUATION DE L\u2019UF1<\/td>\n<td>9bV54Qum<\/td>\n<\/tr>\n<tr>\n<td>ACTIVITE D'EVALUATION DE L\u2019UF2<\/td>\n<td>3k4m3DkH<\/td>\n<\/tr>\n<tr>\n<td>ACTIVITE D'EVALUATION DE L\u2019UF3<\/td>\n<td>haDN487m<\/td>\n<\/tr>\n<tr>\n<td>ACTIVITE D'EVALUATION DU MODULE<\/td>\n<td>NC8x3e2c<\/td>\n<\/tr>\n<\/tbody>\n<\/table>\n<\/div>\n<\/div><\/div><\/div><\/div><\/div><div id=\"pg-2412-2\"  class=\"panel-grid panel-has-style\" ><div class=\"panel-row-style panel-row-style-for-2412-2\" ><div id=\"pgc-2412-2-0\"  class=\"panel-grid-cell\" ><div id=\"panel-2412-2-0-0\" class=\"so-panel widget widget_sow-button panel-first-child\" data-index=\"4\" ><div\n\t\t\t\n\t\t\tclass=\"so-widget-sow-button so-widget-sow-button-atom-91b50669a080-2412\"\n\t\t\t\n\t\t><div class=\"ow-button-base ow-button-align-center\"\n>\n\t\t\t<a\n\t\t\t\t\thref=\"https:\/\/dpfc-ci.net\/modules_dpfc\/fr1-col\/index.html\"\n\t\t\t\t\tclass=\"sowb-button ow-icon-placement-left ow-button-hover\" target=\"_blank\" rel=\"noopener noreferrer\" \t>\n\t\t<span>\n\t\t\t\n\t\t\tFRAN\u00c7AIS | L'APPRENTISSAGE DE L'EXPRESSION \u00c9CRITE AU COLL\u00c8GE\t\t<\/span>\n\t\t\t<\/a>\n\t<\/div>\n<\/div><\/div><div id=\"panel-2412-2-0-1\" class=\"so-panel widget widget_sow-editor panel-last-child\" data-index=\"5\" ><div\n\t\t\t\n\t\t\tclass=\"so-widget-sow-editor so-widget-sow-editor-base\"\n\t\t\t\n\t\t><h3 class=\"widget-title\">Mots de passe des \u00e9valuations r\u00e9dactionnelles<\/h3>\n<div class=\"siteorigin-widget-tinymce textwidget\">\n\t<table>\n<tbody>\n<tr>\n<td><b>NATURE DE L\u2019EVALUATION<\/b><\/td>\n<td><b>MOT DE PASSE<\/b><\/td>\n<\/tr>\n<tr>\n<td>ACTIVITE D'EVALUATION DE L'UF1<\/td>\n<td>E2si4z3Q<\/td>\n<\/tr>\n<tr>\n<td>ACTIVITE D'EVALUATION DE L'UF2<\/td>\n<td>T7h3e8zF<\/td>\n<\/tr>\n<tr>\n<td>ACTIVITE D'EVALUATION DU MODULE<\/td>\n<td>BH4um8z6<\/td>\n<\/tr>\n<\/tbody>\n<\/table>\n<\/div>\n<\/div><\/div><\/div><\/div><\/div><div id=\"pg-2412-3\"  class=\"panel-grid panel-has-style\" ><div class=\"panel-row-style panel-row-style-for-2412-3\" ><div id=\"pgc-2412-3-0\"  class=\"panel-grid-cell\" ><div id=\"panel-2412-3-0-0\" class=\"so-panel widget widget_sow-button panel-first-child\" data-index=\"6\" ><div\n\t\t\t\n\t\t\tclass=\"so-widget-sow-button so-widget-sow-button-atom-91b50669a080-2412\"\n\t\t\t\n\t\t><div class=\"ow-button-base ow-button-align-center\"\n>\n\t\t\t<a\n\t\t\t\t\thref=\"https:\/\/dpfc-ci.net\/modules_dpfc\/fr2-col\/index.html\"\n\t\t\t\t\tclass=\"sowb-button ow-icon-placement-left ow-button-hover\" target=\"_blank\" rel=\"noopener noreferrer\" \t>\n\t\t<span>\n\t\t\t\n\t\t\tFRAN\u00c7AIS | L'\u00c9VALUATION EN EXPRESSION \u00c9CRITE\t\t<\/span>\n\t\t\t<\/a>\n\t<\/div>\n<\/div><\/div><div id=\"panel-2412-3-0-1\" class=\"so-panel widget widget_sow-editor panel-last-child\" data-index=\"7\" ><div\n\t\t\t\n\t\t\tclass=\"so-widget-sow-editor so-widget-sow-editor-base\"\n\t\t\t\n\t\t><h3 class=\"widget-title\">Mots de passe des \u00e9valuations r\u00e9dactionnelles<\/h3>\n<div class=\"siteorigin-widget-tinymce textwidget\">\n\t<table>\n<tbody>\n<tr>\n<td><b>NATURE DE L\u2019EVALUATION<\/b><\/td>\n<td><b>MOT DE PASSE<\/b><\/td>\n<\/tr>\n<tr>\n<td>ACTIVITE D'EVALUATION DE L'UF1<\/td>\n<td>pSTv9k27<\/td>\n<\/tr>\n<tr>\n<td>ACTIVITE D'EVALUATION DE L'UF2<\/td>\n<td>F38C7kse<\/td>\n<\/tr>\n<tr>\n<td>ACTIVITE D'EVALUATION DU MODULE<\/td>\n<td>5t8yZWm6<\/td>\n<\/tr>\n<\/tbody>\n<\/table>\n<\/div>\n<\/div><\/div><\/div><\/div><\/div><div id=\"pg-2412-4\"  class=\"panel-grid panel-has-style\" ><div class=\"panel-row-style panel-row-style-for-2412-4\" ><div id=\"pgc-2412-4-0\"  class=\"panel-grid-cell\" ><div id=\"panel-2412-4-0-0\" class=\"so-panel widget widget_sow-button panel-first-child\" data-index=\"8\" ><div\n\t\t\t\n\t\t\tclass=\"so-widget-sow-button so-widget-sow-button-atom-91b50669a080-2412\"\n\t\t\t\n\t\t><div class=\"ow-button-base ow-button-align-center\"\n>\n\t\t\t<a\n\t\t\t\t\thref=\"https:\/\/dpfc-ci.net\/modules_dpfc\/pc\/index.html\"\n\t\t\t\t\tclass=\"sowb-button ow-icon-placement-left ow-button-hover\" target=\"_blank\" rel=\"noopener noreferrer\" \t>\n\t\t<span>\n\t\t\t\n\t\t\tPHYSIQUE-CHIMIE | DIDACTIQUE DE L'OPTIQUE AU COLL\u00c8GE\t\t<\/span>\n\t\t\t<\/a>\n\t<\/div>\n<\/div><\/div><div id=\"panel-2412-4-0-1\" class=\"so-panel widget widget_sow-editor panel-last-child\" data-index=\"9\" ><div\n\t\t\t\n\t\t\tclass=\"so-widget-sow-editor so-widget-sow-editor-base\"\n\t\t\t\n\t\t><h3 class=\"widget-title\">Mots de passe des \u00e9valuations r\u00e9dactionnelles<\/h3>\n<div class=\"siteorigin-widget-tinymce textwidget\">\n\t<table>\n<tbody>\n<tr>\n<td><b>NATURE DE L\u2019EVALUATION<\/b><\/td>\n<td><b>MOT DE PASSE<\/b><\/td>\n<\/tr>\n<tr>\n<td>ACTIVITE D'EVALUATION DE L'UF1<\/td>\n<td>Z4ra83mX<\/td>\n<\/tr>\n<tr>\n<td>ACTIVITE D'EVALUATION DE L'UF2<\/td>\n<td>43Qbg5xS<\/td>\n<\/tr>\n<tr>\n<td>ACTIVITE D'EVALUATION DE L'UF3<\/td>\n<td>5tu8n3CV<\/td>\n<\/tr>\n<tr>\n<td>ACTIVITE D'EVALUATION DU MODULE<\/td>\n<td>rCw37Yx9<\/td>\n<\/tr>\n<\/tbody>\n<\/table>\n<\/div>\n<\/div><\/div><\/div><\/div><\/div><div id=\"pg-2412-5\"  class=\"panel-grid panel-has-style\" ><div class=\"panel-row-style panel-row-style-for-2412-5\" ><div id=\"pgc-2412-5-0\"  class=\"panel-grid-cell\" ><div id=\"panel-2412-5-0-0\" class=\"so-panel widget widget_sow-button panel-first-child\" data-index=\"10\" ><div\n\t\t\t\n\t\t\tclass=\"so-widget-sow-button so-widget-sow-button-atom-91b50669a080-2412\"\n\t\t\t\n\t\t><div class=\"ow-button-base ow-button-align-center\"\n>\n\t\t\t<a\n\t\t\t\t\thref=\"https:\/\/dpfc-ci.net\/modules_dpfc\/svt\/index.html\"\n\t\t\t\t\tclass=\"sowb-button ow-icon-placement-left ow-button-hover\" target=\"_blank\" rel=\"noopener noreferrer\" \t>\n\t\t<span>\n\t\t\t\n\t\t\tSVT | L'ENSEIGNEMENT\/APPRENTISSAGE DES SCIENCES DE LA TERRE AU COLL\u00c8GE\t\t<\/span>\n\t\t\t<\/a>\n\t<\/div>\n<\/div><\/div><div id=\"panel-2412-5-0-1\" class=\"so-panel widget widget_sow-editor panel-last-child\" data-index=\"11\" ><div\n\t\t\t\n\t\t\tclass=\"so-widget-sow-editor so-widget-sow-editor-base\"\n\t\t\t\n\t\t><h3 class=\"widget-title\">Mots de passe des \u00e9valuations r\u00e9dactionnelles<\/h3>\n<div class=\"siteorigin-widget-tinymce textwidget\">\n\t<table>\n<tbody>\n<tr>\n<td><b>NATURE DE L\u2019EVALUATION<\/b><\/td>\n<td><b>MOT DE PASSE<\/b><\/td>\n<\/tr>\n<tr>\n<td>ACTIVITE D'EVALUATION DE L'UF1<\/td>\n<td><span style=\"font-weight: 400;\">Fe92wCx9<\/span><\/td>\n<\/tr>\n<tr>\n<td>ACTIVITE D'EVALUATION DE L'UF2<\/td>\n<td><span style=\"font-weight: 400;\">y99zJW7u<\/span><\/td>\n<\/tr>\n<tr>\n<td>ACTIVITE D'EVALUATION DU MODULE<\/td>\n<td><span style=\"font-weight: 400;\">teB768Rs<\/span><\/td>\n<\/tr>\n<\/tbody>\n<\/table>\n<\/div>\n<\/div><\/div><\/div><\/div><\/div><\/div>","protected":false},"excerpt":{"rendered":"<p>NATURE DE L\u2019EVALUATION MOT DE PASSE ACTIVITE D&rsquo;EVALUATION DE L&rsquo;UF1 53Lt2bHg ACTIVITE D&rsquo;EVALUATION DE L&rsquo;UF2 V9cecG87 ACTIVITE D&rsquo;EVALUATION DU MODULE 7defG54W NATURE DE L\u2019EVALUATION MOT DE PASSE ACTIVITE D&rsquo;EVALUATION DE L\u2019UF1 9bV54Qum ACTIVITE D&rsquo;EVALUATION DE L\u2019UF2 3k4m3DkH ACTIVITE D&rsquo;EVALUATION DE L\u2019UF3 haDN487m ACTIVITE D&rsquo;EVALUATION DU MODULE NC8x3e2c<\/p>\n","protected":false},"author":1,"featured_media":0,"parent":0,"menu_order":0,"comment_status":"open","ping_status":"closed","template":"","meta":{"footnotes":""},"class_list":["post-2412","page","type-page","status-publish","hentry"],"_links":{"self":[{"href":"https:\/\/dpfc-ci.net\/index.php?rest_route=\/wp\/v2\/pages\/2412","targetHints":{"allow":["GET"]}}],"collection":[{"href":"https:\/\/dpfc-ci.net\/index.php?rest_route=\/wp\/v2\/pages"}],"about":[{"href":"https:\/\/dpfc-ci.net\/index.php?rest_route=\/wp\/v2\/types\/page"}],"author":[{"embeddable":true,"href":"https:\/\/dpfc-ci.net\/index.php?rest_route=\/wp\/v2\/users\/1"}],"replies":[{"embeddable":true,"href":"https:\/\/dpfc-ci.net\/index.php?rest_route=%2Fwp%2Fv2%2Fcomments&post=2412"}],"version-history":[{"count":40,"href":"https:\/\/dpfc-ci.net\/index.php?rest_route=\/wp\/v2\/pages\/2412\/revisions"}],"predecessor-version":[{"id":2541,"href":"https:\/\/dpfc-ci.net\/index.php?rest_route=\/wp\/v2\/pages\/2412\/revisions\/2541"}],"wp:attachment":[{"href":"https:\/\/dpfc-ci.net\/index.php?rest_route=%2Fwp%2Fv2%2Fmedia&parent=2412"}],"curies":[{"name":"wp","href":"https:\/\/api.w.org\/{rel}","templated":true}]}}