{"id":120,"date":"2017-05-18T18:56:13","date_gmt":"2017-05-18T18:56:13","guid":{"rendered":"http:\/\/dpfc-ci.net\/?page_id=120"},"modified":"2022-09-09T21:38:44","modified_gmt":"2022-09-09T21:38:44","slug":"contact","status":"publish","type":"page","link":"https:\/\/dpfc-ci.net\/?page_id=120","title":{"rendered":"Contact"},"content":{"rendered":"<div id=\"pl-120\"  class=\"panel-layout\" ><div id=\"pg-120-0\"  class=\"panel-grid panel-no-style\" ><div id=\"pgc-120-0-0\"  class=\"panel-grid-cell\" ><div id=\"panel-120-0-0-0\" class=\"so-panel widget widget_sow-editor panel-first-child\" data-index=\"0\" ><div\n\t\t\t\n\t\t\tclass=\"so-widget-sow-editor so-widget-sow-editor-base\"\n\t\t\t\n\t\t>\n<div class=\"siteorigin-widget-tinymce textwidget\">\n\t<p style=\"text-align: center;\">SEBREKO, Abidjan-Plateau, C\u00f4te d'ivoire<\/p>\n<hr \/>\n<p style=\"text-align: center;\">T\u00e9l\u00e9phone\u00a0: <strong>(+225) 27 20 21 25 97<\/strong><br \/>\nFax : <strong>(+225) 27 20 22 52 70<\/strong><br \/>\nBo\u00eete Postale : <strong>BP V 150 Abidjan<\/strong><br \/>\nE-mail : <strong>info@dpfc-ci.net<\/strong><\/p>\n<\/div>\n<\/div><\/div><div id=\"panel-120-0-0-1\" class=\"so-panel widget widget_wpgmza_map_widget wpgmza_widget\" data-index=\"1\"><div id=\"wpgmza_map\" class=\"wpgmza_map\" data-settings='{\"id\":\"1\",\"map_title\":\"DPFC\",\"map_width\":\"100\",\"map_height\":\"400\",\"map_start_lat\":\"5.336869\",\"map_start_lng\":\"-4.028785\",\"map_start_location\":\"5.336868930830668,-4.0287849999999725\",\"map_start_zoom\":\"17\",\"default_marker\":\"0\",\"type\":\"3\",\"alignment\":\"2\",\"directions_enabled\":\"1\",\"styling_enabled\":\"0\",\"styling_json\":\"\",\"active\":\"0\",\"kml\":\"\",\"bicycle\":\"0\",\"traffic\":\"0\",\"dbox\":\"1\",\"dbox_width\":\"100\",\"listmarkers\":\"0\",\"listmarkers_advanced\":\"0\",\"filterbycat\":\"0\",\"ugm_enabled\":\"0\",\"ugm_category_enabled\":\"0\",\"fusion\":\"\",\"map_width_type\":\"\\\\%\",\"map_height_type\":\"px\",\"mass_marker_support\":\"1\",\"ugm_access\":\"0\",\"order_markers_by\":\"1\",\"order_markers_choice\":\"2\",\"show_user_location\":\"0\",\"default_to\":\"\",\"other_settings\":{\"store_locator_enabled\":2,\"store_locator_distance\":2,\"store_locator_default_radius\":\"10\",\"store_locator_not_found_message\":\"No results found in this location. Please try again.\",\"store_locator_bounce\":1,\"store_locator_query_string\":\"Code Postal \\\/ Adresse\",\"store_locator_default_address\":\"\",\"wpgmza_store_locator_restrict\":\"\",\"store_locator_style\":\"legacy\",\"wpgmza_store_locator_radius_style\":\"legacy\",\"map_max_zoom\":\"1\",\"transport_layer\":0,\"wpgmza_theme_data\":\"\",\"wpgmza_show_points_of_interest\":1,\"bicycle\":\"0\",\"traffic\":\"0\"}}' data-map-id='1' Data-maps-engine='google-maps' data-shortcode-attributes='{\"id\":\"1\"}' style=\"display:block; overflow:auto; width:100%; height:400px; float:left;\"><\/div><\/div><div id=\"panel-120-0-0-2\" class=\"so-panel widget widget_sow-contact-form panel-last-child\" data-index=\"2\" ><div\n\t\t\t\n\t\t\tclass=\"so-widget-sow-contact-form so-widget-sow-contact-form-default-1dceae4ce411-120\"\n\t\t\t\n\t\t><h3 class=\"widget-title\">Ecrivez-nous<\/h3>\t<form\n\t\taction=\"\/index.php?rest_route=%2Fwp%2Fv2%2Fpages%2F120\"\n\t\tmethod=\"POST\"\n\t\tclass=\"sow-contact-form\"\n\t\tid=\"contact-form-dbef\"\n\t>\n\n\t\t\n\t\t            <p><em>Les champs avec ast\u00e9rique * sont obligatoires<\/em><\/p>\n\t\t\t\t\t\t<div class=\"sow-form-field sow-form-field-name\">\n\t\t\t\t\t\t\t\t<div class=\"sow-field-container\">\n\t\t\t\t\t\t\t<input\n\t\t\ttype=\"text\"\n\t\t\tname=\"votre-nom-et-prenoms-1\"\n\t\t\tid=\"sow-contact-form-field-votre-nom-et-prenoms-1\"\n\t\t\tvalue=\"\"\n\t\t\tclass=\"sow-text-field\"\n\t\t\tplaceholder=\"Votre nom et pr\u00e9noms*\"\t\t\t\t\t\/>\n\t\t\t\t\t\t<\/div>\n\t\t\t\t\t\t\t<\/div>\n\t\t\t\t\t\t<div class=\"sow-form-field sow-form-field-email\">\n\t\t\t\t\t\t\t\t<div class=\"sow-field-container\">\n\t\t\t\t\t\t\t<input\n\t\t\ttype=\"email\"\n\t\t\tname=\"votre-e-mail-1\"\n\t\t\tid=\"sow-contact-form-field-votre-e-mail-1\"\n\t\t\tvalue=\"\"\n\t\t\tclass=\"sow-text-field\"placeholder=\"Votre E-mail*\"\t\t\t\t\t\t\t\t\/>\n\t\t\t\t\t\t<\/div>\n\t\t\t\t\t\t\t<\/div>\n\t\t\t\t\t\t<div class=\"sow-form-field sow-form-field-select\">\n\t\t\t\t\t\t\t\t<div class=\"sow-field-container\">\n\t\t\t\t\t\t\t<select\n\t\t\tname=\"votre-structure-dorigine-1\"\n\t\t\tid=\"sow-contact-form-field-votre-structure-dorigine-1\"\n\t\t\t\t\t\t\t\t>\n\t\t\t\t\t\t\t<option selected disabled>\n\t\t\t\t\tVotre structure d&#039;origine\t\t\t\t<\/option>\n\t\t\t\t\t\t\t\t\t<option\n\t\t\t\t\t\tvalue=\"\" selected='selected'>\n\t\t\t\t\t\t\t\t\t\t\t<\/option>\n\t\t\t\t\t\t\t\t\t<option\n\t\t\t\t\t\tvalue=\"Direction Centrale\">\n\t\t\t\t\t\tDirection Centrale\t\t\t\t\t<\/option>\n\t\t\t\t\t\t\t\t\t<option\n\t\t\t\t\t\tvalue=\"DREN Abengourou\">\n\t\t\t\t\t\tDREN Abengourou\t\t\t\t\t<\/option>\n\t\t\t\t\t\t\t\t\t<option\n\t\t\t\t\t\tvalue=\"DREN Abidjan 1\">\n\t\t\t\t\t\tDREN Abidjan 1\t\t\t\t\t<\/option>\n\t\t\t\t\t\t\t\t\t<option\n\t\t\t\t\t\tvalue=\"DREN Abidjan 2\">\n\t\t\t\t\t\tDREN Abidjan 2\t\t\t\t\t<\/option>\n\t\t\t\t\t\t\t\t\t<option\n\t\t\t\t\t\tvalue=\"DREN Abidjan 3\">\n\t\t\t\t\t\tDREN Abidjan 3\t\t\t\t\t<\/option>\n\t\t\t\t\t\t\t\t\t<option\n\t\t\t\t\t\tvalue=\"DREN Abidjan 4\">\n\t\t\t\t\t\tDREN Abidjan 4\t\t\t\t\t<\/option>\n\t\t\t\t\t\t\t\t\t<option\n\t\t\t\t\t\tvalue=\"DREN Aboisso\">\n\t\t\t\t\t\tDREN Aboisso\t\t\t\t\t<\/option>\n\t\t\t\t\t\t\t\t\t<option\n\t\t\t\t\t\tvalue=\"DREN Adzop\u00e9\">\n\t\t\t\t\t\tDREN Adzop\u00e9\t\t\t\t\t<\/option>\n\t\t\t\t\t\t\t\t\t<option\n\t\t\t\t\t\tvalue=\"DREN Agboville\">\n\t\t\t\t\t\tDREN Agboville\t\t\t\t\t<\/option>\n\t\t\t\t\t\t\t\t\t<option\n\t\t\t\t\t\tvalue=\"DREN Bondougou\">\n\t\t\t\t\t\tDREN Bondougou\t\t\t\t\t<\/option>\n\t\t\t\t\t\t\t\t\t<option\n\t\t\t\t\t\tvalue=\"DREN Bongouanou\">\n\t\t\t\t\t\tDREN Bongouanou\t\t\t\t\t<\/option>\n\t\t\t\t\t\t\t\t\t<option\n\t\t\t\t\t\tvalue=\"DREN Bouafl\u00e9\">\n\t\t\t\t\t\tDREN Bouafl\u00e9\t\t\t\t\t<\/option>\n\t\t\t\t\t\t\t\t\t<option\n\t\t\t\t\t\tvalue=\"DREN Bouak\u00e9 1\">\n\t\t\t\t\t\tDREN Bouak\u00e9 1\t\t\t\t\t<\/option>\n\t\t\t\t\t\t\t\t\t<option\n\t\t\t\t\t\tvalue=\"DREN Bouak\u00e9 2\">\n\t\t\t\t\t\tDREN Bouak\u00e9 2\t\t\t\t\t<\/option>\n\t\t\t\t\t\t\t\t\t<option\n\t\t\t\t\t\tvalue=\"DREN Bouna\">\n\t\t\t\t\t\tDREN Bouna\t\t\t\t\t<\/option>\n\t\t\t\t\t\t\t\t\t<option\n\t\t\t\t\t\tvalue=\"DREN Boundiali\">\n\t\t\t\t\t\tDREN Boundiali\t\t\t\t\t<\/option>\n\t\t\t\t\t\t\t\t\t<option\n\t\t\t\t\t\tvalue=\"DREN Dabou\">\n\t\t\t\t\t\tDREN Dabou\t\t\t\t\t<\/option>\n\t\t\t\t\t\t\t\t\t<option\n\t\t\t\t\t\tvalue=\"DREN Daloa\">\n\t\t\t\t\t\tDREN Daloa\t\t\t\t\t<\/option>\n\t\t\t\t\t\t\t\t\t<option\n\t\t\t\t\t\tvalue=\"DREN Daoukro\">\n\t\t\t\t\t\tDREN Daoukro\t\t\t\t\t<\/option>\n\t\t\t\t\t\t\t\t\t<option\n\t\t\t\t\t\tvalue=\"DREN Dimbokro\">\n\t\t\t\t\t\tDREN Dimbokro\t\t\t\t\t<\/option>\n\t\t\t\t\t\t\t\t\t<option\n\t\t\t\t\t\tvalue=\"DREN Divo\">\n\t\t\t\t\t\tDREN Divo\t\t\t\t\t<\/option>\n\t\t\t\t\t\t\t\t\t<option\n\t\t\t\t\t\tvalue=\"DREN Duekou\u00e9\">\n\t\t\t\t\t\tDREN Duekou\u00e9\t\t\t\t\t<\/option>\n\t\t\t\t\t\t\t\t\t<option\n\t\t\t\t\t\tvalue=\"DREN Ferkessedougou\">\n\t\t\t\t\t\tDREN Ferkessedougou\t\t\t\t\t<\/option>\n\t\t\t\t\t\t\t\t\t<option\n\t\t\t\t\t\tvalue=\"DREN Gagnoa\">\n\t\t\t\t\t\tDREN Gagnoa\t\t\t\t\t<\/option>\n\t\t\t\t\t\t\t\t\t<option\n\t\t\t\t\t\tvalue=\"DREN Guiglo\">\n\t\t\t\t\t\tDREN Guiglo\t\t\t\t\t<\/option>\n\t\t\t\t\t\t\t\t\t<option\n\t\t\t\t\t\tvalue=\"DREN Katiola\">\n\t\t\t\t\t\tDREN Katiola\t\t\t\t\t<\/option>\n\t\t\t\t\t\t\t\t\t<option\n\t\t\t\t\t\tvalue=\"DREN Korhogo\">\n\t\t\t\t\t\tDREN Korhogo\t\t\t\t\t<\/option>\n\t\t\t\t\t\t\t\t\t<option\n\t\t\t\t\t\tvalue=\"DREN Man\">\n\t\t\t\t\t\tDREN Man\t\t\t\t\t<\/option>\n\t\t\t\t\t\t\t\t\t<option\n\t\t\t\t\t\tvalue=\"DREN Mankono\">\n\t\t\t\t\t\tDREN Mankono\t\t\t\t\t<\/option>\n\t\t\t\t\t\t\t\t\t<option\n\t\t\t\t\t\tvalue=\"DREN Minignan\">\n\t\t\t\t\t\tDREN Minignan\t\t\t\t\t<\/option>\n\t\t\t\t\t\t\t\t\t<option\n\t\t\t\t\t\tvalue=\"DREN Odienn\u00e9\">\n\t\t\t\t\t\tDREN Odienn\u00e9\t\t\t\t\t<\/option>\n\t\t\t\t\t\t\t\t\t<option\n\t\t\t\t\t\tvalue=\"DREN San-Pedro\">\n\t\t\t\t\t\tDREN San-Pedro\t\t\t\t\t<\/option>\n\t\t\t\t\t\t\t\t\t<option\n\t\t\t\t\t\tvalue=\"DREN Sassandra\">\n\t\t\t\t\t\tDREN Sassandra\t\t\t\t\t<\/option>\n\t\t\t\t\t\t\t\t\t<option\n\t\t\t\t\t\tvalue=\"DREN S\u00e9gu\u00e9la\">\n\t\t\t\t\t\tDREN S\u00e9gu\u00e9la\t\t\t\t\t<\/option>\n\t\t\t\t\t\t\t\t\t<option\n\t\t\t\t\t\tvalue=\"DREN Soubr\u00e9\">\n\t\t\t\t\t\tDREN Soubr\u00e9\t\t\t\t\t<\/option>\n\t\t\t\t\t\t\t\t\t<option\n\t\t\t\t\t\tvalue=\"DREN Touba\">\n\t\t\t\t\t\tDREN Touba\t\t\t\t\t<\/option>\n\t\t\t\t\t\t\t\t\t<option\n\t\t\t\t\t\tvalue=\"DREN Yamoussoukro\">\n\t\t\t\t\t\tDREN Yamoussoukro\t\t\t\t\t<\/option>\n\t\t\t\t\t\t<\/select>\n\t\t\t\t\t\t<\/div>\n\t\t\t\t\t\t\t<\/div>\n\t\t\t\t\t\t<div class=\"sow-form-field sow-form-field-text\">\n\t\t\t\t\t\t\t\t<div class=\"sow-field-container\">\n\t\t\t\t\t\t\t<input\n\t\t\ttype=\"text\"\n\t\t\tname=\"votre-fonction-dans-le-systeme-educatif-1\"\n\t\t\tid=\"sow-contact-form-field-votre-fonction-dans-le-systeme-educatif-1\"\n\t\t\tvalue=\"\"\n\t\t\tclass=\"sow-text-field\"placeholder=\"Votre fonction dans le syst\u00e8me \u00e9ducatif\"\t\t\t\t\t\t\t\t\/>\n\t\t\t\t\t\t<\/div>\n\t\t\t\t\t\t\t<\/div>\n\t\t\t\t\t\t<div class=\"sow-form-field sow-form-field-textarea\">\n\t\t\t\t\t\t\t\t<div class=\"sow-field-container\">\n\t\t\t\t\t\t\t<textarea\n\t\t\tname=\"votre-message-1\"\n\t\t\tid=\"sow-contact-form-field-votre-message-1\"\n\t\t\trows=\"10\"\n\t\t\tplaceholder=\"Votre message*\"\t\t\t\t\t><\/textarea>\n\t\t\t\t\t\t<\/div>\n\t\t\t\t\t\t\t<\/div>\n\t\t\t\n\t\t\n\t\t<div class=\"sow-submit-wrapper \n\t\tsow-submit-styled\t\t\">\n\n\t\t\t<button\n\t\t\t\ttype=\"submit\"\n\t\t\t\tclass=\"sow-submit\n\t\t\t\t\t\t\t\t\"\n\t\t\t\t\t\t\t>\n\t\t\t\tContactez-nous\t\t\t<\/button>\n\t\t<\/div>\n\t\t\t\t<input\n\t\t\ttype=\"hidden\"\n\t\t\tname=\"instance_hash-1\"\n\t\t\tvalue=\"dbef5ebc\"\n\t\t\/>\n\n\t\t<input type=\"hidden\" id=\"_wpnonce\" name=\"_wpnonce\" value=\"83fa97efb7\" \/><input type=\"hidden\" name=\"_wp_http_referer\" value=\"\/index.php?rest_route=%2Fwp%2Fv2%2Fpages%2F120\" \/>\t<\/form>\n\t<\/div><\/div><\/div><\/div><\/div>","protected":false},"excerpt":{"rendered":"<p>SEBREKO, Abidjan-Plateau, C\u00f4te d&rsquo;ivoire T\u00e9l\u00e9phone\u00a0: (+225) 27 20 21 25 97 Fax : (+225) 27 20 22 52 70 Bo\u00eete Postale : BP V 150 Abidjan E-mail : info@dpfc-ci.net<\/p>\n","protected":false},"author":1,"featured_media":0,"parent":0,"menu_order":0,"comment_status":"closed","ping_status":"closed","template":"","meta":{"footnotes":""},"class_list":["post-120","page","type-page","status-publish","hentry"],"_links":{"self":[{"href":"https:\/\/dpfc-ci.net\/index.php?rest_route=\/wp\/v2\/pages\/120","targetHints":{"allow":["GET"]}}],"collection":[{"href":"https:\/\/dpfc-ci.net\/index.php?rest_route=\/wp\/v2\/pages"}],"about":[{"href":"https:\/\/dpfc-ci.net\/index.php?rest_route=\/wp\/v2\/types\/page"}],"author":[{"embeddable":true,"href":"https:\/\/dpfc-ci.net\/index.php?rest_route=\/wp\/v2\/users\/1"}],"replies":[{"embeddable":true,"href":"https:\/\/dpfc-ci.net\/index.php?rest_route=%2Fwp%2Fv2%2Fcomments&post=120"}],"version-history":[{"count":40,"href":"https:\/\/dpfc-ci.net\/index.php?rest_route=\/wp\/v2\/pages\/120\/revisions"}],"predecessor-version":[{"id":315,"href":"https:\/\/dpfc-ci.net\/index.php?rest_route=\/wp\/v2\/pages\/120\/revisions\/315"}],"wp:attachment":[{"href":"https:\/\/dpfc-ci.net\/index.php?rest_route=%2Fwp%2Fv2%2Fmedia&parent=120"}],"curies":[{"name":"wp","href":"https:\/\/api.w.org\/{rel}","templated":true}]}}