{"id":103,"date":"2017-05-18T18:48:15","date_gmt":"2017-05-18T18:48:15","guid":{"rendered":"http:\/\/dpfc-ci.net\/?page_id=103"},"modified":"2018-12-03T13:56:12","modified_gmt":"2018-12-03T13:56:12","slug":"services-rattaches","status":"publish","type":"page","link":"https:\/\/dpfc-ci.net\/?page_id=103","title":{"rendered":"Services Rattach\u00e9s"},"content":{"rendered":"<div id=\"pl-103\"  class=\"panel-layout\" ><div id=\"pg-103-0\"  class=\"panel-grid panel-no-style\" ><div id=\"pgc-103-0-0\"  class=\"panel-grid-cell\" ><div id=\"panel-103-0-0-0\" class=\"so-panel widget widget_sow-editor panel-first-child panel-last-child\" data-index=\"0\" ><div\n\t\t\t\n\t\t\tclass=\"so-widget-sow-editor so-widget-sow-editor-base\"\n\t\t\t\n\t\t>\n<div class=\"siteorigin-widget-tinymce textwidget\">\n\t<ul style=\"list-style-type: circle;\">\n<li><a href=\"https:\/\/dpfc-ci.net\/?page_id=111\">Centre National de Mat\u00e9riels Scientifiques (CNMS)<\/a> ;<\/li>\n<li><a href=\"https:\/\/dpfc-ci.net\/?page_id=109\">Centre National des Ressources P\u00e9dagogiques Num\u00e9riques (CNRPN)<\/a> ;<\/li>\n<li><a href=\"https:\/\/dpfc-ci.net\/?page_id=107\">Centre National de Formation et Production de Mat\u00e9riels Didactiques (CNFPMD)<\/a>\u00a0.<\/li>\n<\/ul>\n<\/div>\n<\/div><\/div><\/div><\/div><\/div>","protected":false},"excerpt":{"rendered":"<p>Centre National de Mat\u00e9riels Scientifiques (CNMS) ; Centre National des Ressources P\u00e9dagogiques Num\u00e9riques (CNRPN) ; Centre National de Formation et Production de Mat\u00e9riels Didactiques (CNFPMD)\u00a0.<\/p>\n","protected":false},"author":1,"featured_media":0,"parent":99,"menu_order":1,"comment_status":"closed","ping_status":"closed","template":"","meta":{"footnotes":""},"class_list":["post-103","page","type-page","status-publish","hentry"],"_links":{"self":[{"href":"https:\/\/dpfc-ci.net\/index.php?rest_route=\/wp\/v2\/pages\/103","targetHints":{"allow":["GET"]}}],"collection":[{"href":"https:\/\/dpfc-ci.net\/index.php?rest_route=\/wp\/v2\/pages"}],"about":[{"href":"https:\/\/dpfc-ci.net\/index.php?rest_route=\/wp\/v2\/types\/page"}],"author":[{"embeddable":true,"href":"https:\/\/dpfc-ci.net\/index.php?rest_route=\/wp\/v2\/users\/1"}],"replies":[{"embeddable":true,"href":"https:\/\/dpfc-ci.net\/index.php?rest_route=%2Fwp%2Fv2%2Fcomments&post=103"}],"version-history":[{"count":27,"href":"https:\/\/dpfc-ci.net\/index.php?rest_route=\/wp\/v2\/pages\/103\/revisions"}],"predecessor-version":[{"id":2193,"href":"https:\/\/dpfc-ci.net\/index.php?rest_route=\/wp\/v2\/pages\/103\/revisions\/2193"}],"up":[{"embeddable":true,"href":"https:\/\/dpfc-ci.net\/index.php?rest_route=\/wp\/v2\/pages\/99"}],"wp:attachment":[{"href":"https:\/\/dpfc-ci.net\/index.php?rest_route=%2Fwp%2Fv2%2Fmedia&parent=103"}],"curies":[{"name":"wp","href":"https:\/\/api.w.org\/{rel}","templated":true}]}}